{"id":16160,"date":"2018-07-30T17:53:37","date_gmt":"2018-07-30T17:53:37","guid":{"rendered":"https:\/\/www.bio-key.com\/fabricacion\/"},"modified":"2025-12-04T07:49:29","modified_gmt":"2025-12-04T07:49:29","slug":"manufactura","status":"publish","type":"page","link":"https:\/\/www.bio-key.com\/es\/manufactura\/","title":{"rendered":"Refuerza la seguridad de tu fabricaci\u00f3n con soluciones IAM avanzadas"},"content":{"rendered":"\n<p>Con los grandes cambios que se est\u00e1n produciendo, como el r\u00e1pido crecimiento de la computaci\u00f3n en nube y la automatizaci\u00f3n, los CISO y los Directores de TI necesitan crear una infraestructura segura. A medida que las empresas se pasan a la nube, se enfrentan a nuevos riesgos y deben actualizar las medidas de seguridad para proteger los datos sensibles de accesos no autorizados. <\/p>\n\n\n\n<p>Aunque la automatizaci\u00f3n mejora la eficacia, tambi\u00e9n complica la seguridad. Los CISO y los directores de TI deben adoptar pr\u00e1cticas s\u00f3lidas, como la detecci\u00f3n avanzada de amenazas y la supervisi\u00f3n continua, para proteger los procesos automatizados. Adem\u00e1s, con m\u00e1s empleados trabajando a distancia, garantizar un acceso seguro es crucial. Soluciones como la autenticaci\u00f3n multifactor y la arquitectura de confianza cero ayudan a verificar las identidades de los usuarios y a gestionar el acceso en funci\u00f3n de los riesgos actuales.   <\/p>\n\n\n\n<h3 class=\"wp-block-heading has-text-align-center\">Casos de \u00e9xito de clientes<\/h3>\n\n\n\n<div class=\"wp-block-columns are-vertically-aligned-center is-layout-flex wp-container-core-columns-is-layout-9d6595d7 wp-block-columns-is-layout-flex\">\n<div class=\"wp-block-column is-vertically-aligned-center is-layout-flow wp-block-column-is-layout-flow\"><div class=\"wp-block-image gray-to-color\">\n<figure class=\"aligncenter size-medium\"><a href=\"https:\/\/info.bio-key.com\/hubfs\/Krumland%20Auto%20Group%20Case%20Study.pdf\" target=\"_blank\" rel=\"noreferrer noopener\"><img loading=\"lazy\" decoding=\"async\" width=\"300\" height=\"181\" src=\"https:\/\/www.bio-key.com\/wp-content\/uploads\/2024\/09\/Krumland-Auto-Group-logo-300x181.png\" alt=\"\" class=\"wp-image-18928\" srcset=\"https:\/\/www.bio-key.com\/wp-content\/uploads\/2024\/09\/Krumland-Auto-Group-logo-300x181.png 300w, https:\/\/www.bio-key.com\/wp-content\/uploads\/2024\/09\/Krumland-Auto-Group-logo.png 540w\" sizes=\"auto, (max-width: 300px) 100vw, 300px\" \/><\/a><\/figure>\n<\/div><\/div>\n\n\n\n<div class=\"wp-block-column is-vertically-aligned-center is-layout-flow wp-block-column-is-layout-flow\"><div class=\"wp-block-image gray-to-color\">\n<figure class=\"aligncenter size-medium is-resized\"><a href=\"https:\/\/www.biometricupdate.com\/202008\/bio-key-biometric-authentication-streamlines-medical-device-companys-training-platform\" target=\"_blank\" rel=\"noreferrer noopener\"><img loading=\"lazy\" decoding=\"async\" width=\"300\" height=\"79\" src=\"https:\/\/www.bio-key.com\/wp-content\/uploads\/2024\/09\/ICU-medical-logo-300x79.png\" alt=\"\" class=\"wp-image-19057\" style=\"aspect-ratio:4;object-fit:cover;width:auto;height:60px\" srcset=\"https:\/\/www.bio-key.com\/wp-content\/uploads\/2024\/09\/ICU-medical-logo-300x79.png 300w, https:\/\/www.bio-key.com\/wp-content\/uploads\/2024\/09\/ICU-medical-logo.png 480w\" sizes=\"auto, (max-width: 300px) 100vw, 300px\" \/><\/a><\/figure>\n<\/div><\/div>\n<\/div>\n\n\n\n<hr class=\"wp-block-separator has-alpha-channel-opacity\">\n\n\n\n<div class=\"wp-block-columns are-vertically-aligned-center is-not-stacked-on-mobile is-layout-flex wp-container-core-columns-is-layout-9d6595d7 wp-block-columns-is-layout-flex\">\n<div class=\"wp-block-column is-vertically-aligned-center is-layout-flow wp-block-column-is-layout-flow\"><div class=\"wp-block-image\">\n<figure class=\"aligncenter size-medium\"><img loading=\"lazy\" decoding=\"async\" width=\"300\" height=\"300\" src=\"https:\/\/www.bio-key.com\/wp-content\/uploads\/2025\/12\/G2-High-Performer-Winter-26-300x300.png\" alt=\"\" class=\"wp-image-21614\" style=\"aspect-ratio:1;object-fit:contain\" srcset=\"https:\/\/www.bio-key.com\/wp-content\/uploads\/2025\/12\/G2-High-Performer-Winter-26-300x300.png 300w, https:\/\/www.bio-key.com\/wp-content\/uploads\/2025\/12\/G2-High-Performer-Winter-26-150x150.png 150w, https:\/\/www.bio-key.com\/wp-content\/uploads\/2025\/12\/G2-High-Performer-Winter-26.png 500w\" sizes=\"auto, (max-width: 300px) 100vw, 300px\" \/><\/figure>\n<\/div><\/div>\n\n\n\n<div class=\"wp-block-column is-vertically-aligned-center is-layout-flow wp-block-column-is-layout-flow\"><div class=\"wp-block-image\">\n<figure class=\"aligncenter size-medium\"><img loading=\"lazy\" decoding=\"async\" width=\"300\" height=\"300\" src=\"https:\/\/www.bio-key.com\/wp-content\/uploads\/2025\/12\/G2-Best-Meets-Requirements-Enterprise-Winter-26-300x300.png\" alt=\"\" class=\"wp-image-21606\" style=\"aspect-ratio:1;object-fit:contain\" srcset=\"https:\/\/www.bio-key.com\/wp-content\/uploads\/2025\/12\/G2-Best-Meets-Requirements-Enterprise-Winter-26-300x300.png 300w, https:\/\/www.bio-key.com\/wp-content\/uploads\/2025\/12\/G2-Best-Meets-Requirements-Enterprise-Winter-26-150x150.png 150w, https:\/\/www.bio-key.com\/wp-content\/uploads\/2025\/12\/G2-Best-Meets-Requirements-Enterprise-Winter-26.png 500w\" sizes=\"auto, (max-width: 300px) 100vw, 300px\" \/><\/figure>\n<\/div><\/div>\n\n\n\n<div class=\"wp-block-column is-vertically-aligned-center is-layout-flow wp-block-column-is-layout-flow\"><div class=\"wp-block-image\">\n<figure class=\"aligncenter size-medium\"><img loading=\"lazy\" decoding=\"async\" width=\"300\" height=\"300\" src=\"https:\/\/www.bio-key.com\/wp-content\/uploads\/2025\/12\/G2-Best-Estimated-ROI-Enterprise-Winter-26-300x300.png\" alt=\"\" class=\"wp-image-21618\" style=\"aspect-ratio:1;object-fit:contain\" srcset=\"https:\/\/www.bio-key.com\/wp-content\/uploads\/2025\/12\/G2-Best-Estimated-ROI-Enterprise-Winter-26-300x300.png 300w, https:\/\/www.bio-key.com\/wp-content\/uploads\/2025\/12\/G2-Best-Estimated-ROI-Enterprise-Winter-26-150x150.png 150w, https:\/\/www.bio-key.com\/wp-content\/uploads\/2025\/12\/G2-Best-Estimated-ROI-Enterprise-Winter-26.png 500w\" sizes=\"auto, (max-width: 300px) 100vw, 300px\" \/><\/figure>\n<\/div><\/div>\n\n\n\n<div class=\"wp-block-column is-vertically-aligned-center is-layout-flow wp-block-column-is-layout-flow\"><div class=\"wp-block-image\">\n<figure class=\"aligncenter size-full\"><img loading=\"lazy\" decoding=\"async\" width=\"500\" height=\"500\" src=\"https:\/\/www.bio-key.com\/wp-content\/uploads\/2025\/12\/G2-Easiest-To-Do-Business-With-Winter-26.png\" alt=\"\" class=\"wp-image-21610\" style=\"aspect-ratio:1;object-fit:contain\" srcset=\"https:\/\/www.bio-key.com\/wp-content\/uploads\/2025\/12\/G2-Easiest-To-Do-Business-With-Winter-26.png 500w, https:\/\/www.bio-key.com\/wp-content\/uploads\/2025\/12\/G2-Easiest-To-Do-Business-With-Winter-26-300x300.png 300w, https:\/\/www.bio-key.com\/wp-content\/uploads\/2025\/12\/G2-Easiest-To-Do-Business-With-Winter-26-150x150.png 150w\" sizes=\"auto, (max-width: 500px) 100vw, 500px\" \/><\/figure>\n<\/div><\/div>\n\n\n\n<div class=\"wp-block-column is-vertically-aligned-center is-layout-flow wp-block-column-is-layout-flow\"><div class=\"wp-block-image\">\n<figure class=\"aligncenter size-full\"><img loading=\"lazy\" decoding=\"async\" width=\"500\" height=\"500\" src=\"https:\/\/www.bio-key.com\/wp-content\/uploads\/2025\/12\/G2-Highest-User-Adoption-Winter-26.png\" alt=\"\" class=\"wp-image-21608\" style=\"aspect-ratio:1;object-fit:contain\" srcset=\"https:\/\/www.bio-key.com\/wp-content\/uploads\/2025\/12\/G2-Highest-User-Adoption-Winter-26.png 500w, https:\/\/www.bio-key.com\/wp-content\/uploads\/2025\/12\/G2-Highest-User-Adoption-Winter-26-300x300.png 300w, https:\/\/www.bio-key.com\/wp-content\/uploads\/2025\/12\/G2-Highest-User-Adoption-Winter-26-150x150.png 150w\" sizes=\"auto, (max-width: 500px) 100vw, 500px\" \/><\/figure>\n<\/div><\/div>\n<\/div>\n\n\n\n<hr class=\"wp-block-separator has-text-color has-t-3-shark-color has-css-opacity has-t-3-shark-background-color has-background is-style-wide\">\n\n\n\n<h3 class=\"wp-block-heading has-shark-color has-text-color has-link-color wp-elements-7db2027b9e10c18c5b14bf97cc90d423\">Los cambios r\u00e1pidos y los nuevos modelos operativos pueden introducir riesgos r\u00e1pidamente y poner en entredicho sus planteamientos tradicionales y la ciberseguridad de las OT.<\/h3>\n\n\n\n<p><\/p>\n\n\n\n<div class=\"wp-block-columns is-layout-flex wp-container-core-columns-is-layout-9d6595d7 wp-block-columns-is-layout-flex\">\n<div class=\"wp-block-column is-layout-flow wp-block-column-is-layout-flow\" style=\"flex-basis:33.33%\">\n<figure class=\"wp-block-image size-large is-style-rounded\"><img loading=\"lazy\" decoding=\"async\" width=\"8000\" height=\"5332\" src=\"https:\/\/www.bio-key.com\/wp-content\/uploads\/2020\/10\/science-in-hd-Kph2ikRHpfA-unsplash-1.jpg\" alt=\"\" class=\"wp-image-12821\"><\/figure>\n<\/div>\n\n\n\n<div class=\"wp-block-column is-layout-flow wp-block-column-is-layout-flow\" style=\"flex-basis:66.66%\">\n<h3 class=\"wp-block-heading\">Acceso a la tecnolog\u00eda operativa<\/h3>\n\n\n\n<p>A medida que los dispositivos de Tecnolog\u00eda Operativa (OT) se conectan a las redes de TI para lograr una mayor eficacia, aumentan los riesgos de ciberataque. Esto requiere adaptar los enfoques de seguridad est\u00e1ndar, haciendo hincapi\u00e9 en la necesidad de flexibilidad y personalizaci\u00f3n en la gesti\u00f3n de estos dispositivos y su acceso. <\/p>\n<\/div>\n<\/div>\n\n\n\n<div class=\"wp-block-columns is-layout-flex wp-container-core-columns-is-layout-9d6595d7 wp-block-columns-is-layout-flex\">\n<div class=\"wp-block-column is-layout-flow wp-block-column-is-layout-flow\" style=\"flex-basis:66.66%\">\n<h3 class=\"wp-block-heading\">La velocidad reduce la seguridad<\/h3>\n\n\n\n<p>Las organizaciones manufactureras han tenido que replantearse r\u00e1pidamente sus cadenas de suministro y operaciones debido a la pandemia de COVID-19. Sin embargo, esta prisa puede debilitar la ciberseguridad. Si los cambios se realizan con demasiada rapidez, la infraestructura puede seguir siendo vulnerable. Una estrategia IAM eficaz es esencial para seguir el ritmo de estos cambios.   <\/p>\n<\/div>\n\n\n\n<div class=\"wp-block-column is-layout-flow wp-block-column-is-layout-flow\" style=\"flex-basis:33.33%\">\n<figure class=\"wp-block-image size-large is-style-rounded\"><img loading=\"lazy\" decoding=\"async\" width=\"1024\" height=\"683\" src=\"https:\/\/www.bio-key.com\/wp-content\/uploads\/2020\/10\/clayton-cardinalli-v457LSvrvuI-unsplash-1024x683.jpg\" alt=\"\" class=\"wp-image-12824\" srcset=\"https:\/\/www.bio-key.com\/wp-content\/uploads\/2020\/10\/clayton-cardinalli-v457LSvrvuI-unsplash-1024x683.jpg 1024w, https:\/\/www.bio-key.com\/wp-content\/uploads\/2020\/10\/clayton-cardinalli-v457LSvrvuI-unsplash-300x200.jpg 300w, https:\/\/www.bio-key.com\/wp-content\/uploads\/2020\/10\/clayton-cardinalli-v457LSvrvuI-unsplash-768x512.jpg 768w, https:\/\/www.bio-key.com\/wp-content\/uploads\/2020\/10\/clayton-cardinalli-v457LSvrvuI-unsplash-1536x1024.jpg 1536w, https:\/\/www.bio-key.com\/wp-content\/uploads\/2020\/10\/clayton-cardinalli-v457LSvrvuI-unsplash-2048x1365.jpg 2048w, https:\/\/www.bio-key.com\/wp-content\/uploads\/2020\/10\/clayton-cardinalli-v457LSvrvuI-unsplash-600x400.jpg 600w\" sizes=\"auto, (max-width: 1024px) 100vw, 1024px\" \/><\/figure>\n<\/div>\n<\/div>\n\n\n\n<div class=\"wp-block-columns is-layout-flex wp-container-core-columns-is-layout-9d6595d7 wp-block-columns-is-layout-flex\">\n<div class=\"wp-block-column is-layout-flow wp-block-column-is-layout-flow\" style=\"flex-basis:33.33%\">\n<figure class=\"wp-block-image size-large is-style-rounded\"><img loading=\"lazy\" decoding=\"async\" width=\"1024\" height=\"683\" src=\"https:\/\/www.bio-key.com\/wp-content\/uploads\/2020\/11\/thisisengineering-raeng-ZPeXrWxOjRQ-unsplash-1024x683.jpg\" alt=\"\" class=\"wp-image-12871\" srcset=\"https:\/\/www.bio-key.com\/wp-content\/uploads\/2020\/11\/thisisengineering-raeng-ZPeXrWxOjRQ-unsplash-1024x683.jpg 1024w, https:\/\/www.bio-key.com\/wp-content\/uploads\/2020\/11\/thisisengineering-raeng-ZPeXrWxOjRQ-unsplash-300x200.jpg 300w, https:\/\/www.bio-key.com\/wp-content\/uploads\/2020\/11\/thisisengineering-raeng-ZPeXrWxOjRQ-unsplash-768x512.jpg 768w, https:\/\/www.bio-key.com\/wp-content\/uploads\/2020\/11\/thisisengineering-raeng-ZPeXrWxOjRQ-unsplash-1536x1025.jpg 1536w\" sizes=\"auto, (max-width: 1024px) 100vw, 1024px\" \/><\/figure>\n<\/div>\n\n\n\n<div class=\"wp-block-column is-layout-flow wp-block-column-is-layout-flow\" style=\"flex-basis:66.66%\">\n<h3 class=\"wp-block-heading\">Protecci\u00f3n de grandes vol\u00famenes de datos<\/h3>\n\n\n\n<p>La industria manufacturera est\u00e1 cada vez m\u00e1s en el punto de mira de los ciberataques, a menudo porque las organizaciones subestiman su riesgo, pensando que carecen de datos significativos sobre los consumidores. Sin embargo, a medida que la industria se conecta m\u00e1s, hay m\u00e1s datos que proteger y requisitos de cumplimiento que cumplir. Por ejemplo, los coches conectados generan grandes cantidades de datos que deben gestionarse y protegerse con una ciberseguridad OT robusta.  <\/p>\n<\/div>\n<\/div>\n\n\n\n<hr class=\"wp-block-separator has-alpha-channel-opacity\">\n\n\n\n<h3 class=\"wp-block-heading\">Recomendaciones de productos<\/h3>\n\n\n\n<div class=\"wp-block-columns is-layout-flex wp-container-core-columns-is-layout-9d6595d7 wp-block-columns-is-layout-flex\">\n<div class=\"wp-block-column is-layout-flow wp-block-column-is-layout-flow\"><div class=\"wp-block-image is-style-default\">\n<figure class=\"aligncenter size-large is-resized\"><img decoding=\"async\" src=\"https:\/\/www.bio-key.com\/wp-content\/uploads\/2020\/10\/double-tap.svg\" alt=\"\" class=\"wp-image-12168\" style=\"width:auto;height:40px\"><\/figure>\n<\/div>\n\n\n<div style=\"height:30px\" aria-hidden=\"true\" class=\"wp-block-spacer\"><\/div>\n\n\n\n<p class=\"has-text-align-center\"><strong><a href=\"https:\/\/www.bio-key.com\/multi-factor-authentication\/\" target=\"_blank\" rel=\"noopener\" title=\"Autenticaci\u00f3n Multifactor (MFA) \">Autenticaci\u00f3n Multifactor (MFA) <\/a><\/strong><\/p>\n\n\n\n<p>Integrado con opciones biom\u00e9tricas, identifica positivamente a todos los que intervienen en el proceso.<\/p>\n<\/div>\n\n\n\n<div class=\"wp-block-column is-layout-flow wp-block-column-is-layout-flow\"><div class=\"wp-block-image is-style-default\">\n<figure class=\"aligncenter size-large is-resized\"><img decoding=\"async\" src=\"https:\/\/www.bio-key.com\/wp-content\/uploads\/2020\/10\/password.svg\" alt=\"\" class=\"wp-image-12163\" style=\"width:auto;height:40px\"><\/figure>\n<\/div>\n\n\n<div style=\"height:30px\" aria-hidden=\"true\" class=\"wp-block-spacer\"><\/div>\n\n\n\n<p class=\"has-text-align-center\"><strong><a href=\"https:\/\/www.bio-key.com\/self-service-password-reset\/\" target=\"_blank\" rel=\"noopener\" title=\"Restablecimiento de contrase\u00f1a autoservicio\">Restablecimiento de contrase\u00f1a autoservicio<\/a><\/strong><\/p>\n\n\n\n<p>Las opciones de restablecimiento y recuperaci\u00f3n de autoservicio reducen las llamadas al servicio de asistencia.<\/p>\n<\/div>\n\n\n\n<div class=\"wp-block-column is-layout-flow wp-block-column-is-layout-flow\"><div class=\"wp-block-image is-style-default\">\n<figure class=\"aligncenter size-large is-resized\"><img decoding=\"async\" src=\"https:\/\/www.bio-key.com\/wp-content\/uploads\/2020\/10\/mobile-contact.svg\" alt=\"\" class=\"wp-image-12161\" style=\"width:auto;height:40px\"><\/figure>\n<\/div>\n\n\n<div style=\"height:30px\" aria-hidden=\"true\" class=\"wp-block-spacer\"><\/div>\n\n\n\n<p class=\"has-text-align-center\"><strong><a href=\"https:\/\/www.bio-key.com\/single-sign-on\/\" target=\"_blank\" rel=\"noopener\" title=\"Inicio de sesi\u00f3n \u00fanico\">Inicio de sesi\u00f3n \u00fanico<\/a><\/strong><\/p>\n\n\n\n<p>Accede a varias aplicaciones con un \u00fanico conjunto de credenciales para agilizar los flujos de trabajo.<\/p>\n<\/div>\n<\/div>\n\n\n\n<p><\/p>\n","protected":false},"excerpt":{"rendered":"<p>Con los grandes cambios que se est\u00e1n produciendo, como el r\u00e1pido crecimiento de la computaci\u00f3n en nube y la automatizaci\u00f3n, los CISO y los Directores de TI necesitan crear una infraestructura segura. A medida que las empresas se pasan a la nube, se enfrentan a nuevos riesgos y deben actualizar las medidas de seguridad para [&hellip;]<\/p>\n","protected":false},"author":14,"featured_media":15703,"parent":0,"menu_order":0,"comment_status":"closed","ping_status":"closed","template":"tpl-industry.php","meta":{"_acf_changed":false,"content-type":"","inline_featured_image":false,"footnotes":""},"class_list":["post-16160","page","type-page","status-publish","has-post-thumbnail","hentry"],"acf":[],"aioseo_notices":[],"featured_image_src":"https:\/\/www.bio-key.com\/wp-content\/uploads\/2020\/10\/sam-moqadam-bN_aaTKfwM0-unsplash-scaled-e1604091437318.jpg?wsr","_links":{"self":[{"href":"https:\/\/www.bio-key.com\/es\/wp-json\/wp\/v2\/pages\/16160","targetHints":{"allow":["GET"]}}],"collection":[{"href":"https:\/\/www.bio-key.com\/es\/wp-json\/wp\/v2\/pages"}],"about":[{"href":"https:\/\/www.bio-key.com\/es\/wp-json\/wp\/v2\/types\/page"}],"author":[{"embeddable":true,"href":"https:\/\/www.bio-key.com\/es\/wp-json\/wp\/v2\/users\/14"}],"replies":[{"embeddable":true,"href":"https:\/\/www.bio-key.com\/es\/wp-json\/wp\/v2\/comments?post=16160"}],"version-history":[{"count":0,"href":"https:\/\/www.bio-key.com\/es\/wp-json\/wp\/v2\/pages\/16160\/revisions"}],"wp:featuredmedia":[{"embeddable":true,"href":"https:\/\/www.bio-key.com\/es\/wp-json\/wp\/v2\/media\/15703"}],"wp:attachment":[{"href":"https:\/\/www.bio-key.com\/es\/wp-json\/wp\/v2\/media?parent=16160"}],"curies":[{"name":"wp","href":"https:\/\/api.w.org\/{rel}","templated":true}]}}