{"id":16162,"date":"2018-08-07T14:45:42","date_gmt":"2018-08-07T14:45:42","guid":{"rendered":"https:\/\/www.bio-key.com\/comercio-minorista-y-bienes-de-consumo\/"},"modified":"2026-04-16T12:16:40","modified_gmt":"2026-04-16T12:16:40","slug":"comercio-minorista-y-bienes-de-consumo","status":"publish","type":"page","link":"https:\/\/www.bio-key.com\/es\/comercio-minorista-y-bienes-de-consumo\/","title":{"rendered":"Potenciar el comercio minorista con una seguridad robusta y experiencias de cliente sin fisuras"},"content":{"rendered":"\n<p>En el vertiginoso mundo de la venta al por menor, las empresas se enfrentan a retos a la hora de asegurar el acceso de varios usuarios, desde los directivos a los clientes online. A medida que aumentan las interacciones en l\u00ednea, los clientes esperan una experiencia fluida y segura, lo que pone de relieve la necesidad de medidas de seguridad s\u00f3lidas. Afrontar estos retos es vital para proteger tu negocio y mantener la confianza de los clientes.  <\/p>\n\n\n\n<h3 class=\"wp-block-heading has-text-align-center\">Casos de \u00e9xito de clientes<\/h3>\n\n\n\n<div class=\"wp-block-columns are-vertically-aligned-center is-not-stacked-on-mobile is-layout-flex wp-container-core-columns-is-layout-9d6595d7 wp-block-columns-is-layout-flex\">\n<div class=\"wp-block-column is-vertically-aligned-center is-layout-flow wp-block-column-is-layout-flow\"><div class=\"wp-block-image gray-to-color\">\n<figure class=\"aligncenter size-medium is-resized\"><a href=\"https:\/\/www.biometricupdate.com\/201407\/ncr-expands-use-of-bio-keys-fingerprint-authentication-solutions-for-pos\" target=\"_blank\" rel=\"noreferrer noopener\"><img loading=\"lazy\" decoding=\"async\" width=\"300\" height=\"85\" src=\"https:\/\/www.bio-key.com\/wp-content\/uploads\/2024\/09\/NCR_logo_without_background-300x85.png\" alt=\"\" class=\"wp-image-19061\" style=\"width:auto;height:60px\" srcset=\"https:\/\/www.bio-key.com\/wp-content\/uploads\/2024\/09\/NCR_logo_without_background-300x85.png 300w, https:\/\/www.bio-key.com\/wp-content\/uploads\/2024\/09\/NCR_logo_without_background-1024x291.png 1024w, https:\/\/www.bio-key.com\/wp-content\/uploads\/2024\/09\/NCR_logo_without_background-768x218.png 768w, https:\/\/www.bio-key.com\/wp-content\/uploads\/2024\/09\/NCR_logo_without_background-1536x437.png 1536w, https:\/\/www.bio-key.com\/wp-content\/uploads\/2024\/09\/NCR_logo_without_background-2048x583.png 2048w\" sizes=\"auto, (max-width: 300px) 100vw, 300px\" \/><\/a><\/figure>\n<\/div><\/div>\n<\/div>\n\n\n\n<hr class=\"wp-block-separator has-alpha-channel-opacity\">\n\n\n\n<div class=\"wp-block-columns are-vertically-aligned-center is-not-stacked-on-mobile is-layout-flex wp-container-core-columns-is-layout-9d6595d7 wp-block-columns-is-layout-flex\">\n<div class=\"wp-block-column is-vertically-aligned-center is-layout-flow wp-block-column-is-layout-flow\"><div class=\"wp-block-image\">\n<figure class=\"aligncenter size-medium\"><img loading=\"lazy\" decoding=\"async\" width=\"300\" height=\"300\" src=\"https:\/\/www.bio-key.com\/wp-content\/uploads\/2026\/04\/G2Spring2026_HighPerformer-300x300.png\" alt=\"\" class=\"wp-image-21869\" style=\"aspect-ratio:1;object-fit:contain\" srcset=\"https:\/\/www.bio-key.com\/wp-content\/uploads\/2026\/04\/G2Spring2026_HighPerformer-300x300.png 300w, https:\/\/www.bio-key.com\/wp-content\/uploads\/2026\/04\/G2Spring2026_HighPerformer-150x150.png 150w, https:\/\/www.bio-key.com\/wp-content\/uploads\/2026\/04\/G2Spring2026_HighPerformer-768x768.png 768w, https:\/\/www.bio-key.com\/wp-content\/uploads\/2026\/04\/G2Spring2026_HighPerformer.png 1000w\" sizes=\"auto, (max-width: 300px) 100vw, 300px\" \/><\/figure>\n<\/div><\/div>\n\n\n\n<div class=\"wp-block-column is-vertically-aligned-center is-layout-flow wp-block-column-is-layout-flow\"><div class=\"wp-block-image\">\n<figure class=\"aligncenter size-medium\"><img loading=\"lazy\" decoding=\"async\" width=\"300\" height=\"300\" src=\"https:\/\/www.bio-key.com\/wp-content\/uploads\/2026\/04\/G2Spring2026_HighestUserAdoption-300x300.png\" alt=\"\" class=\"wp-image-21871\" style=\"aspect-ratio:1;object-fit:contain\" srcset=\"https:\/\/www.bio-key.com\/wp-content\/uploads\/2026\/04\/G2Spring2026_HighestUserAdoption-300x300.png 300w, https:\/\/www.bio-key.com\/wp-content\/uploads\/2026\/04\/G2Spring2026_HighestUserAdoption-150x150.png 150w, https:\/\/www.bio-key.com\/wp-content\/uploads\/2026\/04\/G2Spring2026_HighestUserAdoption-768x768.png 768w, https:\/\/www.bio-key.com\/wp-content\/uploads\/2026\/04\/G2Spring2026_HighestUserAdoption.png 1000w\" sizes=\"auto, (max-width: 300px) 100vw, 300px\" \/><\/figure>\n<\/div><\/div>\n\n\n\n<div class=\"wp-block-column is-vertically-aligned-center is-layout-flow wp-block-column-is-layout-flow\"><div class=\"wp-block-image\">\n<figure class=\"aligncenter size-medium\"><img loading=\"lazy\" decoding=\"async\" width=\"300\" height=\"300\" src=\"https:\/\/www.bio-key.com\/wp-content\/uploads\/2026\/04\/G2Spring2026_EasiestToDoBusinessWith-300x300.png\" alt=\"\" class=\"wp-image-21873\" style=\"aspect-ratio:1;object-fit:contain\" srcset=\"https:\/\/www.bio-key.com\/wp-content\/uploads\/2026\/04\/G2Spring2026_EasiestToDoBusinessWith-300x300.png 300w, https:\/\/www.bio-key.com\/wp-content\/uploads\/2026\/04\/G2Spring2026_EasiestToDoBusinessWith-150x150.png 150w, https:\/\/www.bio-key.com\/wp-content\/uploads\/2026\/04\/G2Spring2026_EasiestToDoBusinessWith-768x768.png 768w, https:\/\/www.bio-key.com\/wp-content\/uploads\/2026\/04\/G2Spring2026_EasiestToDoBusinessWith.png 1000w\" sizes=\"auto, (max-width: 300px) 100vw, 300px\" \/><\/figure>\n<\/div><\/div>\n\n\n\n<div class=\"wp-block-column is-vertically-aligned-center is-layout-flow wp-block-column-is-layout-flow\"><div class=\"wp-block-image\">\n<figure class=\"aligncenter size-full\"><img loading=\"lazy\" decoding=\"async\" width=\"1000\" height=\"1000\" src=\"https:\/\/www.bio-key.com\/wp-content\/uploads\/2026\/04\/G2Spring2026_Enterprise_BestEstimatedROI.png\" alt=\"\" class=\"wp-image-21865\" style=\"aspect-ratio:1;object-fit:contain\" srcset=\"https:\/\/www.bio-key.com\/wp-content\/uploads\/2026\/04\/G2Spring2026_Enterprise_BestEstimatedROI.png 1000w, https:\/\/www.bio-key.com\/wp-content\/uploads\/2026\/04\/G2Spring2026_Enterprise_BestEstimatedROI-300x300.png 300w, https:\/\/www.bio-key.com\/wp-content\/uploads\/2026\/04\/G2Spring2026_Enterprise_BestEstimatedROI-150x150.png 150w, https:\/\/www.bio-key.com\/wp-content\/uploads\/2026\/04\/G2Spring2026_Enterprise_BestEstimatedROI-768x768.png 768w\" sizes=\"auto, (max-width: 1000px) 100vw, 1000px\" \/><\/figure>\n<\/div><\/div>\n\n\n\n<div class=\"wp-block-column is-vertically-aligned-center is-layout-flow wp-block-column-is-layout-flow\"><div class=\"wp-block-image\">\n<figure class=\"aligncenter size-full\"><img loading=\"lazy\" decoding=\"async\" width=\"1000\" height=\"1000\" src=\"https:\/\/www.bio-key.com\/wp-content\/uploads\/2026\/04\/G2Spring2026_Enterprise_BestMeetsRequirements.png\" alt=\"\" class=\"wp-image-21867\" style=\"aspect-ratio:1;object-fit:contain\" srcset=\"https:\/\/www.bio-key.com\/wp-content\/uploads\/2026\/04\/G2Spring2026_Enterprise_BestMeetsRequirements.png 1000w, https:\/\/www.bio-key.com\/wp-content\/uploads\/2026\/04\/G2Spring2026_Enterprise_BestMeetsRequirements-300x300.png 300w, https:\/\/www.bio-key.com\/wp-content\/uploads\/2026\/04\/G2Spring2026_Enterprise_BestMeetsRequirements-150x150.png 150w, https:\/\/www.bio-key.com\/wp-content\/uploads\/2026\/04\/G2Spring2026_Enterprise_BestMeetsRequirements-768x768.png 768w\" sizes=\"auto, (max-width: 1000px) 100vw, 1000px\" \/><\/figure>\n<\/div><\/div>\n<\/div>\n\n\n\n<hr class=\"wp-block-separator has-text-color has-t-3-shark-color has-css-opacity has-t-3-shark-background-color has-background is-style-wide\">\n\n\n\n<h3 class=\"wp-block-heading\">Garantizar la identificaci\u00f3n de cada participante en la transacci\u00f3n: Gesti\u00f3n de registros de clientes y alta rotaci\u00f3n de empleados&nbsp;<\/h3>\n\n\n<div class=\"wp-block-ub-content-toggle wp-block-ub-content-toggle-block\" id=\"ub-content-toggle-block-d3200ddb-b130-4279-b59a-7cd2c4d9e14f\" data-mobilecollapse=\"false\" data-desktopcollapse=\"false\" data-preventcollapse=\"false\" data-showonlyone=\"true\">\n<div class=\"wp-block-ub-content-toggle-accordion\" style=\"border-color: #f1f1f1; \" id=\"ub-content-toggle-panel-block-325901de-cc3c-4189-bc9e-d6aead43c2f0\">\n\t\t\t<div class=\"wp-block-ub-content-toggle-accordion-title-wrap\" style=\"background-color: #f1f1f1;\" aria-controls=\"ub-content-toggle-panel-0-d3200ddb-b130-4279-b59a-7cd2c4d9e14f\" tabindex=\"0\">\n\t\t\t<p class=\"wp-block-ub-content-toggle-accordion-title ub-content-toggle-title-d3200ddb-b130-4279-b59a-7cd2c4d9e14f\" style=\"color: #000000; \">Strengthening User Identification in a High Turnover Environment <\/p>\n\t\t\t<div class=\"wp-block-ub-content-toggle-accordion-toggle-wrap right\" style=\"color: #000000;\"><span class=\"wp-block-ub-content-toggle-accordion-state-indicator wp-block-ub-chevron-down open\"><\/span><\/div>\n\t\t<\/div>\n\t\t\t<div role=\"region\" aria-expanded=\"true\" class=\"wp-block-ub-content-toggle-accordion-content-wrap\" id=\"ub-content-toggle-panel-0-d3200ddb-b130-4279-b59a-7cd2c4d9e14f\">\n\n<h4 class=\"wp-block-heading has-alizarincrimson-color has-text-color has-link-color wp-elements-a0cc28d4f8b08dd4553e4a0a0e7ee220\">Gesti\u00f3n de la elevada rotaci\u00f3n de empleados en el comercio minorista<\/h4>\n\n\n\n<p>La alta rotaci\u00f3n de empleados es un gran reto para los minoristas, ya que introduce nuevos usuarios en sistemas cr\u00edticos como los portales online y los sistemas de punto de venta. Esto es especialmente arriesgado en los puestos de trabajo compartidos, donde pueden compartirse credenciales sin autorizaci\u00f3n. Para combatirlo, los comercios deben implantar un s\u00f3lido sistema de identificaci\u00f3n de usuarios. Garantizando una identificaci\u00f3n fiable, las empresas pueden mejorar la seguridad y la responsabilidad.   <\/p>\n\n<\/div>\n\t\t<\/div>\n\n<div class=\"wp-block-ub-content-toggle-accordion\" style=\"border-color: #f1f1f1; \" id=\"ub-content-toggle-panel-block-bc110803-099d-4b3e-b360-9a447f172dc1\">\n\t\t\t<div class=\"wp-block-ub-content-toggle-accordion-title-wrap\" style=\"background-color: #f1f1f1;\" aria-controls=\"ub-content-toggle-panel-1-d3200ddb-b130-4279-b59a-7cd2c4d9e14f\" tabindex=\"0\">\n\t\t\t<p class=\"wp-block-ub-content-toggle-accordion-title ub-content-toggle-title-d3200ddb-b130-4279-b59a-7cd2c4d9e14f\" style=\"color: #000000; \">Prioritizing Retail Security without Compromising Customer Satisfaction <\/p>\n\t\t\t<div class=\"wp-block-ub-content-toggle-accordion-toggle-wrap right\" style=\"color: #000000;\"><span class=\"wp-block-ub-content-toggle-accordion-state-indicator wp-block-ub-chevron-down\"><\/span><\/div>\n\t\t<\/div>\n\t\t\t<div role=\"region\" aria-expanded=\"false\" class=\"wp-block-ub-content-toggle-accordion-content-wrap ub-hide\" id=\"ub-content-toggle-panel-1-d3200ddb-b130-4279-b59a-7cd2c4d9e14f\">\n\n<h4 class=\"wp-block-heading has-alizarincrimson-color has-text-color has-link-color wp-elements-c242d6810cec0167cb8d8f4442722dae\">Equilibrar la seguridad y la satisfacci\u00f3n del cliente en el comercio minorista<\/h4>\n\n\n\n<p>En el comercio minorista, equilibrar la seguridad y la satisfacci\u00f3n del cliente es un reto constante. Las empresas deben cumplir estrictas normativas sobre datos y, al mismo tiempo, garantizar una experiencia positiva al cliente, lo que es vital para el \u00e9xito. La clave est\u00e1 en implantar soluciones de seguridad que se integren sin problemas tanto con los empleados como con los clientes. Alineando las medidas de seguridad con las necesidades de las partes interesadas, los minoristas pueden crear un entorno seguro que mejore la experiencia del cliente y refuerce su ventaja competitiva.   <\/p>\n\n<\/div>\n\t\t<\/div>\n\n<div class=\"wp-block-ub-content-toggle-accordion\" style=\"border-color: #f1f1f1; \" id=\"ub-content-toggle-panel-block-09dc1571-ea5c-43fc-9ec9-cd273ec055ee\">\n\t\t\t<div class=\"wp-block-ub-content-toggle-accordion-title-wrap\" style=\"background-color: #f1f1f1;\" aria-controls=\"ub-content-toggle-panel-2-d3200ddb-b130-4279-b59a-7cd2c4d9e14f\" tabindex=\"0\">\n\t\t\t<p class=\"wp-block-ub-content-toggle-accordion-title ub-content-toggle-title-d3200ddb-b130-4279-b59a-7cd2c4d9e14f\" style=\"color: #000000; \">Ensuring Privacy and Compliance <\/p>\n\t\t\t<div class=\"wp-block-ub-content-toggle-accordion-toggle-wrap right\" style=\"color: #000000;\"><span class=\"wp-block-ub-content-toggle-accordion-state-indicator wp-block-ub-chevron-down\"><\/span><\/div>\n\t\t<\/div>\n\t\t\t<div role=\"region\" aria-expanded=\"false\" class=\"wp-block-ub-content-toggle-accordion-content-wrap ub-hide\" id=\"ub-content-toggle-panel-2-d3200ddb-b130-4279-b59a-7cd2c4d9e14f\">\n\n<h4 class=\"wp-block-heading has-alizarincrimson-color has-text-color has-link-color wp-elements-27907cf0dabc6de170579f06119d4c30\">Navegar por la normativa sobre privacidad de datos para minoristas<\/h4>\n\n\n\n<p>Cuando manejan datos sensibles, los comercios deben cumplir varias normativas, incluida la Ley de Privacidad del Consumidor de California (CCPA). Esta ley concede a los residentes de California derechos sobre su informaci\u00f3n personal e impone a las empresas obligaciones para protegerla. Los minoristas de California deben comprender y cumplir los requisitos de la CCPA para salvaguardar la privacidad del consumidor y evitar sanciones.  <\/p>\n\n\n\n<p>Adem\u00e1s, los minoristas deben tener en cuenta otras normativas como la HIPAA para los datos sanitarios y la PCI DSS para la informaci\u00f3n de las tarjetas de cr\u00e9dito, que tambi\u00e9n exigen medidas espec\u00edficas de protecci\u00f3n de datos.<\/p>\n\n\n\n<p>Cumplir esta normativa es crucial no s\u00f3lo por motivos legales, sino tambi\u00e9n para generar confianza en los clientes. Aplicando pr\u00e1cticas s\u00f3lidas de protecci\u00f3n de datos, los minoristas pueden mostrar su compromiso con la privacidad, reducir el riesgo de violaci\u00f3n de datos y evitar multas cuantiosas. Mantenerse informado sobre la normativa pertinente y actualizar los sistemas en consecuencia es esencial para cumplirla.  <\/p>\n\n<\/div>\n\t\t<\/div>\n<\/div>\n\n\n<hr class=\"wp-block-separator has-css-opacity is-style-default\">\n\n\n\n<h3 class=\"wp-block-heading\">Recomendaciones de productos<\/h3>\n\n\n\n<p>En el vertiginoso sector minorista, es esencial contar con medidas de ciberseguridad s\u00f3lidas para proteger los datos confidenciales. BIO-key ofrece soluciones avanzadas de ciberseguridad y control de acceso biom\u00e9trico para afrontar estos retos. Al vincular todas las actividades y transacciones de los dispositivos a personas concretas, los minoristas pueden reducir en gran medida el riesgo de accesos no autorizados y fraudes.  <\/p>\n\n\n\n<div class=\"wp-block-columns is-layout-flex wp-container-core-columns-is-layout-9d6595d7 wp-block-columns-is-layout-flex\">\n<div class=\"wp-block-column is-layout-flow wp-block-column-is-layout-flow\"><div class=\"wp-block-image is-resized is-style-default\">\n<figure class=\"aligncenter size-large\"><img decoding=\"async\" src=\"https:\/\/www.bio-key.com\/wp-content\/uploads\/2020\/10\/double-tap.svg\" alt=\"\" class=\"wp-image-12168\" style=\"width:auto;height:40px\"><\/figure>\n<\/div>\n\n\n<p class=\"has-text-align-center\"><a href=\"https:\/\/www.bio-key.com\/multi-factor-authentication\/\" target=\"_blank\" rel=\"noopener\" title=\"Autenticaci\u00f3n multifactor  \">Autenticaci\u00f3n multifactor  <\/a><\/p>\n\n\n\n<p>BIO-key ofrece m\u00e1s de 15 m\u00e9todos de autenticaci\u00f3n para que los minoristas identifiquen positivamente a los usuarios que acceden a sus sistemas. Esta flexibilidad permite a los minoristas elegir el mejor m\u00e9todo para sus necesidades de seguridad y responsabilidad. <\/p>\n<\/div>\n\n\n\n<div class=\"wp-block-column is-layout-flow wp-block-column-is-layout-flow\"><div class=\"wp-block-image is-resized is-style-default\">\n<figure class=\"aligncenter size-large\"><img decoding=\"async\" src=\"https:\/\/www.bio-key.com\/wp-content\/uploads\/2020\/10\/password.svg\" alt=\"\" class=\"wp-image-12163\" style=\"width:auto;height:40px\"><\/figure>\n<\/div>\n\n\n<p class=\"has-text-align-center\"><a href=\"https:\/\/www.bio-key.com\/self-service-password-reset\/\" target=\"_blank\" rel=\"noopener\" title=\"Restablecimiento de contrase\u00f1a autoservicio\">Restablecimiento de contrase\u00f1a autoservicio<\/a><\/p>\n\n\n\n<p>Las opciones de restablecimiento y recuperaci\u00f3n de autoservicio de BIO-key permiten a los minoristas reducir las llamadas al servicio de asistencia por problemas con las contrase\u00f1as. Esta funci\u00f3n permite a los empleados gestionar sus contrase\u00f1as de forma independiente, ahorrando tiempo y recursos. <\/p>\n<\/div>\n\n\n\n<div class=\"wp-block-column is-layout-flow wp-block-column-is-layout-flow\"><div class=\"wp-block-image is-resized is-style-default\">\n<figure class=\"aligncenter size-large\"><img decoding=\"async\" src=\"https:\/\/www.bio-key.com\/wp-content\/uploads\/2020\/10\/mobile-contact.svg\" alt=\"\" class=\"wp-image-12161\" style=\"width:auto;height:40px\"><\/figure>\n<\/div>\n\n\n<p class=\"has-text-align-center\"><a href=\"https:\/\/www.bio-key.com\/biometrics\/\" target=\"_blank\" rel=\"noopener\" title=\"Biometr\u00eda\">Biometr\u00eda<\/a><\/p>\n\n\n\n<p>La biometr\u00eda de BIO-key proporciona una soluci\u00f3n de autenticaci\u00f3n sin contrase\u00f1a que utiliza el reconocimiento de huellas dactilares para crear identidades \u00fanicas para cada usuario. Esto mejora la seguridad y la responsabilidad al garantizar que s\u00f3lo las personas autorizadas acceden a los sistemas de los comercios. <\/p>\n<\/div>\n<\/div>\n","protected":false},"excerpt":{"rendered":"<p>En el vertiginoso mundo de la venta al por menor, las empresas se enfrentan a retos a la hora de asegurar el acceso de varios usuarios, desde los directivos a los clientes online. A medida que aumentan las interacciones en l\u00ednea, los clientes esperan una experiencia fluida y segura, lo que pone de relieve la [&hellip;]<\/p>\n","protected":false},"author":14,"featured_media":15706,"parent":0,"menu_order":0,"comment_status":"closed","ping_status":"closed","template":"tpl-industry.php","meta":{"_acf_changed":false,"content-type":"","inline_featured_image":false,"footnotes":""},"class_list":["post-16162","page","type-page","status-publish","has-post-thumbnail","hentry"],"acf":[],"aioseo_notices":[],"featured_image_src":"https:\/\/www.bio-key.com\/wp-content\/uploads\/2020\/10\/lauren-fleischmann-R2aodqJn3b8-unsplash-scaled-e1604091958668.jpg?wsr","_links":{"self":[{"href":"https:\/\/www.bio-key.com\/es\/wp-json\/wp\/v2\/pages\/16162","targetHints":{"allow":["GET"]}}],"collection":[{"href":"https:\/\/www.bio-key.com\/es\/wp-json\/wp\/v2\/pages"}],"about":[{"href":"https:\/\/www.bio-key.com\/es\/wp-json\/wp\/v2\/types\/page"}],"author":[{"embeddable":true,"href":"https:\/\/www.bio-key.com\/es\/wp-json\/wp\/v2\/users\/14"}],"replies":[{"embeddable":true,"href":"https:\/\/www.bio-key.com\/es\/wp-json\/wp\/v2\/comments?post=16162"}],"version-history":[{"count":0,"href":"https:\/\/www.bio-key.com\/es\/wp-json\/wp\/v2\/pages\/16162\/revisions"}],"wp:featuredmedia":[{"embeddable":true,"href":"https:\/\/www.bio-key.com\/es\/wp-json\/wp\/v2\/media\/15706"}],"wp:attachment":[{"href":"https:\/\/www.bio-key.com\/es\/wp-json\/wp\/v2\/media?parent=16162"}],"curies":[{"name":"wp","href":"https:\/\/api.w.org\/{rel}","templated":true}]}}