{"id":16165,"date":"2022-12-21T09:40:09","date_gmt":"2022-12-21T09:40:09","guid":{"rendered":"https:\/\/www.bio-key.com\/ciudadania-empresarial\/"},"modified":"2025-08-22T14:48:13","modified_gmt":"2025-08-22T14:48:13","slug":"ciudadania-empresarial","status":"publish","type":"page","link":"https:\/\/www.bio-key.com\/es\/ciudadania-empresarial\/","title":{"rendered":"Ciudadan\u00eda empresarial"},"content":{"rendered":"\n<h2 class=\"wp-block-heading\">Cuidar de nuestros ciudadanos, comunidades y medio ambiente<\/h2>\n\n\n\n<p>En BIO-key, nos centramos en crear un valor que beneficie a todos y creemos que es nuestra responsabilidad corporativa devolver a la comunidad y al entorno en el que operamos.<\/p>\n\n\n\n<hr class=\"wp-block-separator has-text-color has-t-3-shark-color has-css-opacity has-t-3-shark-background-color has-background\">\n\n\n\n<div class=\"wp-block-columns are-vertically-aligned-top is-layout-flex wp-container-core-columns-is-layout-9d6595d7 wp-block-columns-is-layout-flex\">\n<div class=\"wp-block-column is-vertically-aligned-top is-layout-flow wp-block-column-is-layout-flow\" style=\"flex-basis:66.66%\">\n<figure class=\"wp-block-image size-large is-resized is-style-default\"><img loading=\"lazy\" decoding=\"async\" width=\"1024\" height=\"111\" src=\"https:\/\/www.bio-key.com\/wp-content\/uploads\/2021\/12\/Gives-Back-full-logo-1-1024x111.png\" alt=\"\" class=\"wp-image-14123\" style=\"width:500px\" srcset=\"https:\/\/www.bio-key.com\/wp-content\/uploads\/2021\/12\/Gives-Back-full-logo-1-1024x111.png 1024w, https:\/\/www.bio-key.com\/wp-content\/uploads\/2021\/12\/Gives-Back-full-logo-1-300x33.png 300w, https:\/\/www.bio-key.com\/wp-content\/uploads\/2021\/12\/Gives-Back-full-logo-1-768x83.png 768w, https:\/\/www.bio-key.com\/wp-content\/uploads\/2021\/12\/Gives-Back-full-logo-1-1536x167.png 1536w, https:\/\/www.bio-key.com\/wp-content\/uploads\/2021\/12\/Gives-Back-full-logo-1-2048x223.png 2048w\" sizes=\"auto, (max-width: 1024px) 100vw, 1024px\" \/><\/figure>\n<\/div>\n\n\n\n<div class=\"wp-block-column is-vertically-aligned-top is-layout-flow wp-block-column-is-layout-flow\" style=\"flex-basis:33.33%\">\n<div style=\"height:50px\" aria-hidden=\"true\" class=\"wp-block-spacer\"><\/div>\n<\/div>\n<\/div>\n\n\n\n<div class=\"wp-block-columns are-vertically-aligned-center is-layout-flex wp-container-core-columns-is-layout-9d6595d7 wp-block-columns-is-layout-flex\">\n<div class=\"wp-block-column is-vertically-aligned-center is-layout-flow wp-block-column-is-layout-flow\">\n<p>Estamos dedicados a &nbsp;brindar apoyo a trav\u00e9s del <strong>programa BIO-key Gives Back<\/strong>, haciendo contribuciones positivas siempre que podamos. BIO-key y nuestros empleados participan regularmente en actividades de recaudaci\u00f3n de fondos, actos comunitarios e iniciativas globales. Desde entrenar en la liga infantil hasta donar fondos a la Cruz Roja, seleccionamos m\u00faltiples iniciativas a lo largo del a\u00f1o como parte de nuestro programa Gives Back.<\/p>\n<\/div>\n<\/div>\n\n\n\n<div style=\"height:10px\" aria-hidden=\"true\" class=\"wp-block-spacer\"><\/div>\n\n\n\n<h3 class=\"wp-block-heading\">Iniciativas recientes:  <\/h3>\n\n\n\n<div class=\"wp-block-columns is-layout-flex wp-container-core-columns-is-layout-9d6595d7 wp-block-columns-is-layout-flex\">\n<div class=\"wp-block-column is-layout-flow wp-block-column-is-layout-flow\"><div class=\"wp-block-image is-style-rounded\">\n<figure class=\"aligncenter size-large is-resized\"><img loading=\"lazy\" decoding=\"async\" width=\"1024\" height=\"768\" src=\"https:\/\/www.bio-key.com\/wp-content\/uploads\/2022\/10\/IMG_3383-1024x768.jpg\" alt=\"\" class=\"wp-image-14618\" style=\"width:460px;height:350px\" srcset=\"https:\/\/www.bio-key.com\/wp-content\/uploads\/2022\/10\/IMG_3383-1024x768.jpg 1024w, https:\/\/www.bio-key.com\/wp-content\/uploads\/2022\/10\/IMG_3383-300x225.jpg 300w, https:\/\/www.bio-key.com\/wp-content\/uploads\/2022\/10\/IMG_3383-768x576.jpg 768w, https:\/\/www.bio-key.com\/wp-content\/uploads\/2022\/10\/IMG_3383-1536x1152.jpg 1536w, https:\/\/www.bio-key.com\/wp-content\/uploads\/2022\/10\/IMG_3383.jpg 1600w\" sizes=\"auto, (max-width: 1024px) 100vw, 1024px\" \/><\/figure>\n<\/div><\/div>\n\n\n\n<div class=\"wp-block-column is-layout-flow wp-block-column-is-layout-flow\"><div class=\"wp-block-image is-style-rounded\">\n<figure class=\"aligncenter size-large is-resized\"><img loading=\"lazy\" decoding=\"async\" width=\"2560\" height=\"1921\" src=\"https:\/\/www.bio-key.com\/wp-content\/uploads\/2022\/12\/young-girl-with-present-edited-scaled.jpeg\" alt=\"\" class=\"wp-image-14704\" style=\"width:484px;height:350px\" srcset=\"https:\/\/www.bio-key.com\/wp-content\/uploads\/2022\/12\/young-girl-with-present-edited-scaled.jpeg 2560w, https:\/\/www.bio-key.com\/wp-content\/uploads\/2022\/12\/young-girl-with-present-edited-300x225.jpeg 300w, https:\/\/www.bio-key.com\/wp-content\/uploads\/2022\/12\/young-girl-with-present-edited-1024x769.jpeg 1024w, https:\/\/www.bio-key.com\/wp-content\/uploads\/2022\/12\/young-girl-with-present-edited-768x576.jpeg 768w, https:\/\/www.bio-key.com\/wp-content\/uploads\/2022\/12\/young-girl-with-present-edited-1536x1153.jpeg 1536w\" sizes=\"auto, (max-width: 2560px) 100vw, 2560px\" \/><\/figure>\n<\/div><\/div>\n<\/div>\n\n\n\n<div class=\"wp-block-columns is-layout-flex wp-container-core-columns-is-layout-9d6595d7 wp-block-columns-is-layout-flex\">\n<div class=\"wp-block-column is-layout-flow wp-block-column-is-layout-flow\">\n<p>BIO-key se uni\u00f3 al movimiento <a href=\"https:\/\/secure.acsevents.org\/site\/STR?pg=entry&amp;fr_id=103088\" target=\"_blank\" rel=\"noreferrer noopener\">Making Strides of Boston<\/a> durante el Mes de Sensibilizaci\u00f3n sobre el C\u00e1ncer de Mama para ayudar a recaudar fondos que salvan vidas y apoyan a pacientes, supervivientes, personas que prosperan y cuidadores de c\u00e1ncer de mama en cada paso del camino.&nbsp;<\/p>\n<\/div>\n\n\n\n<div class=\"wp-block-column is-layout-flow wp-block-column-is-layout-flow\">\n<p>BIO-key particip\u00f3 de nuevo este a\u00f1o en el programa <a href=\"https:\/\/www.toysfortots.org\/\" target=\"_blank\" rel=\"noreferrer noopener\">Toys for Tots<\/a>, donando un total de 12 regalos a ni\u00f1os que, de otro modo, no recibir\u00edan nada para las fiestas.<\/p>\n<\/div>\n<\/div>\n\n\n\n<div style=\"height:10px\" aria-hidden=\"true\" class=\"wp-block-spacer\"><\/div>\n\n\n\n<h3 class=\"wp-block-heading\">Iniciativas anteriores:  <\/h3>\n\n\n\n<div class=\"wp-block-columns are-vertically-aligned-center is-layout-flex wp-container-core-columns-is-layout-9d6595d7 wp-block-columns-is-layout-flex\">\n<div class=\"wp-block-column is-vertically-aligned-center is-layout-flow wp-block-column-is-layout-flow\">\n<figure class=\"wp-block-video aligncenter\"><video controls=\"\" src=\"https:\/\/www.bio-key.com\/wp-content\/uploads\/2022\/09\/World-Cleanup-Day.mp4\"><\/video><\/figure>\n<\/div>\n\n\n\n<div class=\"wp-block-column is-vertically-aligned-center is-layout-flow wp-block-column-is-layout-flow\"><div class=\"wp-block-image is-style-rounded\">\n<figure class=\"aligncenter size-large is-resized\"><img loading=\"lazy\" decoding=\"async\" width=\"1024\" height=\"683\" src=\"https:\/\/www.bio-key.com\/wp-content\/uploads\/2021\/12\/close-up-picture-hand-watering-sapling-plant-1024x683.jpeg\" alt=\"\" class=\"wp-image-14069\" style=\"width:512px;height:350px\" srcset=\"https:\/\/www.bio-key.com\/wp-content\/uploads\/2021\/12\/close-up-picture-hand-watering-sapling-plant-1024x683.jpeg 1024w, https:\/\/www.bio-key.com\/wp-content\/uploads\/2021\/12\/close-up-picture-hand-watering-sapling-plant-300x200.jpeg 300w, https:\/\/www.bio-key.com\/wp-content\/uploads\/2021\/12\/close-up-picture-hand-watering-sapling-plant-768x512.jpeg 768w, https:\/\/www.bio-key.com\/wp-content\/uploads\/2021\/12\/close-up-picture-hand-watering-sapling-plant-1536x1024.jpeg 1536w, https:\/\/www.bio-key.com\/wp-content\/uploads\/2021\/12\/close-up-picture-hand-watering-sapling-plant-2048x1365.jpeg 2048w\" sizes=\"auto, (max-width: 1024px) 100vw, 1024px\" \/><\/figure>\n<\/div><\/div>\n<\/div>\n\n\n\n<div class=\"wp-block-columns is-layout-flex wp-container-core-columns-is-layout-9d6595d7 wp-block-columns-is-layout-flex\">\n<div class=\"wp-block-column is-layout-flow wp-block-column-is-layout-flow\">\n<p>Este a\u00f1o, con motivo <a href=\"https:\/\/www.worldcleanupday.org\/\" target=\"_blank\" rel=\"noreferrer noopener\">del D\u00eda Mundial de la Limpieza<\/a>, BIO-key particip\u00f3 en la limpieza de nuestras comunidades locales como parte del movimiento mundial para mantener este planeta verde y limpio. Estos son algunos de los aspectos m\u00e1s destacados del equipo BIO-key que recoge residuos en todo el mundo.<\/p>\n<\/div>\n\n\n\n<div class=\"wp-block-column is-layout-flow wp-block-column-is-layout-flow\">\n<p>En colaboraci\u00f3n con la <a href=\"https:\/\/www.arborday.org\/\" target=\"_blank\" rel=\"noreferrer noopener\">Fundaci\u00f3n Arbor Day<\/a>, BIO-key plant\u00f3 1.000 \u00e1rboles en los bosques m\u00e1s necesitados en honor de nuestros clientes y socios.<\/p>\n<\/div>\n<\/div>\n\n\n\n<hr class=\"wp-block-separator has-text-color has-t-3-shark-color has-css-opacity has-t-3-shark-background-color has-background is-style-default\">\n\n\n\n<h2 class=\"wp-block-heading has-alizarincrimson-color has-text-color\">Somos conscientes del medio ambiente<\/h2>\n\n\n\n<p>Creemos que el cuidado del medio ambiente empieza en casa, por lo que seguimos impulsando y persiguiendo un entorno de oficina ecol\u00f3gico y estableciendo pol\u00edticas medioambientales para concienciar a nuestra gente.<\/p>\n\n\n\n<div class=\"wp-block-columns is-layout-flex wp-container-core-columns-is-layout-9d6595d7 wp-block-columns-is-layout-flex\">\n<div class=\"wp-block-column is-layout-flow wp-block-column-is-layout-flow\">\n<h3 class=\"wp-block-heading\">Gesti\u00f3n de nuestra huella de carbono<\/h3>\n\n\n\n<ul class=\"wp-block-list\">\n<li>Todos los envases de los productos de autenticaci\u00f3n biom\u00e9trica BIO-key est\u00e1n fabricados con materiales 100% reciclables.<\/li>\n\n\n\n<li>Hemos adoptado plenamente la videoconferencia, que ha reducido los viajes en avi\u00f3n de nuestra empresa en m\u00e1s de un 50%.<\/li>\n\n\n\n<li>Adoptamos la firma y el intercambio de documentos digitales para reducir nuestros residuos de papel en m\u00e1s de un 30%.<\/li>\n\n\n\n<li>Cada asociaci\u00f3n de proveedores con BIO-key incluye un debate sobre c\u00f3mo ambas partes pueden colaborar para reducir los residuos y mantener un entorno seguro y saludable.<\/li>\n\n\n\n<li>Nuestros esfuerzos de marketing son principalmente digitales para minimizar los residuos, como papel, pasta y tinta.<\/li>\n<\/ul>\n<\/div>\n\n\n\n<div class=\"wp-block-column is-layout-flow wp-block-column-is-layout-flow\">\n<div class=\"wp-block-group has-t-3-shark-background-color has-background\"><div class=\"wp-block-group__inner-container is-layout-flow wp-block-group-is-layout-flow\"><div class=\"wp-block-image is-style-rounded\">\n<figure class=\"aligncenter size-large is-resized\"><img loading=\"lazy\" decoding=\"async\" width=\"1024\" height=\"580\" src=\"https:\/\/www.bio-key.com\/wp-content\/uploads\/2021\/12\/businessman-login-with-fingerprint-scanning-technology-1-1024x580.jpeg\" alt=\"\" class=\"wp-image-14098\" style=\"width:300px;height:171px\" srcset=\"https:\/\/www.bio-key.com\/wp-content\/uploads\/2021\/12\/businessman-login-with-fingerprint-scanning-technology-1-1024x580.jpeg 1024w, https:\/\/www.bio-key.com\/wp-content\/uploads\/2021\/12\/businessman-login-with-fingerprint-scanning-technology-1-300x170.jpeg 300w, https:\/\/www.bio-key.com\/wp-content\/uploads\/2021\/12\/businessman-login-with-fingerprint-scanning-technology-1-768x435.jpeg 768w, https:\/\/www.bio-key.com\/wp-content\/uploads\/2021\/12\/businessman-login-with-fingerprint-scanning-technology-1-1536x869.jpeg 1536w, https:\/\/www.bio-key.com\/wp-content\/uploads\/2021\/12\/businessman-login-with-fingerprint-scanning-technology-1-2048x1159.jpeg 2048w\" sizes=\"auto, (max-width: 1024px) 100vw, 1024px\" \/><\/figure>\n<\/div>\n\n\n<div style=\"height:20px\" aria-hidden=\"true\" class=\"wp-block-spacer\"><\/div>\n\n\n\n<h4 class=\"wp-block-heading\">La biometr\u00eda desempe\u00f1a un papel clave<\/h4>\n\n\n\n<p>Las soluciones de hardware y software biom\u00e9trico permiten a las organizaciones sustituir las tarjetas de proximidad de pl\u00e1stico y los tokens de hardware.<\/p>\n<\/div><\/div>\n<\/div>\n<\/div>\n\n\n\n<h3 class=\"wp-block-heading\">Pol\u00edtica medioambiental<\/h3>\n\n\n\n<p>La Pol\u00edtica Medioambiental de BIO-key incluye estos valores fundamentales:<\/p>\n\n\n\n<div class=\"wp-block-columns is-layout-flex wp-container-core-columns-is-layout-9d6595d7 wp-block-columns-is-layout-flex\">\n<div class=\"wp-block-column is-layout-flow wp-block-column-is-layout-flow\">\n<ul class=\"wp-block-list\">\n<li>Minimizar los residuos evaluando las operaciones y garantizando que sean lo m\u00e1s eficientes posible.<\/li>\n\n\n\n<li>Minimizar las emisiones t\u00f3xicas mediante la selecci\u00f3n y el uso de su flota y la fuente de su necesidad de energ\u00eda.<\/li>\n\n\n\n<li>Promover activamente el reciclaje tanto internamente como entre sus clientes y proveedores.<\/li>\n\n\n\n<li>Obtener y promover una gama de productos que minimice el impacto medioambiental tanto de la producci\u00f3n como de la distribuci\u00f3n.<\/li>\n\n\n\n<li>Reduzca el uso de papel y pl\u00e1stico y recicle estos productos en todo momento.<\/li>\n<\/ul>\n<\/div>\n\n\n\n<div class=\"wp-block-column is-layout-flow wp-block-column-is-layout-flow\">\n<ul class=\"wp-block-list\">\n<li>Promover el uso de material de marketing y ventas electr\u00f3nico frente al papel.<\/li>\n\n\n\n<li>Reducir los desplazamientos de los empleados y las reuniones de trabajo, disminuyendo as\u00ed nuestra huella de carbono.<\/li>\n\n\n\n<li>Cumplir o superar toda la legislaci\u00f3n medioambiental relacionada con la empresa.<\/li>\n\n\n\n<li>Utilizar un programa acreditado para compensar las emisiones de gases de efecto invernadero generadas por nuestras actividades.<\/li>\n<\/ul>\n<\/div>\n<\/div>\n\n\n\n<hr class=\"wp-block-separator has-text-color has-t-3-shark-color has-css-opacity has-t-3-shark-background-color has-background\">\n\n\n\n<h2 class=\"wp-block-heading has-alizarincrimson-color has-text-color\">Nos centramos en las personas<\/h2>\n\n\n\n<p>Reconocemos que nuestros empleados son la clave de nuestra capacidad para ejecutar nuestro programa de sostenibilidad. Nuestro compromiso de ofrecer condiciones de trabajo seguras y de implicar a todos nuestros empleados en nuestros esfuerzos de seguridad ha sido una parte fundamental de BIO-key.<\/p>\n\n\n\n<h3 class=\"wp-block-heading\">Crear una cultura inclusiva<\/h3>\n\n\n\n<div class=\"wp-block-columns is-layout-flex wp-container-core-columns-is-layout-9d6595d7 wp-block-columns-is-layout-flex\">\n<div class=\"wp-block-column is-vertically-aligned-center is-layout-flow wp-block-column-is-layout-flow\"><div class=\"wp-block-image is-style-rounded\">\n<figure class=\"aligncenter size-large is-resized\"><img loading=\"lazy\" decoding=\"async\" width=\"1024\" height=\"576\" src=\"https:\/\/www.bio-key.com\/wp-content\/uploads\/2021\/12\/AKQA-GPTW-2021-Blue-1024x576.webp\" alt=\"\" class=\"wp-image-14128\" style=\"width:300px\" srcset=\"https:\/\/www.bio-key.com\/wp-content\/uploads\/2021\/12\/AKQA-GPTW-2021-Blue-1024x576.webp 1024w, https:\/\/www.bio-key.com\/wp-content\/uploads\/2021\/12\/AKQA-GPTW-2021-Blue-300x169.webp 300w, https:\/\/www.bio-key.com\/wp-content\/uploads\/2021\/12\/AKQA-GPTW-2021-Blue-768x432.webp 768w, https:\/\/www.bio-key.com\/wp-content\/uploads\/2021\/12\/AKQA-GPTW-2021-Blue-1536x864.webp 1536w, https:\/\/www.bio-key.com\/wp-content\/uploads\/2021\/12\/AKQA-GPTW-2021-Blue.webp 1852w\" sizes=\"auto, (max-width: 1024px) 100vw, 1024px\" \/><\/figure>\n<\/div><\/div>\n\n\n\n<div class=\"wp-block-column is-vertically-aligned-center is-layout-flow wp-block-column-is-layout-flow\">\n<p>La experiencia de los empleados es siempre nuestra m\u00e1xima prioridad. Estamos orgullosos de ser Certified\u2122 por Great Place to Work\u00ae. Este a\u00f1o, el 88% de nuestros empleados afirm\u00f3 que BIO-key es un gran lugar para trabajar, 29 puntos m\u00e1s que la media de las empresas estadounidenses. \u00bfEst\u00e1s buscando crecer en tu carrera en una empresa que pone a las personas primero? <a href=\"https:\/\/www.bio-key.com\/careers\/\" target=\"_blank\" rel=\"noreferrer noopener\">Visita nuestra p\u00e1gina de empleo<\/a> ahora.<\/p>\n\n\n\n<p>Respetamos los derechos humanos y creemos en la igualdad a todos los niveles. Nuestras pr\u00e1cticas empresariales son imparciales y se centran en la toma de decisiones empresariales acertadas. BIO-key opera en todo el mundo y agradece la oportunidad de apoyar la necesidad de una seguridad s\u00f3lida para todos sus clientes.<br><\/p>\n<\/div>\n<\/div>\n\n\n\n<h3 class=\"wp-block-heading\">Programa de Salud y Seguridad<\/h3>\n\n\n\n<div class=\"wp-block-columns is-layout-flex wp-container-core-columns-is-layout-9d6595d7 wp-block-columns-is-layout-flex\">\n<div class=\"wp-block-column is-vertically-aligned-center is-layout-flow wp-block-column-is-layout-flow\">\n<p>Las personas hacen grande a nuestra empresa y tenemos el deber de proteger la salud, la seguridad y el bienestar de nuestros empleados y de otras personas que puedan verse afectadas por nuestra actividad.<\/p>\n\n\n\n<p>La seguridad es una prioridad para nosotros y nos aseguramos de proteger a nuestros empleados de cualquier cosa que pueda causarles da\u00f1o y de controlar cualquier riesgo para la salud que pueda surgir en el lugar de trabajo.<\/p>\n\n\n\n<p>BIO-key tambi\u00e9n ofrece un completo programa de asistencia sanitaria para todos los empleados a tiempo completo, que incluye servicios oftalmol\u00f3gicos y odontol\u00f3gicos. Nuestro seguro m\u00e9dico tambi\u00e9n ofrece a los empleados descuentos especiales por ir al gimnasio entre 50 y 100 veces al a\u00f1o.<\/p>\n<\/div>\n\n\n\n<div class=\"wp-block-column is-vertically-aligned-center is-layout-flow wp-block-column-is-layout-flow\"><div class=\"wp-block-image is-style-rounded\">\n<figure class=\"aligncenter size-large is-resized\"><img loading=\"lazy\" decoding=\"async\" width=\"1024\" height=\"683\" src=\"https:\/\/www.bio-key.com\/wp-content\/uploads\/2021\/12\/close-up-hands-red-heart-1024x683.jpeg\" alt=\"\" class=\"wp-image-14131\" style=\"width:300px\" srcset=\"https:\/\/www.bio-key.com\/wp-content\/uploads\/2021\/12\/close-up-hands-red-heart-1024x683.jpeg 1024w, https:\/\/www.bio-key.com\/wp-content\/uploads\/2021\/12\/close-up-hands-red-heart-300x200.jpeg 300w, https:\/\/www.bio-key.com\/wp-content\/uploads\/2021\/12\/close-up-hands-red-heart-768x513.jpeg 768w, https:\/\/www.bio-key.com\/wp-content\/uploads\/2021\/12\/close-up-hands-red-heart-1536x1025.jpeg 1536w, https:\/\/www.bio-key.com\/wp-content\/uploads\/2021\/12\/close-up-hands-red-heart-2048x1367.jpeg 2048w\" sizes=\"auto, (max-width: 1024px) 100vw, 1024px\" \/><\/figure>\n<\/div><\/div>\n<\/div>\n\n\n\n<div class=\"wp-block-group has-t-3-shark-background-color has-background\"><div class=\"wp-block-group__inner-container is-layout-flow wp-block-group-is-layout-flow\">\n<h3 class=\"wp-block-heading\">Normas de conducta empresarial<\/h3>\n\n\n\n<p>BIO-key se compromete a mantener los m\u00e1s altos est\u00e1ndares \u00e9ticos para nuestro negocio. Todos los empleados est\u00e1n sujetos a una comprobaci\u00f3n de antecedentes, que incluye la toma de huellas dactilares y el paso por el proceso federal de selecci\u00f3n de empleo E-Verify.<\/p>\n\n\n\n<p>Nuestras pr\u00e1cticas y decisiones empresariales se basan en pr\u00e1cticas \u00e9ticas. No participaremos en ninguna transacci\u00f3n comercial que no se considere habitual o fuera de lo normal. No aceptamos pagos de socios o clientes distintos de los derivados de las ventas de productos o servicios.<\/p>\n\n\n\n<p>BIO-key gestiona sus recursos con diligencia y mantiene registros comerciales precisos que se publican en el sitio web de la empresa y est\u00e1n a disposici\u00f3n del p\u00fablico. Protegemos la informaci\u00f3n confidencial de nuestros empleados, socios y proveedores. No comerciamos ni divulgamos informaci\u00f3n no p\u00fablica.<\/p>\n\n\n\n<p>Cumplimos las leyes de comercio internacional.<\/p>\n\n\n\n<p>Comercializamos con responsabilidad y respaldamos nuestros mensajes y afirmaciones. Competimos de forma agresiva, pero justa, con la \u00e9tica por delante. Nunca comprometeremos nuestras convicciones b\u00e1sicas para ganar un proyecto o un cliente. Obtenemos inteligencia empresarial de forma adecuada y la utilizamos de manera apropiada.<\/p>\n<\/div><\/div>\n","protected":false},"excerpt":{"rendered":"<p>Cuidar de nuestros ciudadanos, comunidades y medio ambiente En BIO-key, nos centramos en crear un valor que beneficie a todos y creemos que es nuestra responsabilidad corporativa devolver a la comunidad y al entorno en el que operamos. Estamos dedicados a &nbsp;brindar apoyo a trav\u00e9s del programa BIO-key Gives Back, haciendo contribuciones positivas siempre que [&hellip;]<\/p>\n","protected":false},"author":14,"featured_media":15496,"parent":0,"menu_order":0,"comment_status":"closed","ping_status":"closed","template":"tpl-about.php","meta":{"_acf_changed":false,"content-type":"","inline_featured_image":false,"footnotes":""},"class_list":["post-16165","page","type-page","status-publish","has-post-thumbnail","hentry"],"acf":[],"aioseo_notices":[],"featured_image_src":"https:\/\/www.bio-key.com\/wp-content\/uploads\/2020\/10\/rawfilm-ihMzQV3lleo-unsplash-scaled-e1603332551710.jpg?wsr","_links":{"self":[{"href":"https:\/\/www.bio-key.com\/es\/wp-json\/wp\/v2\/pages\/16165","targetHints":{"allow":["GET"]}}],"collection":[{"href":"https:\/\/www.bio-key.com\/es\/wp-json\/wp\/v2\/pages"}],"about":[{"href":"https:\/\/www.bio-key.com\/es\/wp-json\/wp\/v2\/types\/page"}],"author":[{"embeddable":true,"href":"https:\/\/www.bio-key.com\/es\/wp-json\/wp\/v2\/users\/14"}],"replies":[{"embeddable":true,"href":"https:\/\/www.bio-key.com\/es\/wp-json\/wp\/v2\/comments?post=16165"}],"version-history":[{"count":0,"href":"https:\/\/www.bio-key.com\/es\/wp-json\/wp\/v2\/pages\/16165\/revisions"}],"wp:featuredmedia":[{"embeddable":true,"href":"https:\/\/www.bio-key.com\/es\/wp-json\/wp\/v2\/media\/15496"}],"wp:attachment":[{"href":"https:\/\/www.bio-key.com\/es\/wp-json\/wp\/v2\/media?parent=16165"}],"curies":[{"name":"wp","href":"https:\/\/api.w.org\/{rel}","templated":true}]}}