{"id":16166,"date":"2021-04-12T11:00:00","date_gmt":"2021-04-12T11:00:00","guid":{"rendered":"https:\/\/www.bio-key.com\/escaneres-de-huellas-dactilares\/"},"modified":"2025-08-22T14:48:01","modified_gmt":"2025-08-22T14:48:01","slug":"escaneres-de-huellas-dactilares","status":"publish","type":"page","link":"https:\/\/www.bio-key.com\/es\/escaneres-de-huellas-dactilares\/","title":{"rendered":"Esc\u00e1neres de huellas dactilares BIO-key: Biometr\u00eda f\u00e1cil"},"content":{"rendered":"\n<p>BIO-key ofrece una variedad de esc\u00e1neres USB Windows Hello cualificados por Microsoft que funcionan perfectamente con Windows Hello y Windows Hello for Business. Estos esc\u00e1neres de huellas dactilares tambi\u00e9n se integran con la <a href=\"https:\/\/www.bio-key.com\/portalguard-2\/\" target=\"_blank\" rel=\"noopener\" title=\"Soluci\u00f3n BIO-key PortalGuard\">soluci\u00f3n BIO-key PortalGuard<\/a>. <\/p>\n\n\n\n<p>Explora nuestra selecci\u00f3n de esc\u00e1neres de huellas dactilares y descubre c\u00f3mo BIO-key puede aumentar tu seguridad y proteger tus activos.<\/p>\n\n\n\n<hr class=\"wp-block-separator has-text-color has-t-3-shark-color has-css-opacity has-t-3-shark-background-color has-background\">\n\n\n\n<div class=\"wp-block-columns is-layout-flex wp-container-core-columns-is-layout-9d6595d7 wp-block-columns-is-layout-flex\">\n<div class=\"wp-block-column is-layout-flow wp-block-column-is-layout-flow\" style=\"flex-basis:66.66%\">\n<h4 class=\"wp-block-heading\">SidePass<\/h4>\n\n\n\n<p>SidePass es un esc\u00e1ner de huellas dactilares USB compacto dise\u00f1ado para integrar f\u00e1cilmente la autenticaci\u00f3n biom\u00e9trica. Este asequible lector capacitivo ayuda a mejorar la seguridad y agilizar los flujos de trabajo, sustituyendo m\u00e9todos de inicio de sesi\u00f3n m\u00e1s lentos como las contrase\u00f1as y las tarjetas magn\u00e9ticas. <\/p>\n\n\n\n<p>Con su funci\u00f3n plug-and-play, SidePass a\u00f1ade compatibilidad con Windows Hello a cualquier dispositivo no biom\u00e9trico, eliminando la necesidad de costosas actualizaciones de hardware. Refuerza tu seguridad y mejora la eficiencia cambiando a una autenticaci\u00f3n biom\u00e9trica r\u00e1pida y sin contrase\u00f1a con SidePass. <\/p>\n\n\n\n<p class=\"has-cornflowerblue-color has-text-color\"><a href=\"https:\/\/www.bio-key.com\/fingerprint-scanners\/sidepass\/\" target=\"_blank\" rel=\"noopener\" title=\"\">M\u00e1s informaci\u00f3n<\/a><\/p>\n<\/div>\n\n\n\n<div class=\"wp-block-column is-vertically-aligned-center is-layout-flow wp-block-column-is-layout-flow\" style=\"flex-basis:33.33%\">\n<figure class=\"wp-block-image size-large is-style-rounded\"><img decoding=\"async\" src=\"https:\/\/www.bio-key.com\/wp-content\/uploads\/2020\/10\/sidepass_bannerimg-e1603417482660.png\" alt=\"Esc\u00e1ner de huellas dactilares BIO-key SidePass\"><\/figure>\n<\/div>\n<\/div>\n\n\n\n<hr class=\"wp-block-separator has-css-opacity\">\n\n\n\n<div class=\"wp-block-columns is-layout-flex wp-container-core-columns-is-layout-9d6595d7 wp-block-columns-is-layout-flex\">\n<div class=\"wp-block-column is-layout-flow wp-block-column-is-layout-flow\" style=\"flex-basis:66.66%\">\n<h4 class=\"wp-block-heading\">PIV-Pro<\/h4>\n\n\n\n<p>PIV-Pro es un esc\u00e1ner \u00f3ptico de huellas dactilares de \u00faltima generaci\u00f3n dise\u00f1ado para las necesidades gubernamentales y sanitarias. Garantiza un reconocimiento preciso de las huellas dactilares, minimizando los falsos positivos y negativos, al tiempo que cumple las normas FIPS 201 de precisi\u00f3n y conformidad. <\/p>\n\n\n\n<p>Construida para soportar entornos dif\u00edciles, la PIV-Pro presenta un dise\u00f1o robusto con un prisma sensor pr\u00e1cticamente indestructible que protege sus componentes. Esta durabilidad garantiza un rendimiento y una fiabilidad duraderos en condiciones exigentes. <\/p>\n\n\n\n<p class=\"has-cornflowerblue-color has-text-color\"><a href=\"https:\/\/www.bio-key.com\/fingerprint-scanners\/piv-pro\/\" target=\"_blank\" rel=\"noopener\" title=\"\">M\u00e1s informaci\u00f3n<\/a><\/p>\n<\/div>\n\n\n\n<div class=\"wp-block-column is-vertically-aligned-center is-layout-flow wp-block-column-is-layout-flow\" style=\"flex-basis:33.33%\">\n<figure class=\"wp-block-image is-style-rounded\"><img decoding=\"async\" src=\"https:\/\/www.bio-key.com\/wp-content\/uploads\/2020\/10\/banner-piv-pro-e1603416880454.jpg\" alt=\"Esc\u00e1ner de huellas dactilares BIO-key PIV-Pro\"><\/figure>\n<\/div>\n<\/div>\n\n\n\n<hr class=\"wp-block-separator has-css-opacity\">\n\n\n\n<div class=\"wp-block-columns is-layout-flex wp-container-core-columns-is-layout-9d6595d7 wp-block-columns-is-layout-flex\">\n<div class=\"wp-block-column is-layout-flow wp-block-column-is-layout-flow\" style=\"flex-basis:66.66%\">\n<h4 class=\"wp-block-heading\">EcoID II<\/h4>\n\n\n\n<p>EcoID II es un lector de huellas dactilares USB de nueva generaci\u00f3n que ofrece asequibilidad sin sacrificar el rendimiento. Dise\u00f1ado para una integraci\u00f3n perfecta en los procesos de inicio de sesi\u00f3n, incorpora un avanzado sensor termo\u00f3ptico activo para un reconocimiento de huellas dactilares preciso y fiable. <\/p>\n\n\n\n<p>Ideal para organizaciones de todos los tama\u00f1os, EcoID II proporciona una soluci\u00f3n rentable que refuerza la seguridad y mejora la eficacia operativa, eliminando las molestias y vulnerabilidades de los inicios de sesi\u00f3n con contrase\u00f1a tradicionales.<\/p>\n\n\n\n<p class=\"has-cornflowerblue-color has-text-color\"><a href=\"https:\/\/www.bio-key.com\/fingerprint-scanners\/ecoid2\/\" target=\"_blank\" rel=\"noopener\" title=\"\">M\u00e1s informaci\u00f3n<\/a><\/p>\n<\/div>\n\n\n\n<div class=\"wp-block-column is-vertically-aligned-center is-layout-flow wp-block-column-is-layout-flow\" style=\"flex-basis:33.33%\">\n<figure class=\"wp-block-image size-large is-style-rounded\"><img loading=\"lazy\" decoding=\"async\" width=\"1024\" height=\"651\" src=\"https:\/\/www.bio-key.com\/wp-content\/uploads\/2021\/08\/EcoID-2-crop-1024x651.png\" alt=\"Esc\u00e1ner de huellas dactilares BIO-key EcoID 2\" class=\"wp-image-13662\" srcset=\"https:\/\/www.bio-key.com\/wp-content\/uploads\/2021\/08\/EcoID-2-crop-1024x651.png 1024w, https:\/\/www.bio-key.com\/wp-content\/uploads\/2021\/08\/EcoID-2-crop-300x191.png 300w, https:\/\/www.bio-key.com\/wp-content\/uploads\/2021\/08\/EcoID-2-crop-768x488.png 768w, https:\/\/www.bio-key.com\/wp-content\/uploads\/2021\/08\/EcoID-2-crop-1536x977.png 1536w, https:\/\/www.bio-key.com\/wp-content\/uploads\/2021\/08\/EcoID-2-crop-2048x1302.png 2048w\" sizes=\"auto, (max-width: 1024px) 100vw, 1024px\" \/><\/figure>\n<\/div>\n<\/div>\n\n\n\n<hr class=\"wp-block-separator has-css-opacity\">\n\n\n\n<div class=\"wp-block-columns is-layout-flex wp-container-core-columns-is-layout-9d6595d7 wp-block-columns-is-layout-flex\">\n<div class=\"wp-block-column is-layout-flow wp-block-column-is-layout-flow\" style=\"flex-basis:66.66%\">\n<h4 class=\"wp-block-heading\">SideSwipe<\/h4>\n\n\n\n<p>SideSwipe es un innovador esc\u00e1ner de huellas dactilares deslizante que utiliza tecnolog\u00eda de radiofrecuencia. Compacto y duradero, mejora el proceso de inicio de sesi\u00f3n de cualquier dispositivo Windows con un puerto USB est\u00e1ndar, por lo que es perfecto para usuarios de tabletas y port\u00e1tiles que buscan una c\u00f3moda autenticaci\u00f3n biom\u00e9trica. <\/p>\n\n\n\n<p>Con SideSwipe, obtienes un reconocimiento de huellas dactilares fiable sin instalaciones complejas ni costosas actualizaciones de hardware. Su dise\u00f1o f\u00e1cil de usar garantiza un deslizamiento sin esfuerzo para una experiencia de autenticaci\u00f3n fluida, mientras que su portabilidad lo convierte en una soluci\u00f3n ideal para los profesionales que se desplazan. <\/p>\n\n\n\n<p class=\"has-cornflowerblue-color has-text-color\"><a href=\"https:\/\/www.bio-key.com\/fingerprint-scanners\/sideswipe\/\" target=\"_blank\" rel=\"noopener\" title=\"\">M\u00e1s informaci\u00f3n<\/a><\/p>\n<\/div>\n\n\n\n<div class=\"wp-block-column is-vertically-aligned-center is-layout-flow wp-block-column-is-layout-flow\" style=\"flex-basis:33.33%\">\n<figure class=\"wp-block-image is-style-rounded\"><img decoding=\"async\" src=\"https:\/\/www.bio-key.com\/wp-content\/uploads\/2020\/10\/810lpgAHDiL._AC_SL1500_-1024x768.jpg\" alt=\"Esc\u00e1ner de huellas dactilares BIO-key SideSwipe\"><\/figure>\n<\/div>\n<\/div>\n\n\n\n<hr class=\"wp-block-separator has-css-opacity\">\n\n\n\n<div class=\"wp-block-columns is-layout-flex wp-container-core-columns-is-layout-9d6595d7 wp-block-columns-is-layout-flex\">\n<div class=\"wp-block-column is-layout-flow wp-block-column-is-layout-flow\" style=\"flex-basis:66.66%\">\n<h4 class=\"wp-block-heading\">SideTouch<\/h4>\n\n\n\n<p>SideTouch es un esc\u00e1ner de huellas dactilares capacitivo compacto que ofrece un rendimiento de alta calidad para la autenticaci\u00f3n biom\u00e9trica. Dise\u00f1ado para una integraci\u00f3n perfecta, ofrece una soluci\u00f3n flexible para las organizaciones que buscan mejorar la seguridad y agilizar los flujos de trabajo. <\/p>\n\n\n\n<p>Utilizando una avanzada tecnolog\u00eda de sensores capacitivos, SideTouch garantiza un reconocimiento de huellas dactilares preciso y fiable, lo que lo convierte en una alternativa ideal a m\u00e9todos de inicio de sesi\u00f3n m\u00e1s lentos y menos seguros. Al incorporar SideTouch a tus procesos de inicio de sesi\u00f3n, puedes mejorar significativamente la seguridad y proteger la informaci\u00f3n sensible de accesos no autorizados. <\/p>\n\n\n\n<p class=\"has-cornflowerblue-color has-text-color\"><a href=\"https:\/\/www.bio-key.com\/fingerprint-scanners\/sidetouch\/\" target=\"_blank\" rel=\"noopener\" title=\"\">M\u00e1s informaci\u00f3n<\/a><\/p>\n<\/div>\n\n\n\n<div class=\"wp-block-column is-vertically-aligned-center is-layout-flow wp-block-column-is-layout-flow\" style=\"flex-basis:33.33%\">\n<figure class=\"wp-block-image size-large is-style-rounded\"><img loading=\"lazy\" decoding=\"async\" width=\"443\" height=\"427\" src=\"https:\/\/www.bio-key.com\/wp-content\/uploads\/2020\/10\/sidetouch_finger.jpg\" alt=\"Esc\u00e1ner de huellas dactilares BIO-key SideTouch\" class=\"wp-image-12329\" srcset=\"https:\/\/www.bio-key.com\/wp-content\/uploads\/2020\/10\/sidetouch_finger.jpg 443w, https:\/\/www.bio-key.com\/wp-content\/uploads\/2020\/10\/sidetouch_finger-300x289.jpg 300w\" sizes=\"auto, (max-width: 443px) 100vw, 443px\" \/><\/figure>\n<\/div>\n<\/div>\n\n\n\n<hr class=\"wp-block-separator has-css-opacity\">\n\n\n\n<div class=\"wp-block-columns is-layout-flex wp-container-core-columns-is-layout-9d6595d7 wp-block-columns-is-layout-flex\">\n<div class=\"wp-block-column is-layout-flow wp-block-column-is-layout-flow\" style=\"flex-basis:66.66%\">\n<h4 class=\"wp-block-heading\">Pocket10<\/h4>\n\n\n\n<p>Pocket10 es un esc\u00e1ner de huellas dactilares FAP 50 y Live Scan (10 huellas) con certificaci\u00f3n del FBI, dise\u00f1ado para las exigentes necesidades de las fuerzas del orden, el ej\u00e9rcito, el control de fronteras y los programas nacionales de identificaci\u00f3n.<\/p>\n\n\n\n<p>Este dispositivo revoluciona la gesti\u00f3n de la identidad m\u00f3vil al proporcionar una inscripci\u00f3n y verificaci\u00f3n r\u00e1pidas y precisas en el formato est\u00e1ndar 4-4-2. Con la avanzada Tecnolog\u00eda de Sensor Emisor de Luz (LES), Pocket10 garantiza un escaneado de huellas dactilares de alta calidad para una identificaci\u00f3n fiable. <\/p>\n\n\n\n<p>Dise\u00f1ado para ser port\u00e1til y duradero, el Pocket10 es perfecto para los profesionales que se desplazan y necesitan una captura de huellas dactilares eficaz. Su dise\u00f1o compacto y ligero facilita su uso en diversos entornos sin comprometer el rendimiento ni la calidad. <\/p>\n\n\n\n<p class=\"has-cornflowerblue-color has-text-color\"><a href=\"https:\/\/www.bio-key.com\/fingerprint-scanners\/pocket10\/\" target=\"_blank\" rel=\"noopener\" title=\"\">M\u00e1s informaci\u00f3n<\/a><\/p>\n<\/div>\n\n\n\n<div class=\"wp-block-column is-vertically-aligned-center is-layout-flow wp-block-column-is-layout-flow\" style=\"flex-basis:33.33%\">\n<figure class=\"wp-block-image size-large is-style-rounded\"><img loading=\"lazy\" decoding=\"async\" width=\"1024\" height=\"683\" src=\"https:\/\/www.bio-key.com\/wp-content\/uploads\/2021\/04\/usage-zoom-in-1024x683.png\" alt=\"Esc\u00e1ner de huellas dactilares BIO-key Pocket10\" class=\"wp-image-13142\" srcset=\"https:\/\/www.bio-key.com\/wp-content\/uploads\/2021\/04\/usage-zoom-in-1024x683.png 1024w, https:\/\/www.bio-key.com\/wp-content\/uploads\/2021\/04\/usage-zoom-in-300x200.png 300w, https:\/\/www.bio-key.com\/wp-content\/uploads\/2021\/04\/usage-zoom-in-768x512.png 768w, https:\/\/www.bio-key.com\/wp-content\/uploads\/2021\/04\/usage-zoom-in.png 1046w\" sizes=\"auto, (max-width: 1024px) 100vw, 1024px\" \/><\/figure>\n<\/div>\n<\/div>\n\n\n\n<hr class=\"wp-block-separator has-css-opacity\">\n\n\n\n<h3 class=\"wp-block-heading has-text-align-center\">Disponible en<\/h3>\n\n\n\n<div class=\"wp-block-columns is-layout-flex wp-container-core-columns-is-layout-9d6595d7 wp-block-columns-is-layout-flex\">\n<div class=\"wp-block-column is-layout-flow wp-block-column-is-layout-flow\"><div class=\"wp-block-image\">\n<figure class=\"aligncenter size-full is-resized\"><img loading=\"lazy\" decoding=\"async\" width=\"1000\" height=\"375\" src=\"https:\/\/www.bio-key.com\/wp-content\/uploads\/2025\/02\/amazon-logo.png\" alt=\"\" class=\"wp-image-20335\" style=\"width:auto;height:150px\" srcset=\"https:\/\/www.bio-key.com\/wp-content\/uploads\/2025\/02\/amazon-logo.png 1000w, https:\/\/www.bio-key.com\/wp-content\/uploads\/2025\/02\/amazon-logo-300x113.png 300w, https:\/\/www.bio-key.com\/wp-content\/uploads\/2025\/02\/amazon-logo-768x288.png 768w\" sizes=\"auto, (max-width: 1000px) 100vw, 1000px\" \/><\/figure>\n<\/div><\/div>\n\n\n\n<div class=\"wp-block-column is-layout-flow wp-block-column-is-layout-flow\"><div class=\"wp-block-image\">\n<figure class=\"aligncenter size-large is-resized\"><img loading=\"lazy\" decoding=\"async\" width=\"1024\" height=\"311\" src=\"https:\/\/www.bio-key.com\/wp-content\/uploads\/2025\/02\/DELL-logo-1024x311.png\" alt=\"\" class=\"wp-image-20337\" style=\"width:auto;height:100px\" srcset=\"https:\/\/www.bio-key.com\/wp-content\/uploads\/2025\/02\/DELL-logo-1024x311.png 1024w, https:\/\/www.bio-key.com\/wp-content\/uploads\/2025\/02\/DELL-logo-300x91.png 300w, https:\/\/www.bio-key.com\/wp-content\/uploads\/2025\/02\/DELL-logo-768x233.png 768w, https:\/\/www.bio-key.com\/wp-content\/uploads\/2025\/02\/DELL-logo.png 1200w\" sizes=\"auto, (max-width: 1024px) 100vw, 1024px\" \/><\/figure>\n<\/div><\/div>\n<\/div>\n","protected":false},"excerpt":{"rendered":"<p>BIO-key ofrece una variedad de esc\u00e1neres USB Windows Hello cualificados por Microsoft que funcionan perfectamente con Windows Hello y Windows Hello for Business. Estos esc\u00e1neres de huellas dactilares tambi\u00e9n se integran con la soluci\u00f3n BIO-key PortalGuard. Explora nuestra selecci\u00f3n de esc\u00e1neres de huellas dactilares y descubre c\u00f3mo BIO-key puede aumentar tu seguridad y proteger tus [&hellip;]<\/p>\n","protected":false},"author":14,"featured_media":15517,"parent":0,"menu_order":0,"comment_status":"closed","ping_status":"closed","template":"tpl-products.php","meta":{"_acf_changed":false,"content-type":"","inline_featured_image":false,"footnotes":""},"class_list":["post-16166","page","type-page","status-publish","has-post-thumbnail","hentry"],"acf":[],"aioseo_notices":[],"featured_image_src":"https:\/\/www.bio-key.com\/wp-content\/uploads\/2020\/10\/fingerprint-scanners-to_EDIT-e1603418470337.jpg?wsr","_links":{"self":[{"href":"https:\/\/www.bio-key.com\/es\/wp-json\/wp\/v2\/pages\/16166","targetHints":{"allow":["GET"]}}],"collection":[{"href":"https:\/\/www.bio-key.com\/es\/wp-json\/wp\/v2\/pages"}],"about":[{"href":"https:\/\/www.bio-key.com\/es\/wp-json\/wp\/v2\/types\/page"}],"author":[{"embeddable":true,"href":"https:\/\/www.bio-key.com\/es\/wp-json\/wp\/v2\/users\/14"}],"replies":[{"embeddable":true,"href":"https:\/\/www.bio-key.com\/es\/wp-json\/wp\/v2\/comments?post=16166"}],"version-history":[{"count":0,"href":"https:\/\/www.bio-key.com\/es\/wp-json\/wp\/v2\/pages\/16166\/revisions"}],"wp:featuredmedia":[{"embeddable":true,"href":"https:\/\/www.bio-key.com\/es\/wp-json\/wp\/v2\/media\/15517"}],"wp:attachment":[{"href":"https:\/\/www.bio-key.com\/es\/wp-json\/wp\/v2\/media?parent=16166"}],"curies":[{"name":"wp","href":"https:\/\/api.w.org\/{rel}","templated":true}]}}