{"id":16174,"date":"2020-10-21T18:35:33","date_gmt":"2020-10-21T18:35:33","guid":{"rendered":"https:\/\/www.bio-key.com\/socios\/"},"modified":"2025-09-22T14:59:08","modified_gmt":"2025-09-22T14:59:08","slug":"partners","status":"publish","type":"page","link":"https:\/\/www.bio-key.com\/es\/partners\/","title":{"rendered":"Partners"},"content":{"rendered":"<section id=\"Intro\" class=\"bg-white px-80 m-px-40 m-text-center\">\n    <div class=\"container grid m-one\">\n        <div class=\"six\">\n            <h1 class=\"h4 alizarincrimson mt-0 mb-24 m-mb-16 flex flex-center m-justify-center\">\n                <span class=\"mb-4\">Channel Alliance Partner Program<\/span>\n                            <\/h1>\n\n                            <span class=\"block h1 mt-24 mb-24 m-mb-16\">Bring a One-of a-Kind IAM Solution to Your Customers<\/span>\n            \n\n                            <p class=\"h4 weight-normal t60shark mt-24 mb-40 m-mt-16 m-mb-32\">\n                    We believe that partnerships are about mutual growth and success. By becoming a valued BIO-key partner, you gain the opportunity to provide your customers with IAM solutions that provide unparalleled value and address their most pressing cybersecurity pain points and challenges. Together, we deliver exceptional IAM solutions to address the evolving cybersecurity landscape and meet the unique needs of your customers.                 <\/p>\n            \n            <div class=\"inline-buttons\">\n                                    <a href=\"#PortalGuard\" class=\"i-button p bg-alizarincrimson white border-alizarincrimson m-mb-16 m-smaller\">Why PortalGuard\u00ae?<svg xmlns=\"http:\/\/www.w3.org\/2000\/svg\" class=\"m-hide ml-6\" fill=\"#ffffff\" viewBox=\"0 0 16 16\" width=\"12\" height=\"12\"><g class=\"nc-icon-wrapper\" ><polygon points=\"9.3,1.3 7.9,2.7 12.2,7 0,7 0,9 12.2,9 7.9,13.3 9.3,14.7 16,8 \"\/><\/g><\/svg><\/a>\n                            <\/div>\n        <\/div>\n        <div class=\"five start-eight\">\n                            <img loading=\"lazy\" decoding=\"async\" src=\"https:\/\/www.bio-key.com\/wp-content\/uploads\/2023\/01\/partners.png?wsr\" alt=\"\" width=\"456\" height=\"398\">\n                                <\/div>\n    <\/div>\n<\/section>\n\n\n\n\n<h3 class=\"wp-block-heading has-text-align-center\">\u00bfTe interesa &nbsp;inscribirte al Programa de Partners? <\/h3>\n\n\n\n<h3 class=\"wp-block-heading has-text-align-center\">Cont\u00e1ctenos usando el bot\u00f3n a continuaci\u00f3n &nbsp;para brindarle a nuestro equipo informaci\u00f3n b\u00e1sica.<\/h3>\n\n\n\n<div style=\"height:40px\" aria-hidden=\"true\" class=\"wp-block-spacer\"><\/div>\n\n\n\n<div class=\"wp-block-buttons is-content-justification-center is-layout-flex wp-container-core-buttons-is-layout-16018d1d wp-block-buttons-is-layout-flex\">\n<div class=\"wp-block-button\"><a class=\"wp-block-button__link has-white-color has-alizarincrimson-background-color has-text-color has-background has-link-color has-medium-font-size has-custom-font-size wp-element-button\" href=\"https:\/\/www.bio-key.com\/partners\/#ContactForm\">Cont\u00e1ctenos para oportunidades de partners<\/a><\/div>\n<\/div>\n\n\n\n<div style=\"height:55px\" aria-hidden=\"true\" class=\"wp-block-spacer\"><\/div>\n","protected":false},"excerpt":{"rendered":"<p>\u00bfTe interesa &nbsp;inscribirte al Programa de Partners? Cont\u00e1ctenos usando el bot\u00f3n a continuaci\u00f3n &nbsp;para brindarle a nuestro equipo informaci\u00f3n b\u00e1sica.<\/p>\n","protected":false},"author":14,"featured_media":0,"parent":0,"menu_order":0,"comment_status":"closed","ping_status":"closed","template":"tpl-portal-guard.php","meta":{"_acf_changed":false,"content-type":"","inline_featured_image":false,"footnotes":""},"class_list":["post-16174","page","type-page","status-publish","hentry"],"acf":[],"aioseo_notices":[],"featured_image_src":null,"_links":{"self":[{"href":"https:\/\/www.bio-key.com\/es\/wp-json\/wp\/v2\/pages\/16174","targetHints":{"allow":["GET"]}}],"collection":[{"href":"https:\/\/www.bio-key.com\/es\/wp-json\/wp\/v2\/pages"}],"about":[{"href":"https:\/\/www.bio-key.com\/es\/wp-json\/wp\/v2\/types\/page"}],"author":[{"embeddable":true,"href":"https:\/\/www.bio-key.com\/es\/wp-json\/wp\/v2\/users\/14"}],"replies":[{"embeddable":true,"href":"https:\/\/www.bio-key.com\/es\/wp-json\/wp\/v2\/comments?post=16174"}],"version-history":[{"count":0,"href":"https:\/\/www.bio-key.com\/es\/wp-json\/wp\/v2\/pages\/16174\/revisions"}],"wp:attachment":[{"href":"https:\/\/www.bio-key.com\/es\/wp-json\/wp\/v2\/media?parent=16174"}],"curies":[{"name":"wp","href":"https:\/\/api.w.org\/{rel}","templated":true}]}}