{"id":16177,"date":"2020-10-21T12:43:07","date_gmt":"2020-10-21T12:43:07","guid":{"rendered":"https:\/\/www.bio-key.com\/relaciones-con-los-inversores\/"},"modified":"2026-03-31T13:47:15","modified_gmt":"2026-03-31T13:47:15","slug":"relaciones-con-los-inversores","status":"publish","type":"page","link":"https:\/\/www.bio-key.com\/es\/relaciones-con-los-inversores\/","title":{"rendered":"Relaciones con los inversores"},"content":{"rendered":"\n<h3 class=\"wp-block-heading\">Imagina tener la sabidur\u00eda de una empresa de m\u00e1s de 20 a\u00f1os, pero el entusiasmo y el esp\u00edritu innovador de una start-up.<\/h3>\n\n\n\n<p><strong>NASDAQ: BKYI<\/strong><\/p>\n\n\n\n<p>Imagina tener un conjunto de productos probados y comprobados por el gobierno federal, grupos federales de evaluaci\u00f3n tecnol\u00f3gica, Microsoft, clientes de Fortune 500 y consumidores exigentes.&nbsp;<\/p>\n\n\n\n<!-- TradingView Widget BEGIN -->\n<div class=\"tradingview-widget-container\">\n  <div id=\"tradingview_3f5ae\"><\/div>\n  <div class=\"tradingview-widget-copyright\"><a href=\"https:\/\/www.tradingview.com\/symbols\/NASDAQ-BKYI\/\" rel=\"noopener noreferrer\" target=\"_blank\"><span class=\"blue-text\">BKYI Gr\u00e1fico<\/span><\/a> por TradingView<\/div>\n  <script type=\"text\/javascript\" src=\"https:\/\/s3.tradingview.com\/tv.js\"><\/script>\n  <script type=\"text\/javascript\">\n  new TradingView.widget(\n  {\n  \"width\": 100%,\n  \"height\": 330,\n  \"symbol\": \"NASDAQ:BKYI\",\n  \"interval\": \"D\",\n  \"timezone\": \"Etc\/UTC\",\n  \"theme\": \"light\",\n  \"style\": \"1\",\n  \"locale\": \"en\",\n  \"toolbar_bg\": \"#f1f3f6\",\n  \"enable_publishing\": false,\n  \"allow_symbol_change\": true,\n  \"container_id\": \"tradingview_3f5ae\"\n}\n  );\n  <\/script>\n<\/div>\n<!-- TradingView Widget END -->\n\n\n\n<hr class=\"wp-block-separator has-text-color has-t-3-shark-color has-css-opacity has-t-3-shark-background-color has-background is-style-wide\">\n\n\n\n<figure class=\"wp-block-pullquote is-style-default has-alizarincrimson-color has-text-color\"><blockquote><p>Conocida por revolucionar el panorama del mercado con sus soluciones de gesti\u00f3n de acceso a la identidad (IAM) e identidad biom\u00e9trica, BIO-key sigue ampliando la gama de productos de la empresa dise\u00f1ados para mejorar la seguridad y los flujos de trabajo de autenticaci\u00f3n para clientes empresariales de todo el mundo.&nbsp;<\/p><\/blockquote><\/figure>\n\n\n\n<hr class=\"wp-block-separator has-text-color has-t-3-shark-color has-css-opacity has-t-3-shark-background-color has-background is-style-default\">\n\n\n\n<div class=\"wp-block-group has-white-color has-shark-background-color has-text-color has-background has-link-color wp-elements-7df93e2b4766267c347b759df83d4250\"><div class=\"wp-block-group__inner-container is-layout-constrained wp-block-group-is-layout-constrained\">\n<h2 class=\"wp-block-heading has-text-align-center has-white-color has-text-color has-link-color has-large-font-size wp-elements-5fefe49d667cb32cbba42861be662d73\">Presentaci\u00f3n de BIO-key a los inversores<\/h2>\n\n\n\n<div class=\"wp-block-columns are-vertically-aligned-center is-layout-flex wp-container-core-columns-is-layout-9d6595d7 wp-block-columns-is-layout-flex\">\n<div class=\"wp-block-column is-vertically-aligned-center is-layout-flow wp-block-column-is-layout-flow\">\n<h3 class=\"wp-block-heading has-text-align-center has-white-color has-text-color has-link-color wp-elements-f02822271d6e86c292d30ac8a90ab2f6\">Enero de 2026<\/h3>\n<\/div>\n\n\n\n<div class=\"wp-block-column is-vertically-aligned-center is-layout-flow wp-block-column-is-layout-flow\"><div class=\"wp-block-image\">\n<figure class=\"aligncenter size-full is-resized\"><a href=\"https:\/\/www.bio-key.com\/wp-content\/uploads\/2026\/01\/BIO-key-IR-Jan-2026.pdf\" target=\"_blank\" rel=\"noreferrer noopener\"><img loading=\"lazy\" decoding=\"async\" width=\"502\" height=\"502\" src=\"https:\/\/www.bio-key.com\/wp-content\/uploads\/2023\/09\/Presentation.png\" alt=\"Presentaci\u00f3n\" class=\"wp-image-17392\" style=\"width:114px;height:114px\" srcset=\"https:\/\/www.bio-key.com\/wp-content\/uploads\/2023\/09\/Presentation.png 502w, https:\/\/www.bio-key.com\/wp-content\/uploads\/2023\/09\/Presentation-300x300.png 300w, https:\/\/www.bio-key.com\/wp-content\/uploads\/2023\/09\/Presentation-150x150.png 150w\" sizes=\"auto, (max-width: 502px) 100vw, 502px\" \/><\/a><figcaption class=\"wp-element-caption\">Haz clic para descargar<\/figcaption><\/figure>\n<\/div><\/div>\n<\/div>\n<\/div><\/div>\n\n\n\n<div class=\"wp-block-group has-white-color has-cornflowerblue-background-color has-text-color has-background\"><div class=\"wp-block-group__inner-container is-layout-flow wp-block-group-is-layout-flow\">\n<h2 class=\"wp-block-heading has-text-align-center has-white-color has-text-color\">\u00daltimos informes trimestrales<\/h2>\n\n\n\n<div class=\"wp-block-columns are-vertically-aligned-bottom is-layout-flex wp-container-core-columns-is-layout-9d6595d7 wp-block-columns-is-layout-flex\">\n<div class=\"wp-block-column is-vertically-aligned-bottom is-layout-flow wp-block-column-is-layout-flow\"><div class=\"wp-block-image\">\n<figure class=\"aligncenter size-full is-resized\"><a href=\"https:\/\/event.choruscall.com\/mediaframe\/webcast.html?webcastid=THYmva23\" target=\"_blank\" rel=\"noreferrer noopener\"><img loading=\"lazy\" decoding=\"async\" width=\"501\" height=\"501\" src=\"https:\/\/www.bio-key.com\/wp-content\/uploads\/2023\/09\/Webcast.png\" alt=\"\" class=\"wp-image-17402\" style=\"width:123px;height:auto\" srcset=\"https:\/\/www.bio-key.com\/wp-content\/uploads\/2023\/09\/Webcast.png 501w, https:\/\/www.bio-key.com\/wp-content\/uploads\/2023\/09\/Webcast-300x300.png 300w, https:\/\/www.bio-key.com\/wp-content\/uploads\/2023\/09\/Webcast-150x150.png 150w\" sizes=\"auto, (max-width: 501px) 100vw, 501px\" \/><\/a><figcaption class=\"wp-element-caption\">Haz clic para descargar<\/figcaption><\/figure>\n<\/div>\n\n\n<h4 class=\"wp-block-heading has-text-align-center has-white-color has-text-color has-link-color wp-elements-080a382aba61f4fb2f770ece6a313954\"><a href=\"https:\/\/event.choruscall.com\/mediaframe\/webcast.html?webcastid=THYmva23\" target=\"_blank\" rel=\"noopener\" title=\"Webcast del 4\u00ba trimestre y del ejercicio 2025\">Webcast del 4\u00ba trimestre y del ejercicio 2025<\/a><\/h4>\n<\/div>\n\n\n\n<div class=\"wp-block-column is-vertically-aligned-bottom is-layout-flow wp-block-column-is-layout-flow\">\n<div class=\"wp-block-group\"><div class=\"wp-block-group__inner-container is-layout-flow wp-block-group-is-layout-flow\"><div class=\"wp-block-image\">\n<figure class=\"aligncenter size-full is-resized\"><a href=\"https:\/\/www.bio-key.com\/wp-content\/uploads\/2026\/03\/BKYI-Q425-3-31-26.pdf\" target=\"_blank\" rel=\"noreferrer noopener\"><img loading=\"lazy\" decoding=\"async\" width=\"301\" height=\"301\" src=\"https:\/\/www.bio-key.com\/wp-content\/uploads\/2023\/09\/PR-Icon.png\" alt=\"\" class=\"wp-image-17404\" style=\"width:123px;height:123px\" srcset=\"https:\/\/www.bio-key.com\/wp-content\/uploads\/2023\/09\/PR-Icon.png 301w, https:\/\/www.bio-key.com\/wp-content\/uploads\/2023\/09\/PR-Icon-150x150.png 150w\" sizes=\"auto, (max-width: 301px) 100vw, 301px\" \/><\/a><figcaption class=\"wp-element-caption\">Haz clic para descargar<\/figcaption><\/figure>\n<\/div><\/div><\/div>\n\n\n\n<h4 class=\"wp-block-heading has-text-align-center has-white-color has-text-color has-link-color wp-elements-5e8074c9403870bd282f5330fe178f46\"><a href=\"https:\/\/www.bio-key.com\/wp-content\/uploads\/2026\/03\/BKYI-Q425-3-31-26.pdf\" target=\"_blank\" rel=\"noopener\" title=\"\">Comunicado de prensa<\/a><\/h4>\n<\/div>\n<\/div>\n\n\n\n<div class=\"wp-block-buttons py-20 is-horizontal is-content-justification-center is-layout-flex wp-container-core-buttons-is-layout-499968f5 wp-block-buttons-is-layout-flex\">\n<div class=\"wp-block-button is-style-outline py-20 is-style-outline--1\"><a class=\"wp-block-button__link has-white-color has-cornflowerblue-background-color has-text-color has-background wp-element-button\" href=\"https:\/\/www.bio-key.com\/sec-filings\/\" target=\"_blank\" rel=\"https:\/\/www.bio-key.com\/sec-filings\/ noopener noreferrer\"><strong>Ver todos los archivos SEC<\/strong><\/a><\/div>\n<\/div>\n<\/div><\/div>\n\n\n\n<h3 class=\"wp-block-heading has-text-align-left\">Informes XBRL<\/h3>\n\n\n\n<ul class=\"wp-block-list\">\n<li><a href=\"https:\/\/info.bio-key.com\/hubfs\/10-Q%20Q2%202025-xbrl.zip\" target=\"_blank\" rel=\"noopener\" title=\"10-Q T2 2025-xbrl\"><\/a><a href=\"https:\/\/www.bio-key.com\/wp-content\/uploads\/2025\/11\/10-Q-Q3-2025-xbrl.zip\" target=\"_blank\" rel=\"noopener\" title=\"10-Q T3 2025-xbrl\">10-Q T3 2025-xbrl<\/a><\/li>\n\n\n\n<li><a href=\"https:\/\/info.bio-key.com\/hubfs\/10-Q%20Q2%202025-xbrl.zip\" target=\"_blank\" rel=\"noopener\" title=\"10-Q T2 2025-xbrl\">10-Q T2 2025-xbrl<\/a><\/li>\n\n\n\n<li><a href=\"https:\/\/info.bio-key.com\/hubfs\/10-Q%20Q1%202025-xbrl.zip\" target=\"_blank\" rel=\"noopener\" title=\"10-Q T1 2025-xbrl\">10-Q T1 2025-xbrl<\/a><\/li>\n\n\n\n<li><a href=\"https:\/\/info.bio-key.com\/hubfs\/10-Q%20Q3%202024-xbrl.zip\" target=\"_blank\" rel=\"noopener\" title=\"10-Q T3 2024-xbrl\">10-Q T3 2024-xbrl<\/a><\/li>\n\n\n\n<li><a href=\"https:\/\/info.bio-key.com\/hubfs\/10-Q%20Q2%202024-xbrl.zip\" target=\"_blank\" rel=\"noopener\" title=\"10-Q T2 2024-xbrl\">10-Q T2 2024-xbrl<\/a><\/li>\n\n\n\n<li><a href=\"https:\/\/info.bio-key.com\/hubfs\/10-Q%20Q1%202024-xbrl.zip\" target=\"_blank\" rel=\"noopener\" title=\"10-Q T1 2024-xbrl.zip\">10-Q T1 2024-xbrl<\/a><\/li>\n\n\n\n<li><a href=\"https:\/\/info.bio-key.com\/hubfs\/10-K%202024-xbrl.zip\" target=\"_blank\" rel=\"noopener\" title=\"10-K 2024-xbrl\">10-K 2024-xbrl<\/a><\/li>\n\n\n\n<li><a href=\"https:\/\/info.bio-key.com\/hubfs\/10-K%202023-xbrl.zip\" target=\"_blank\" rel=\"noopener\" title=\"10-K 2023-xbrl.zip\">10-K 2023-xbrl<\/a><\/li>\n\n\n\n<li><a href=\"https:\/\/info.bio-key.com\/hubfs\/10-K%202022-xbrl.zip\" target=\"_blank\" rel=\"noopener\" title=\"10-K 2022-xbrl.zip\">10-K 2022-xbrl<\/a><\/li>\n<\/ul>\n\n\n\n<div class=\"wp-block-group\"><div class=\"wp-block-group__inner-container is-layout-flow wp-block-group-is-layout-flow\">\n<hr class=\"wp-block-separator has-alpha-channel-opacity\">\n\n\n\n<h3 class=\"wp-block-heading has-text-align-center\"><strong><span id=\"why-bio-key\">POR QU\u00c9 BIO-key<\/span><\/strong><\/h3>\n\n\n\n<p class=\"has-text-align-center\">El Presidente y Consejero Delegado de BIO-key, Mike DePasquale, se une a Michael Serrano, Director General de RedChip, en el programa <strong>Small Stocks Big Money<\/strong> de Bloomberg TV para hablar del panorama actual del segmento de Gesti\u00f3n de Identidad y Acceso del mercado de la ciberseguridad. Mike destaca la plataforma altamente flexible de BIO-key, que admite hasta 17 factores de autenticaci\u00f3n diferentes para abordar diversos casos de uso global, incluidas soluciones sin contrase\u00f1a, sin token y sin tel\u00e9fono.<br><\/p>\n\n\n\n<div style=\"height:20px\" aria-hidden=\"true\" class=\"wp-block-spacer\"><\/div>\n\n\n\n<figure class=\"wp-block-video\"><video controls=\"\" src=\"https:\/\/1897291.fs1.hubspotusercontent-na1.net\/hubfs\/1897291\/BIO-key%20x%20RedChip.mp4\"><\/video><\/figure>\n\n\n\n<div style=\"height:20px\" aria-hidden=\"true\" class=\"wp-block-spacer\"><\/div>\n\n\n\n<p class=\"has-text-align-center\"><strong>Mike Depasquale, Presidente y Consejero Delegado de BIO-key<\/strong>, comparte actualizaciones clave del negocio y puntos de vista sobre el panorama mundial de la identidad y la seguridad, destacando las crecientes oportunidades internacionales para las soluciones biom\u00e9tricas de BIO-key en los sectores sanitario, bancario y de defensa.<\/p>\n\n\n\n<div style=\"height:20px\" aria-hidden=\"true\" class=\"wp-block-spacer\"><\/div>\n\n\n\n<figure class=\"wp-block-video\"><video controls=\"\" src=\"https:\/\/1897291.fs1.hubspotusercontent-na1.net\/hubfs\/1897291\/bbs-01-06-26-mike-depasquale.mp4\"><\/video><\/figure>\n\n\n\n<div style=\"height:20px\" aria-hidden=\"true\" class=\"wp-block-spacer\"><\/div>\n\n\n\n<p class=\"has-text-align-center\"><strong>Mike Depasquale, Presidente y Director General de BIO-key<\/strong>, habla de la biometr\u00eda de pr\u00f3xima generaci\u00f3n con IA y de las oportunidades internacionales en The Big Biz Show el 16 de septiembre de 2025.<\/p>\n\n\n\n<div style=\"height:20px\" aria-hidden=\"true\" class=\"wp-block-spacer\"><\/div>\n\n\n\n<figure class=\"wp-block-video\"><video controls=\"\" src=\"https:\/\/1897291.fs1.hubspotusercontent-na1.net\/hubfs\/1897291\/BBS%2009-16-25%20Mike%20DePasquale.mp4\"><\/video><\/figure>\n\n\n\n<div style=\"height:20px\" aria-hidden=\"true\" class=\"wp-block-spacer\"><\/div>\n\n\n\n<p class=\"has-text-align-center\"><strong>Mike Depasquale, Presidente y Consejero Delegado de BIO-key<\/strong>, participa en la serie de charlas al aire libre de la Conferencia Tecnol\u00f3gica Virtual 2025 para hablar de por qu\u00e9 las empresas se est\u00e1n pasando a BIO-key desde la AMF tradicional que se basa en tel\u00e9fonos y tokens, y por qu\u00e9 las soluciones biom\u00e9tricas basadas en la identidad de BIO-key destacan.<\/p>\n\n\n\n<div style=\"height:20px\" aria-hidden=\"true\" class=\"wp-block-spacer\"><\/div>\n\n\n<div style=\"width: 100%; \" class=\"ub-advanced-video-container wp-block-ub-advanced-video\" id=\"ub-advanced-video-b5f32538-588a-4392-86d9-d814eaed7069\"><div class=\"ub-advanced-video-embed\" style=\"box-shadow: 0px -0px 0px 0px rgba(0, 0, 0, 1); border-top: 0px solid ; border-left: 0px solid ; border-right: 0px solid ; border-bottom: 0px solid ; border-top-left-radius: 0px; border-top-right-radius: 0px; border-bottom-left-radius: 0px; border-bottom-right-radius: 0px; --ub-advanced-video-aspect-ratio: 0\/0; \"><video poster=\"https:\/\/www.bio-key.com\/wp-content\/uploads\/2025\/06\/Virtual-Tech-Conference-Fireside-Chat-thumbnail.png\" controls width=\"500\" height=\"500\"><source src=\"https:\/\/info.bio-key.com\/hubfs\/day-2-track-1-1100.mp4\"><\/source><\/video><\/div><\/div>\n\n\n<div style=\"height:20px\" aria-hidden=\"true\" class=\"wp-block-spacer\"><\/div>\n\n\n\n<p class=\"has-text-align-center\"><strong>Mike Depasquale, nuestro Presidente y Director General<\/strong>, actualiza el reciente \u00e9xito y las oportunidades de BIO-key, incluso con la IA, en The Big Biz Show el 29 de mayo de 2025.<\/p>\n\n\n\n<div style=\"height:20px\" aria-hidden=\"true\" class=\"wp-block-spacer\"><\/div>\n\n\n\n<figure class=\"wp-block-video\"><video controls=\"\" src=\"https:\/\/info.bio-key.com\/hubfs\/BBS%2005-29-25%20Mike%20DePasquale.mp4\"><\/video><\/figure>\n\n\n\n<div style=\"height:20px\" aria-hidden=\"true\" class=\"wp-block-spacer\"><\/div>\n\n\n\n<p class=\"has-text-align-center\"><strong>Mike Depasquale, nuestro Presidente y Director General<\/strong>, expone las soluciones de BIO-key para hacer frente a los cambiantes retos de la ciberseguridad en The Big Biz Show el 17 de octubre de 2024<\/p>\n\n\n\n<div style=\"height:20px\" aria-hidden=\"true\" class=\"wp-block-spacer\"><\/div>\n\n\n<div style=\"width: 100%; \" class=\"ub-advanced-video-container wp-block-ub-advanced-video\" id=\"ub-advanced-video-0695c12d-f7fb-4051-a31b-036afb86c356\"><div class=\"ub-advanced-video-embed\" style=\"box-shadow: 0px -0px 0px 0px rgba(0, 0, 0, 1); border-top: 0px solid ; border-left: 0px solid ; border-right: 0px solid ; border-bottom: 0px solid ; border-top-left-radius: 0px; border-top-right-radius: 0px; border-bottom-left-radius: 0px; border-bottom-right-radius: 0px; --ub-advanced-video-aspect-ratio: 0\/0; \"><video controls width=\"500\" height=\"500\"><source src=\"https:\/\/info.bio-key.com\/hubfs\/BBS%2010-15-24%20Mike%20DePasquale.mp4\"><\/source><\/video><\/div><\/div>\n\n\n<hr class=\"wp-block-separator has-alpha-channel-opacity\">\n\n\n\n<h3 class=\"wp-block-heading has-text-align-center\"><strong>BIO-key en las noticias<\/strong><\/h3>\n\n\n\n<p class=\"has-text-align-center\">El director general de BIO-key International, Michael Depasquale, se uni\u00f3 a Steve Darling, de Proactive, para anunciar un nuevo e importante contrato con el Departamento de Educaci\u00f3n del Estado de Wyoming (WDE) para el despliegue de su plataforma PortalGuard IDaaS.  <a href=\"https:\/\/www.proactiveinvestors.com\/companies\/news\/1066551\/bio-key-wins-major-contracts-as-company-looks-for-global-growth-with-cybersecurity-technology.html\" target=\"_blank\" rel=\"noopener\" title=\"Leer m\u00e1s\">Leer m\u00e1s<\/a><\/p>\n\n\n\n<div style=\"height:20px\" aria-hidden=\"true\" class=\"wp-block-spacer\"><\/div>\n\n\n\n<figure class=\"wp-block-embed is-type-video is-provider-youtube wp-block-embed-youtube wp-embed-aspect-16-9 wp-has-aspect-ratio\"><div class=\"wp-block-embed__wrapper\">\n<iframe loading=\"lazy\" title=\"BIO-key wins major contracts as company looks for global growth  with cybersecurity technology\" width=\"500\" height=\"281\" src=\"https:\/\/www.youtube.com\/embed\/XnnAtTwu0Y0?start=1&#038;feature=oembed\" frameborder=\"0\" allow=\"accelerometer; autoplay; clipboard-write; encrypted-media; gyroscope; picture-in-picture; web-share\" referrerpolicy=\"strict-origin-when-cross-origin\" allowfullscreen><\/iframe>\n<\/div><\/figure>\n\n\n\n<hr class=\"wp-block-separator has-alpha-channel-opacity\">\n\n\n\n<p class=\"has-text-align-center\">Mike Depasquale, nuestro Presidente y Director General, expone las soluciones de BIO-key para hacer frente a los cambiantes retos de la ciberseguridad en The Big Biz Show el 29 de septiembre de 2024, haciendo hincapi\u00e9 en el aumento de la seguridad que proporcionan la biometr\u00eda y las claves de acceso.<\/p>\n\n\n\n<div style=\"height:20px\" aria-hidden=\"true\" class=\"wp-block-spacer\"><\/div>\n\n\n\n<figure class=\"wp-block-video\"><video controls=\"\" src=\"https:\/\/info.bio-key.com\/hubfs\/BBS%2009-26-24%20Mike%20DePasquale.mp4\"><\/video><\/figure>\n\n\n\n<hr class=\"wp-block-separator has-alpha-channel-opacity\">\n\n\n\n<p class=\"has-text-align-center\">Nuestro vicepresidente de Estrategia\/Cumplimiento y CLO, Jim Sullivan, habl\u00f3 con Benzinga sobre la Biometr\u00eda Vinculada a la Identidad (IBB), en qu\u00e9 se diferencia de la biometr\u00eda ordinaria y cu\u00e1l es la mejor forma de utilizarla.<\/p>\n\n\n\n<div style=\"height:20px\" aria-hidden=\"true\" class=\"wp-block-spacer\"><\/div>\n\n\n\n<figure class=\"wp-block-embed is-type-rich is-provider-embed-handler wp-block-embed-embed-handler wp-embed-aspect-16-9 wp-has-aspect-ratio\"><div class=\"wp-block-embed__wrapper\">\n<iframe loading=\"lazy\" title=\"NASDAQ: $BKYI \ud83d\udddd The Value &amp; Beauty Of Biometrics ~ Interview With Jim Sullivan, VP &amp; CLO At BIO-key\" width=\"500\" height=\"281\" src=\"https:\/\/www.youtube.com\/embed\/MHRR9VddJqY?feature=oembed\" frameborder=\"0\" allow=\"accelerometer; autoplay; clipboard-write; encrypted-media; gyroscope; picture-in-picture; web-share\" referrerpolicy=\"strict-origin-when-cross-origin\" allowfullscreen><\/iframe>\n<\/div><\/figure>\n\n\n\n<hr class=\"wp-block-separator has-alpha-channel-opacity\">\n\n\n\n<p class=\"has-text-align-center\">El presidente y consejero delegado de BIO-key, Michael DePasquale, se une al podcast Rush to Reason y habla de qui\u00e9n es BIO-key, c\u00f3mo afectan los ciberataques a las empresas y c\u00f3mo se protegen las personas.  <br>La entrevista comienza a las 25:39 y termina a las 40:14.<\/p>\n\n\n\n<iframe src=\"https:\/\/tunein.com\/embed\/player\/t170437298\/\" style=\"width:100%; height:100px;\" scrolling=\"no\" frameborder=\"no\"><\/iframe>\n<\/div><\/div>\n\n\n\n<p><\/p>\n","protected":false},"excerpt":{"rendered":"<p>Imagina tener la sabidur\u00eda de una empresa de m\u00e1s de 20 a\u00f1os, pero el entusiasmo y el esp\u00edritu innovador de una start-up. NASDAQ: BKYI Imagina tener un conjunto de productos probados y comprobados por el gobierno federal, grupos federales de evaluaci\u00f3n tecnol\u00f3gica, Microsoft, clientes de Fortune 500 y consumidores exigentes.&nbsp; BKYI Gr\u00e1fico por TradingView Conocida [&hellip;]<\/p>\n","protected":false},"author":14,"featured_media":15501,"parent":0,"menu_order":0,"comment_status":"closed","ping_status":"closed","template":"tpl-about.php","meta":{"_acf_changed":false,"content-type":"","inline_featured_image":false,"footnotes":""},"class_list":["post-16177","page","type-page","status-publish","has-post-thumbnail","hentry"],"acf":[],"aioseo_notices":[],"featured_image_src":"https:\/\/www.bio-key.com\/wp-content\/uploads\/2020\/10\/adeolu-eletu-E7RLgUjjazc-unsplash-scaled-e1603377117401.jpg?wsr","_links":{"self":[{"href":"https:\/\/www.bio-key.com\/es\/wp-json\/wp\/v2\/pages\/16177","targetHints":{"allow":["GET"]}}],"collection":[{"href":"https:\/\/www.bio-key.com\/es\/wp-json\/wp\/v2\/pages"}],"about":[{"href":"https:\/\/www.bio-key.com\/es\/wp-json\/wp\/v2\/types\/page"}],"author":[{"embeddable":true,"href":"https:\/\/www.bio-key.com\/es\/wp-json\/wp\/v2\/users\/14"}],"replies":[{"embeddable":true,"href":"https:\/\/www.bio-key.com\/es\/wp-json\/wp\/v2\/comments?post=16177"}],"version-history":[{"count":0,"href":"https:\/\/www.bio-key.com\/es\/wp-json\/wp\/v2\/pages\/16177\/revisions"}],"wp:featuredmedia":[{"embeddable":true,"href":"https:\/\/www.bio-key.com\/es\/wp-json\/wp\/v2\/media\/15501"}],"wp:attachment":[{"href":"https:\/\/www.bio-key.com\/es\/wp-json\/wp\/v2\/media?parent=16177"}],"curies":[{"name":"wp","href":"https:\/\/api.w.org\/{rel}","templated":true}]}}