{"id":16178,"date":"2020-10-22T15:34:39","date_gmt":"2020-10-22T15:34:39","guid":{"rendered":"https:\/\/www.bio-key.com\/carreras\/"},"modified":"2026-04-03T16:44:22","modified_gmt":"2026-04-03T16:44:22","slug":"carreras","status":"publish","type":"page","link":"https:\/\/www.bio-key.com\/es\/carreras\/","title":{"rendered":"Careers"},"content":{"rendered":"\n<div class=\"wp-block-group\"><div class=\"wp-block-group__inner-container is-layout-flow wp-block-group-is-layout-flow\">\n<div class=\"wp-block-columns is-layout-flex wp-container-core-columns-is-layout-9d6595d7 wp-block-columns-is-layout-flex\">\n<div class=\"wp-block-column is-layout-flow wp-block-column-is-layout-flow\" style=\"flex-basis:66.66%\">\n<h2 class=\"wp-block-heading\">La ciberseguridad es cada vez m\u00e1s dif\u00edcil. \u00bfEst\u00e1s preparado para un reto?<\/h2>\n\n\n\n<h4 class=\"wp-block-heading\">Buscamos candidatos con talento que posean valiosos conocimientos del sector actual de la gesti\u00f3n de identidades y accesos. <\/h4>\n\n\n\n<div class=\"wp-block-buttons is-horizontal is-content-justification-left is-layout-flex wp-container-core-buttons-is-layout-7e5fce0a wp-block-buttons-is-layout-flex\">\n<div class=\"wp-block-button is-style-outline is-style-outline--1\"><a class=\"wp-block-button__link has-white-color has-alizarincrimson-background-color has-text-color has-background has-medium-font-size has-text-align-left has-custom-font-size wp-element-button\" href=\"https:\/\/www.bio-key.com\/careers\/#open-positions\" style=\"border-radius:37px\">Vacantes<\/a><\/div>\n<\/div>\n<\/div>\n\n\n\n<div class=\"wp-block-column is-layout-flow wp-block-column-is-layout-flow\" style=\"flex-basis:33.33%\">\n<figure class=\"wp-block-image size-large\"><a href=\"https:\/\/www.greatplacetowork.com\/certified-company\/7039469\" target=\"_blank\" rel=\"noopener\"><img loading=\"lazy\" decoding=\"async\" width=\"724\" height=\"1024\" src=\"https:\/\/www.bio-key.com\/wp-content\/uploads\/2021\/10\/BIO-key_International_2021_Certification_Badge-724x1024.png\" alt=\"\" class=\"wp-image-13952\" srcset=\"https:\/\/www.bio-key.com\/wp-content\/uploads\/2021\/10\/BIO-key_International_2021_Certification_Badge-724x1024.png 724w, https:\/\/www.bio-key.com\/wp-content\/uploads\/2021\/10\/BIO-key_International_2021_Certification_Badge-212x300.png 212w, https:\/\/www.bio-key.com\/wp-content\/uploads\/2021\/10\/BIO-key_International_2021_Certification_Badge-768x1086.png 768w, https:\/\/www.bio-key.com\/wp-content\/uploads\/2021\/10\/BIO-key_International_2021_Certification_Badge-1086x1536.png 1086w, https:\/\/www.bio-key.com\/wp-content\/uploads\/2021\/10\/BIO-key_International_2021_Certification_Badge-1448x2048.png 1448w\" sizes=\"auto, (max-width: 724px) 100vw, 724px\" \/><\/a><\/figure>\n<\/div>\n<\/div>\n\n\n\n<hr class=\"wp-block-separator has-text-color has-alizarincrimson-color has-css-opacity has-alizarincrimson-background-color has-background is-style-wide\">\n<\/div><\/div>\n\n\n\n<h2 class=\"wp-block-heading has-text-align-center\">Cultura en BIO-key<\/h2>\n\n\n\n<h4 class=\"wp-block-heading\">En principio, BIO-key funciona gracias a las personas. Ofrecemos a los candidatos la oportunidad de unirse a un sector que ha generado un crecimiento constante de dos d\u00edgitos durante la \u00faltima d\u00e9cada, y el futuro parece m\u00e1s brillante que nunca.&nbsp;<\/h4>\n\n\n<div class=\"wp-block-image\">\n<figure class=\"aligncenter size-full is-resized\"><img loading=\"lazy\" decoding=\"async\" width=\"1080\" height=\"607\" src=\"https:\/\/www.bio-key.com\/wp-content\/uploads\/2020\/10\/work-trap-1-edited-1.png\" alt=\"\" class=\"wp-image-12308\" style=\"width:540px;height:304px\" srcset=\"https:\/\/www.bio-key.com\/wp-content\/uploads\/2020\/10\/work-trap-1-edited-1.png 1080w, https:\/\/www.bio-key.com\/wp-content\/uploads\/2020\/10\/work-trap-1-edited-1-300x169.png 300w, https:\/\/www.bio-key.com\/wp-content\/uploads\/2020\/10\/work-trap-1-edited-1-1024x576.png 1024w, https:\/\/www.bio-key.com\/wp-content\/uploads\/2020\/10\/work-trap-1-edited-1-768x432.png 768w\" sizes=\"auto, (max-width: 1080px) 100vw, 1080px\" \/><\/figure>\n<\/div>\n\n\n<h4 class=\"wp-block-heading\">Creemos que todos nuestros empleados asumen riesgos, se potencian mutuamente, son innovadores y, lo que es m\u00e1s importante, quieren mejorar la infraestructura de ciberseguridad en todo el mundo.&nbsp;<\/h4>\n\n\n\n<div class=\"wp-block-group\"><div class=\"wp-block-group__inner-container is-layout-flow wp-block-group-is-layout-flow\">\n<hr class=\"wp-block-separator has-text-color has-alizarincrimson-color has-css-opacity has-alizarincrimson-background-color has-background\">\n\n\n\n<div class=\"wp-block-group\"><div class=\"wp-block-group__inner-container is-layout-flow wp-block-group-is-layout-flow\">\n<h2 class=\"wp-block-heading has-text-align-center\">Ventajas en BIO-key<\/h2>\n\n\n\n<div style=\"height:20px\" aria-hidden=\"true\" class=\"wp-block-spacer\"><\/div>\n\n\n\n<div class=\"wp-block-columns is-layout-flex wp-container-core-columns-is-layout-9d6595d7 wp-block-columns-is-layout-flex\">\n<div class=\"wp-block-column is-layout-flow wp-block-column-is-layout-flow\" style=\"flex-basis:50%\">\n<div class=\"wp-block-group\"><div class=\"wp-block-group__inner-container is-layout-flow wp-block-group-is-layout-flow\">\n<figure class=\"wp-block-image size-large\"><img loading=\"lazy\" decoding=\"async\" width=\"32\" height=\"32\" src=\"https:\/\/www.bio-key.com\/wp-content\/uploads\/2020\/10\/005-promotion.png\" alt=\"\" class=\"wp-image-12262\"><\/figure>\n<\/div><\/div>\n\n\n\n<h4 class=\"wp-block-heading\"><strong>PROMOCI\u00d3N<\/strong><\/h4>\n\n\n\n<p>Promovemos desde dentro.<\/p>\n<\/div>\n\n\n\n<div class=\"wp-block-column is-layout-flow wp-block-column-is-layout-flow\" style=\"flex-basis:51.5%\">\n<div class=\"wp-block-group\"><div class=\"wp-block-group__inner-container is-layout-flow wp-block-group-is-layout-flow\">\n<figure class=\"wp-block-image size-large\"><img loading=\"lazy\" decoding=\"async\" width=\"32\" height=\"32\" src=\"https:\/\/www.bio-key.com\/wp-content\/uploads\/2020\/10\/006-calendar.png\" alt=\"\" class=\"wp-image-12263\"><\/figure>\n\n\n\n<h4 class=\"wp-block-heading\"><strong>SALARIO<\/strong><\/h4>\n\n\n\n<p>Ofrecemos un salario competitivo.<\/p>\n<\/div><\/div>\n<\/div>\n<\/div>\n\n\n\n<div class=\"wp-block-columns is-layout-flex wp-container-core-columns-is-layout-9d6595d7 wp-block-columns-is-layout-flex\">\n<div class=\"wp-block-column is-layout-flow wp-block-column-is-layout-flow\" style=\"flex-basis:50%\">\n<figure class=\"wp-block-image size-large\"><img loading=\"lazy\" decoding=\"async\" width=\"32\" height=\"32\" src=\"https:\/\/www.bio-key.com\/wp-content\/uploads\/2020\/10\/007-stock-market.png\" alt=\"\" class=\"wp-image-12270\"><\/figure>\n\n\n\n<h4 class=\"wp-block-heading\"><strong>STOCK<\/strong><\/h4>\n\n\n\n<p>Ofrecemos opciones sobre acciones a todos los empleados.<\/p>\n<\/div>\n\n\n\n<div class=\"wp-block-column is-layout-flow wp-block-column-is-layout-flow\" style=\"flex-basis:52.3%\">\n<figure class=\"wp-block-image size-large\"><img loading=\"lazy\" decoding=\"async\" width=\"32\" height=\"32\" src=\"https:\/\/www.bio-key.com\/wp-content\/uploads\/2020\/10\/004-commission.png\" alt=\"\" class=\"wp-image-12271\"><\/figure>\n\n\n\n<h4 class=\"wp-block-heading\"><strong>COMISI\u00d3N<\/strong><\/h4>\n\n\n\n<p>Ofrecemos un plan de comisiones con un potencial sin explotar.<\/p>\n<\/div>\n<\/div>\n\n\n\n<div class=\"wp-block-columns is-layout-flex wp-container-core-columns-is-layout-9d6595d7 wp-block-columns-is-layout-flex\">\n<div class=\"wp-block-column is-layout-flow wp-block-column-is-layout-flow\" style=\"flex-basis:47%\">\n<figure class=\"wp-block-image size-large\"><img loading=\"lazy\" decoding=\"async\" width=\"32\" height=\"32\" src=\"https:\/\/www.bio-key.com\/wp-content\/uploads\/2020\/10\/002-heart.png\" alt=\"\" class=\"wp-image-12272\"><\/figure>\n\n\n\n<h4 class=\"wp-block-heading\"><strong>SANIDAD<\/strong><\/h4>\n\n\n\n<p>Ofrecemos prestaciones sanitarias, incluidas las odontol\u00f3gicas y oftalmol\u00f3gicas.<\/p>\n<\/div>\n\n\n\n<div class=\"wp-block-column is-layout-flow wp-block-column-is-layout-flow\" style=\"flex-basis:47.5%\">\n<figure class=\"wp-block-image size-large\"><img loading=\"lazy\" decoding=\"async\" width=\"32\" height=\"32\" src=\"https:\/\/www.bio-key.com\/wp-content\/uploads\/2020\/10\/003-sunbed.png\" alt=\"\" class=\"wp-image-12274\"><\/figure>\n\n\n\n<h4 class=\"wp-block-heading\"><strong>TIEMPO DE DESCANSO<\/strong><\/h4>\n\n\n\n<p>Ofrecemos amplias vacaciones para tomarse esos descansos tan necesarios.<\/p>\n<\/div>\n<\/div>\n\n\n\n<div class=\"wp-block-columns is-layout-flex wp-container-core-columns-is-layout-9d6595d7 wp-block-columns-is-layout-flex\">\n<div class=\"wp-block-column is-layout-flow wp-block-column-is-layout-flow\" style=\"flex-basis:37.5%\">\n<figure class=\"wp-block-image size-large\"><img loading=\"lazy\" decoding=\"async\" width=\"32\" height=\"32\" src=\"https:\/\/www.bio-key.com\/wp-content\/uploads\/2020\/10\/001-retirement-plan.png\" alt=\"\" class=\"wp-image-12275\"><\/figure>\n\n\n\n<h4 class=\"wp-block-heading\"><strong>PLAN 401K<\/strong><\/h4>\n\n\n\n<p>Facilitamos el ahorro y la planificaci\u00f3n para el futuro.<\/p>\n<\/div>\n\n\n\n<div class=\"wp-block-column is-layout-flow wp-block-column-is-layout-flow\" style=\"flex-basis:62.5%\"><\/div>\n<\/div>\n<\/div><\/div>\n<\/div><\/div>\n\n\n\n<div class=\"wp-block-group has-t-3-shark-background-color has-background\"><div class=\"wp-block-group__inner-container is-layout-flow wp-block-group-is-layout-flow\">\n<ul id=\"block-3147325f-02a9-4114-8e45-825d731206e8\" class=\"wp-block-list\">\n<li>BIO-key es una empresa pionera e innovadora reconocida como l\u00edder en el desarrollo de la autenticaci\u00f3n biom\u00e9trica con s\u00f3lidas relaciones con los clientes.<\/li>\n\n\n\n<li>Creamos una cultura de colaboraci\u00f3n en la que los empleados se animan mutuamente a desarrollar nuevas ideas y estrategias.<\/li>\n\n\n\n<li>Creemos en una gran capacidad de comunicaci\u00f3n y en el trabajo en equipo.<\/li>\n\n\n\n<li>BIO-key funciona con un tono profesional del 90%. Aunque ser profesional es una prioridad, a veces, una camisa y unos vaqueros son todo lo que necesitamos para hacer el trabajo.<\/li>\n<\/ul>\n<\/div><\/div>\n\n\n\n<hr class=\"wp-block-separator has-text-color has-alizarincrimson-color has-css-opacity has-alizarincrimson-background-color has-background is-style-wide\">\n\n\n\n<h2 class=\"wp-block-heading has-text-align-center\">Proceso de contrataci\u00f3n<\/h2>\n\n\n\n<h3 class=\"wp-block-heading has-text-align-center\">Queremos ser 100% transparentes con todos nuestros solicitantes. Este es nuestro proceso de contrataci\u00f3n.<\/h3>\n\n\n<div class=\"wp-block-image\">\n<figure class=\"aligncenter size-full\"><img loading=\"lazy\" decoding=\"async\" width=\"2560\" height=\"446\" src=\"https:\/\/www.bio-key.com\/wp-content\/uploads\/2020\/10\/job-process-larger-1-scaled.jpg\" alt=\"\" class=\"wp-image-12311\" srcset=\"https:\/\/www.bio-key.com\/wp-content\/uploads\/2020\/10\/job-process-larger-1-scaled.jpg 2560w, https:\/\/www.bio-key.com\/wp-content\/uploads\/2020\/10\/job-process-larger-1-300x52.jpg 300w, https:\/\/www.bio-key.com\/wp-content\/uploads\/2020\/10\/job-process-larger-1-1024x178.jpg 1024w, https:\/\/www.bio-key.com\/wp-content\/uploads\/2020\/10\/job-process-larger-1-768x134.jpg 768w, https:\/\/www.bio-key.com\/wp-content\/uploads\/2020\/10\/job-process-larger-1-1536x267.jpg 1536w, https:\/\/www.bio-key.com\/wp-content\/uploads\/2020\/10\/job-process-larger-1-2048x356.jpg 2048w\" sizes=\"auto, (max-width: 2560px) 100vw, 2560px\" \/><\/figure>\n<\/div>\n\n\n<hr class=\"wp-block-separator has-alpha-channel-opacity has-text-color has-background has-alizarincrimson-background-color has-alizarincrimson-color\" id=\"open-positions\">\n\n\n\n<h2 class=\"wp-block-heading has-text-align-center\">Vacantes<br><\/h2>\n\n\n\n<h4 class=\"wp-block-heading has-text-align-center\"><br><\/h4>\n\n\n\n<h4 class=\"wp-block-heading has-text-align-center\"><a href=\"https:\/\/info.bio-key.com\/open-position-sales-development-representative-us\" target=\"_blank\" rel=\"noopener\" title=\"\">Representante de Desarrollo de Ventas &#8211; US<\/a><br><\/h4>\n\n\n\n<h4 class=\"wp-block-heading has-text-align-center\"><a href=\"https:\/\/info.bio-key.com\/associate-controller-position\" target=\"_blank\" rel=\"noopener\" title=\"\">Interventor Asociado &#8211; US<\/a><\/h4>\n\n\n\n<p><\/p>\n","protected":false},"excerpt":{"rendered":"<p>La ciberseguridad es cada vez m\u00e1s dif\u00edcil. \u00bfEst\u00e1s preparado para un reto? Buscamos candidatos con talento que posean valiosos conocimientos del sector actual de la gesti\u00f3n de identidades y accesos. Cultura en BIO-key En principio, BIO-key funciona gracias a las personas. Ofrecemos a los candidatos la oportunidad de unirse a un sector que ha generado [&hellip;]<\/p>\n","protected":false},"author":14,"featured_media":15541,"parent":0,"menu_order":0,"comment_status":"closed","ping_status":"closed","template":"tpl-about.php","meta":{"_acf_changed":false,"content-type":"","inline_featured_image":false,"footnotes":""},"class_list":["post-16178","page","type-page","status-publish","has-post-thumbnail","hentry"],"acf":[],"aioseo_notices":[],"featured_image_src":"https:\/\/www.bio-key.com\/wp-content\/uploads\/2020\/10\/bonneval-sebastien-lG-6_ox_UXE-unsplash-scaled-e1603763994676.jpg?wsr","_links":{"self":[{"href":"https:\/\/www.bio-key.com\/es\/wp-json\/wp\/v2\/pages\/16178","targetHints":{"allow":["GET"]}}],"collection":[{"href":"https:\/\/www.bio-key.com\/es\/wp-json\/wp\/v2\/pages"}],"about":[{"href":"https:\/\/www.bio-key.com\/es\/wp-json\/wp\/v2\/types\/page"}],"author":[{"embeddable":true,"href":"https:\/\/www.bio-key.com\/es\/wp-json\/wp\/v2\/users\/14"}],"replies":[{"embeddable":true,"href":"https:\/\/www.bio-key.com\/es\/wp-json\/wp\/v2\/comments?post=16178"}],"version-history":[{"count":0,"href":"https:\/\/www.bio-key.com\/es\/wp-json\/wp\/v2\/pages\/16178\/revisions"}],"wp:featuredmedia":[{"embeddable":true,"href":"https:\/\/www.bio-key.com\/es\/wp-json\/wp\/v2\/media\/15541"}],"wp:attachment":[{"href":"https:\/\/www.bio-key.com\/es\/wp-json\/wp\/v2\/media?parent=16178"}],"curies":[{"name":"wp","href":"https:\/\/api.w.org\/{rel}","templated":true}]}}