{"id":16179,"date":"2020-10-19T15:30:12","date_gmt":"2020-10-19T15:30:12","guid":{"rendered":"https:\/\/www.bio-key.com\/servicios-financieros\/"},"modified":"2026-04-16T12:10:47","modified_gmt":"2026-04-16T12:10:47","slug":"servicios-financieros","status":"publish","type":"page","link":"https:\/\/www.bio-key.com\/es\/servicios-financieros\/","title":{"rendered":"Adel\u00e1ntate al fraude: Soluciones innovadoras para instituciones financieras"},"content":{"rendered":"\n<p>Como banco o instituci\u00f3n financiera, te enfrentas a crecientes ciberamenazas, nuevas tecnolog\u00edas y requisitos de cumplimiento cambiantes. Es crucial garantizar la protecci\u00f3n de tu instituci\u00f3n, empleados y clientes. <\/p>\n\n\n\n<h3 class=\"wp-block-heading has-text-align-center\">Casos de \u00e9xito de clientes<\/h3>\n\n\n\n<div class=\"wp-block-columns is-not-stacked-on-mobile is-layout-flex wp-container-core-columns-is-layout-9d6595d7 wp-block-columns-is-layout-flex\">\n<div class=\"wp-block-column is-layout-flow wp-block-column-is-layout-flow\">\n<figure class=\"wp-block-image size-medium gray-to-color\"><a href=\"https:\/\/f.hubspotusercontent40.net\/hubfs\/1897291\/Gulf%20International%20Bank%20Case%20Study.pdf\" target=\"_blank\" rel=\"noreferrer noopener\"><img loading=\"lazy\" decoding=\"async\" width=\"300\" height=\"181\" src=\"https:\/\/www.bio-key.com\/wp-content\/uploads\/2022\/09\/gib-300x181.png\" alt=\"\" class=\"wp-image-14574\" srcset=\"https:\/\/www.bio-key.com\/wp-content\/uploads\/2022\/09\/gib-300x181.png 300w, https:\/\/www.bio-key.com\/wp-content\/uploads\/2022\/09\/gib.png 539w\" sizes=\"auto, (max-width: 300px) 100vw, 300px\" \/><\/a><\/figure>\n<\/div>\n\n\n\n<div class=\"wp-block-column is-layout-flow wp-block-column-is-layout-flow\">\n<figure class=\"wp-block-image size-medium gray-to-color\"><a href=\"https:\/\/info.bio-key.com\/orange-bank-trust-webinar\" target=\"_blank\" rel=\"noreferrer noopener\"><img loading=\"lazy\" decoding=\"async\" width=\"300\" height=\"181\" src=\"https:\/\/www.bio-key.com\/wp-content\/uploads\/2022\/09\/orange-300x181.png\" alt=\"\" class=\"wp-image-14575\" srcset=\"https:\/\/www.bio-key.com\/wp-content\/uploads\/2022\/09\/orange-300x181.png 300w, https:\/\/www.bio-key.com\/wp-content\/uploads\/2022\/09\/orange.png 539w\" sizes=\"auto, (max-width: 300px) 100vw, 300px\" \/><\/a><\/figure>\n<\/div>\n\n\n\n<div class=\"wp-block-column is-layout-flow wp-block-column-is-layout-flow\">\n<figure class=\"wp-block-image size-medium gray-to-color\"><a href=\"https:\/\/f.hubspotusercontent40.net\/hubfs\/1897291\/Customer_Success_CS_FNBLI.pdf\" target=\"_blank\" rel=\"noreferrer noopener\"><img loading=\"lazy\" decoding=\"async\" width=\"300\" height=\"181\" src=\"https:\/\/www.bio-key.com\/wp-content\/uploads\/2022\/09\/fnbli-300x181.png\" alt=\"\" class=\"wp-image-14576\" srcset=\"https:\/\/www.bio-key.com\/wp-content\/uploads\/2022\/09\/fnbli-300x181.png 300w, https:\/\/www.bio-key.com\/wp-content\/uploads\/2022\/09\/fnbli.png 539w\" sizes=\"auto, (max-width: 300px) 100vw, 300px\" \/><\/a><\/figure>\n<\/div>\n<\/div>\n\n\n\n<hr class=\"wp-block-separator has-alpha-channel-opacity\">\n\n\n\n<div class=\"wp-block-columns are-vertically-aligned-center is-not-stacked-on-mobile is-layout-flex wp-container-core-columns-is-layout-9d6595d7 wp-block-columns-is-layout-flex\">\n<div class=\"wp-block-column is-vertically-aligned-center is-layout-flow wp-block-column-is-layout-flow\"><div class=\"wp-block-image\">\n<figure class=\"aligncenter size-medium\"><img loading=\"lazy\" decoding=\"async\" width=\"300\" height=\"300\" src=\"https:\/\/www.bio-key.com\/wp-content\/uploads\/2026\/04\/G2Spring2026_HighPerformer-300x300.png\" alt=\"\" class=\"wp-image-21869\" style=\"aspect-ratio:1;object-fit:contain\" srcset=\"https:\/\/www.bio-key.com\/wp-content\/uploads\/2026\/04\/G2Spring2026_HighPerformer-300x300.png 300w, https:\/\/www.bio-key.com\/wp-content\/uploads\/2026\/04\/G2Spring2026_HighPerformer-150x150.png 150w, https:\/\/www.bio-key.com\/wp-content\/uploads\/2026\/04\/G2Spring2026_HighPerformer-768x768.png 768w, https:\/\/www.bio-key.com\/wp-content\/uploads\/2026\/04\/G2Spring2026_HighPerformer.png 1000w\" sizes=\"auto, (max-width: 300px) 100vw, 300px\" \/><\/figure>\n<\/div><\/div>\n\n\n\n<div class=\"wp-block-column is-vertically-aligned-center is-layout-flow wp-block-column-is-layout-flow\"><div class=\"wp-block-image\">\n<figure class=\"aligncenter size-medium\"><img loading=\"lazy\" decoding=\"async\" width=\"300\" height=\"300\" src=\"https:\/\/www.bio-key.com\/wp-content\/uploads\/2026\/04\/G2Spring2026_HighestUserAdoption-300x300.png\" alt=\"\" class=\"wp-image-21871\" style=\"aspect-ratio:1;object-fit:contain\" srcset=\"https:\/\/www.bio-key.com\/wp-content\/uploads\/2026\/04\/G2Spring2026_HighestUserAdoption-300x300.png 300w, https:\/\/www.bio-key.com\/wp-content\/uploads\/2026\/04\/G2Spring2026_HighestUserAdoption-150x150.png 150w, https:\/\/www.bio-key.com\/wp-content\/uploads\/2026\/04\/G2Spring2026_HighestUserAdoption-768x768.png 768w, https:\/\/www.bio-key.com\/wp-content\/uploads\/2026\/04\/G2Spring2026_HighestUserAdoption.png 1000w\" sizes=\"auto, (max-width: 300px) 100vw, 300px\" \/><\/figure>\n<\/div><\/div>\n\n\n\n<div class=\"wp-block-column is-vertically-aligned-center is-layout-flow wp-block-column-is-layout-flow\"><div class=\"wp-block-image\">\n<figure class=\"aligncenter size-medium\"><img loading=\"lazy\" decoding=\"async\" width=\"300\" height=\"300\" src=\"https:\/\/www.bio-key.com\/wp-content\/uploads\/2026\/04\/G2Spring2026_EasiestToDoBusinessWith-300x300.png\" alt=\"\" class=\"wp-image-21873\" style=\"aspect-ratio:1;object-fit:contain\" srcset=\"https:\/\/www.bio-key.com\/wp-content\/uploads\/2026\/04\/G2Spring2026_EasiestToDoBusinessWith-300x300.png 300w, https:\/\/www.bio-key.com\/wp-content\/uploads\/2026\/04\/G2Spring2026_EasiestToDoBusinessWith-150x150.png 150w, https:\/\/www.bio-key.com\/wp-content\/uploads\/2026\/04\/G2Spring2026_EasiestToDoBusinessWith-768x768.png 768w, https:\/\/www.bio-key.com\/wp-content\/uploads\/2026\/04\/G2Spring2026_EasiestToDoBusinessWith.png 1000w\" sizes=\"auto, (max-width: 300px) 100vw, 300px\" \/><\/figure>\n<\/div><\/div>\n\n\n\n<div class=\"wp-block-column is-vertically-aligned-center is-layout-flow wp-block-column-is-layout-flow\"><div class=\"wp-block-image\">\n<figure class=\"aligncenter size-full\"><img loading=\"lazy\" decoding=\"async\" width=\"1000\" height=\"1000\" src=\"https:\/\/www.bio-key.com\/wp-content\/uploads\/2026\/04\/G2Spring2026_Enterprise_BestEstimatedROI.png\" alt=\"\" class=\"wp-image-21865\" style=\"aspect-ratio:1;object-fit:contain\" srcset=\"https:\/\/www.bio-key.com\/wp-content\/uploads\/2026\/04\/G2Spring2026_Enterprise_BestEstimatedROI.png 1000w, https:\/\/www.bio-key.com\/wp-content\/uploads\/2026\/04\/G2Spring2026_Enterprise_BestEstimatedROI-300x300.png 300w, https:\/\/www.bio-key.com\/wp-content\/uploads\/2026\/04\/G2Spring2026_Enterprise_BestEstimatedROI-150x150.png 150w, https:\/\/www.bio-key.com\/wp-content\/uploads\/2026\/04\/G2Spring2026_Enterprise_BestEstimatedROI-768x768.png 768w\" sizes=\"auto, (max-width: 1000px) 100vw, 1000px\" \/><\/figure>\n<\/div><\/div>\n\n\n\n<div class=\"wp-block-column is-vertically-aligned-center is-layout-flow wp-block-column-is-layout-flow\"><div class=\"wp-block-image\">\n<figure class=\"aligncenter size-full\"><img loading=\"lazy\" decoding=\"async\" width=\"1000\" height=\"1000\" src=\"https:\/\/www.bio-key.com\/wp-content\/uploads\/2026\/04\/G2Spring2026_Enterprise_BestMeetsRequirements.png\" alt=\"\" class=\"wp-image-21867\" style=\"aspect-ratio:1;object-fit:contain\" srcset=\"https:\/\/www.bio-key.com\/wp-content\/uploads\/2026\/04\/G2Spring2026_Enterprise_BestMeetsRequirements.png 1000w, https:\/\/www.bio-key.com\/wp-content\/uploads\/2026\/04\/G2Spring2026_Enterprise_BestMeetsRequirements-300x300.png 300w, https:\/\/www.bio-key.com\/wp-content\/uploads\/2026\/04\/G2Spring2026_Enterprise_BestMeetsRequirements-150x150.png 150w, https:\/\/www.bio-key.com\/wp-content\/uploads\/2026\/04\/G2Spring2026_Enterprise_BestMeetsRequirements-768x768.png 768w\" sizes=\"auto, (max-width: 1000px) 100vw, 1000px\" \/><\/figure>\n<\/div><\/div>\n<\/div>\n\n\n\n<hr class=\"wp-block-separator has-text-color has-t-3-shark-color has-css-opacity has-t-3-shark-background-color has-background is-style-wide\">\n\n\n\n<h2 class=\"wp-block-heading\">Superar sus retos con nuestra experiencia<\/h2>\n\n\n<div class=\"wp-block-ub-content-toggle wp-block-ub-content-toggle-block\" id=\"ub-content-toggle-block-8e22d4c0-f9c6-4ab7-847a-b952025287ba\" data-mobilecollapse=\"false\" data-desktopcollapse=\"false\" data-preventcollapse=\"false\" data-showonlyone=\"true\">\n<div class=\"wp-block-ub-content-toggle-accordion\" style=\"border-color: #ffffff; \" id=\"ub-content-toggle-panel-block-35bf5e69-da84-44b3-8124-f4695c4efb42\">\n\t\t\t<div class=\"wp-block-ub-content-toggle-accordion-title-wrap\" style=\"background-color: #ffffff;\" aria-controls=\"ub-content-toggle-panel-0-8e22d4c0-f9c6-4ab7-847a-b952025287ba\" tabindex=\"0\">\n\t\t\t<p class=\"wp-block-ub-content-toggle-accordion-title ub-content-toggle-title-8e22d4c0-f9c6-4ab7-847a-b952025287ba\" style=\"color: #1a1a1d; \">Customer-first, Personalized Experiences<\/p>\n\t\t\t<div class=\"wp-block-ub-content-toggle-accordion-toggle-wrap right\" style=\"color: #000000;\"><span class=\"wp-block-ub-content-toggle-accordion-state-indicator wp-block-ub-chevron-down open\"><\/span><\/div>\n\t\t<\/div>\n\t\t\t<div role=\"region\" aria-expanded=\"true\" class=\"wp-block-ub-content-toggle-accordion-content-wrap\" id=\"ub-content-toggle-panel-0-8e22d4c0-f9c6-4ab7-847a-b952025287ba\">\n\n<h4 class=\"wp-block-heading has-alizarincrimson-color has-text-color has-link-color wp-elements-0981b31e5580d6cd0dd268cafd7682a6\">Mejora la experiencia del cliente con PortalGuard<\/h4>\n\n\n\n<p>Para las instituciones financieras, ofrecer una experiencia excepcional al cliente es vital para reducir la rotaci\u00f3n y aumentar la retenci\u00f3n. Para fortalecer las relaciones con los clientes, necesitas un enfoque de ciberseguridad distintivo. <\/p>\n\n\n\n<p>Nuestra <a href=\"https:\/\/www.bio-key.com\/portalguard-2\/\" target=\"_blank\" rel=\"noopener\" title=\"Plataforma PortalGuard \">plataforma PortalGuard<\/a> satisface las necesidades espec\u00edficas de los bancos, ofreciendo soluciones f\u00e1ciles de usar y muy seguras que garantizan una experiencia fluida al tiempo que maximizan la protecci\u00f3n.<\/p>\n\n<\/div>\n\t\t<\/div>\n\n<div class=\"wp-block-ub-content-toggle-accordion\" style=\"border-color: #ffffff; \" id=\"ub-content-toggle-panel-block-045f7dd9-83f9-4859-932f-71e1e8beb29d\">\n\t\t\t<div class=\"wp-block-ub-content-toggle-accordion-title-wrap\" style=\"background-color: #ffffff;\" aria-controls=\"ub-content-toggle-panel-1-8e22d4c0-f9c6-4ab7-847a-b952025287ba\" tabindex=\"0\">\n\t\t\t<p class=\"wp-block-ub-content-toggle-accordion-title ub-content-toggle-title-8e22d4c0-f9c6-4ab7-847a-b952025287ba\" style=\"color: #1a1a1d; \">Scalable Solutions to Gain Competitive Edge<\/p>\n\t\t\t<div class=\"wp-block-ub-content-toggle-accordion-toggle-wrap right\" style=\"color: #000000;\"><span class=\"wp-block-ub-content-toggle-accordion-state-indicator wp-block-ub-chevron-down\"><\/span><\/div>\n\t\t<\/div>\n\t\t\t<div role=\"region\" aria-expanded=\"false\" class=\"wp-block-ub-content-toggle-accordion-content-wrap ub-hide\" id=\"ub-content-toggle-panel-1-8e22d4c0-f9c6-4ab7-847a-b952025287ba\">\n\n<h4 class=\"wp-block-heading has-alizarincrimson-color has-text-color has-link-color wp-elements-8c77e2f79107f2883fbfb7898d70e762\">Optimizar la seguridad dentro de las limitaciones presupuestarias<\/h4>\n\n\n\n<p>Como responsable de TI en los servicios financieros, debes proteger los datos confidenciales a la vez que gestionas presupuestos ajustados. Las soluciones de ciberseguridad eficaces deben mejorar la oferta al cliente sin gastar m\u00e1s de la cuenta. <\/p>\n\n\n\n<p>PortalGuard se adapta a tus necesidades, consolidando las funciones de gesti\u00f3n de identidades y accesos para reducir costes y riesgos. Esto permite a tu equipo acelerar el lanzamiento de productos y adelantarse a la competencia. <\/p>\n\n<\/div>\n\t\t<\/div>\n\n<div class=\"wp-block-ub-content-toggle-accordion\" style=\"border-color: #ffffff; \" id=\"ub-content-toggle-panel-block-33eae1c7-9458-45a5-8faa-0dfc3d6b07e3\">\n\t\t\t<div class=\"wp-block-ub-content-toggle-accordion-title-wrap\" style=\"background-color: #ffffff;\" aria-controls=\"ub-content-toggle-panel-2-8e22d4c0-f9c6-4ab7-847a-b952025287ba\" tabindex=\"0\">\n\t\t\t<p class=\"wp-block-ub-content-toggle-accordion-title ub-content-toggle-title-8e22d4c0-f9c6-4ab7-847a-b952025287ba\" style=\"color: #1a1a1d; \">Tools to Navigate the Cyber Risk Landscape<\/p>\n\t\t\t<div class=\"wp-block-ub-content-toggle-accordion-toggle-wrap right\" style=\"color: #000000;\"><span class=\"wp-block-ub-content-toggle-accordion-state-indicator wp-block-ub-chevron-down\"><\/span><\/div>\n\t\t<\/div>\n\t\t\t<div role=\"region\" aria-expanded=\"false\" class=\"wp-block-ub-content-toggle-accordion-content-wrap ub-hide\" id=\"ub-content-toggle-panel-2-8e22d4c0-f9c6-4ab7-847a-b952025287ba\">\n\n<h4 class=\"wp-block-heading has-alizarincrimson-color has-text-color has-link-color wp-elements-501db1e77b77b79b825238e16ec6e22a\">Garantizar la protecci\u00f3n de datos y el cumplimiento<\/h4>\n\n\n\n<p>En los servicios financieros, es esencial proteger los datos sensibles de los clientes y garantizar el cumplimiento de las normativas, como la Norma de Seguridad de Datos del Sector de las Tarjetas de Pago (PCI-DSS), la Ley Gramm-Leach-Bliley (GLBA) y la Ley Sarbanes-Oxley (SOX).<\/p>\n\n\n\n<p>Con las soluciones biom\u00e9tricas de BIO-key, probadas por el NIST, y las capacidades de autenticaci\u00f3n adaptativa de PortalGuard, puedes generar una profunda confianza y asegurarte de que s\u00f3lo los usuarios autorizados acceden a tus sistemas.<\/p>\n\n<\/div>\n\t\t<\/div>\n<\/div>\n\n\n<h2 class=\"wp-block-heading\">Nuestras soluciones en acci\u00f3n<\/h2>\n\n\n\n<p>Reconocemos que las instituciones financieras tienen necesidades de seguridad \u00fanicas, por lo que adaptamos nuestras soluciones para satisfacer esos requisitos espec\u00edficos.<\/p>\n\n\n\n<div class=\"wp-block-columns is-layout-flex wp-container-core-columns-is-layout-9d6595d7 wp-block-columns-is-layout-flex\">\n<div class=\"wp-block-column is-layout-flow wp-block-column-is-layout-flow\" style=\"flex-basis:10%\">\n<figure class=\"wp-block-image size-full\"><img decoding=\"async\" src=\"https:\/\/biokeystg.wpengine.com\/wp-content\/uploads\/2020\/10\/feature-icon-8.svg\" alt=\"\" class=\"wp-image-12107\"><\/figure>\n<\/div>\n\n\n\n<div class=\"wp-block-column is-layout-flow wp-block-column-is-layout-flow\" style=\"flex-basis:90%\">\n<h3 class=\"wp-block-heading\">Gesti\u00f3n de Identidad y Acceso de Clientes (CIAM)<\/h3>\n\n\n\n<p>La IAM tradicional suele pasar por alto a los clientes, que son esenciales para el \u00e9xito de los bancos. Aunque las implantaciones de banca online pueden ser costosas, tienen un impacto significativo en la experiencia del usuario. Las soluciones biom\u00e9tricas de BIO-key ofrecen a los clientes una experiencia segura, fluida y sin contrase\u00f1as, al tiempo que reducen tus costes.  <\/p>\n<\/div>\n<\/div>\n\n\n\n<div class=\"wp-block-columns is-layout-flex wp-container-core-columns-is-layout-9d6595d7 wp-block-columns-is-layout-flex\">\n<div class=\"wp-block-column is-layout-flow wp-block-column-is-layout-flow\" style=\"flex-basis:10%\">\n<figure class=\"wp-block-image size-full\"><img decoding=\"async\" src=\"https:\/\/biokeystg.wpengine.com\/wp-content\/uploads\/2020\/10\/feature-icon-1.svg\" alt=\"\" class=\"wp-image-12100\"><\/figure>\n<\/div>\n\n\n\n<div class=\"wp-block-column is-layout-flow wp-block-column-is-layout-flow\" style=\"flex-basis:90%\">\n<h3 class=\"wp-block-heading\">Puestos de trabajo compartidos y quioscos<\/h3>\n\n\n\n<p>Tus empleados necesitan una forma fluida, eficiente y segura de trabajar en puestos compartidos. Los tokens f\u00edsicos y la autenticaci\u00f3n m\u00f3vil pueden ser costosos e inc\u00f3modos. Con la biometr\u00eda de BIO-key, puedes configurar f\u00e1cilmente esc\u00e1neres de huellas dactilares para el inicio de sesi\u00f3n sin contrase\u00f1a en cualquier sucursal, permitiendo a los usuarios acceder a los dispositivos sin tel\u00e9fonos ni tokens.  <\/p>\n<\/div>\n<\/div>\n\n\n\n<div class=\"wp-block-columns is-layout-flex wp-container-core-columns-is-layout-9d6595d7 wp-block-columns-is-layout-flex\">\n<div class=\"wp-block-column is-layout-flow wp-block-column-is-layout-flow\" style=\"flex-basis:10%\">\n<figure class=\"wp-block-image size-full\"><img decoding=\"async\" src=\"https:\/\/biokeystg.wpengine.com\/wp-content\/uploads\/2020\/10\/feature-icon-2.svg\" alt=\"\" class=\"wp-image-12101\"><\/figure>\n<\/div>\n\n\n\n<div class=\"wp-block-column is-layout-flow wp-block-column-is-layout-flow\" style=\"flex-basis:90%\">\n<h3 class=\"wp-block-heading\">Entornos de confianza cero<\/h3>\n\n\n\n<p>El enfoque de Confianza Cero asume que todos y cada uno de los dispositivos pueden ser una amenaza potencial. La autenticaci\u00f3n multifactor (MFA) es un paso clave en esta estrategia. La plataforma PortalGuard de BIO-key ofrece diversos m\u00e9todos de autenticaci\u00f3n: algo que sabes (contrase\u00f1as), algo que tienes (tokens) y algo que eres (biometr\u00eda). Las soluciones biom\u00e9tricas de BIO-key autentican las identidades reales de los usuarios, lo que las convierte en la forma m\u00e1s s\u00f3lida de establecer la confianza all\u00ed donde m\u00e1s importa.   <\/p>\n<\/div>\n<\/div>\n\n\n\n<div class=\"wp-block-buttons is-content-justification-center is-layout-flex wp-container-core-buttons-is-layout-16018d1d wp-block-buttons-is-layout-flex\">\n<div class=\"wp-block-button is-style-fill\"><a class=\"wp-block-button__link has-white-color has-alizarincrimson-background-color has-text-color has-background wp-element-button\" href=\"https:\/\/info.bio-key.com\/hubfs\/Cybersecurity%20in%20Financial%20Services.pdf\" target=\"_blank\" rel=\"noreferrer noopener\">Lee nuestro Informe sobre ciberseguridad en los servicios financieros<\/a><\/div>\n<\/div>\n\n\n\n<div class=\"wp-block-group has-t-3-shark-background-color has-background\"><div class=\"wp-block-group__inner-container is-layout-flow wp-block-group-is-layout-flow\">\n<div class=\"wp-block-group\"><div class=\"wp-block-group__inner-container is-layout-flow wp-block-group-is-layout-flow\">\n<h3 class=\"wp-block-heading\">Caso de \u00e9xito de un cliente<\/h3>\n\n\n\n<div class=\"wp-block-columns is-layout-flex wp-container-core-columns-is-layout-9d6595d7 wp-block-columns-is-layout-flex\">\n<div class=\"wp-block-column is-layout-flow wp-block-column-is-layout-flow\" style=\"flex-basis:50%\">\n<p>Como las ciberamenazas plantean riesgos significativos a los bancos comerciales, muchos est\u00e1n reevaluando sus estrategias de autenticaci\u00f3n. La FFIEC y la OCC han actualizado sus orientaciones, haciendo hincapi\u00e9 en que la Autenticaci\u00f3n Multifactor (AMF) puede reducir eficazmente los riesgos y evitar el acceso no autorizado. <\/p>\n\n\n\n<p>En respuesta a estas recomendaciones, <strong>Orange Bank &amp; Trust<\/strong> Company abandon\u00f3 con \u00e9xito las contrase\u00f1as y adopt\u00f3 la AMF y la biometr\u00eda para hacer frente directamente a los ciberriesgos.<\/p>\n<\/div>\n\n\n\n<div class=\"wp-block-column is-layout-flow wp-block-column-is-layout-flow\" style=\"flex-basis:5%\"><\/div>\n\n\n\n<div class=\"wp-block-column is-layout-flow wp-block-column-is-layout-flow\" style=\"flex-basis:45%\">\n<figure class=\"wp-block-image size-full\"><img loading=\"lazy\" decoding=\"async\" width=\"717\" height=\"771\" src=\"https:\/\/biokeystg.wpengine.com\/wp-content\/uploads\/2022\/06\/orange-bank-and-trust-graphic.png\" alt=\"\" class=\"wp-image-14357\" srcset=\"https:\/\/www.bio-key.com\/wp-content\/uploads\/2022\/06\/orange-bank-and-trust-graphic.png 717w, https:\/\/www.bio-key.com\/wp-content\/uploads\/2022\/06\/orange-bank-and-trust-graphic-279x300.png 279w\" sizes=\"auto, (max-width: 717px) 100vw, 717px\" \/><\/figure>\n\n\n\n<div style=\"height:40px\" aria-hidden=\"true\" class=\"wp-block-spacer\"><\/div>\n\n\n\n<div class=\"wp-block-buttons is-content-justification-center is-layout-flex wp-container-core-buttons-is-layout-16018d1d wp-block-buttons-is-layout-flex\">\n<div class=\"wp-block-button is-style-fill\"><a class=\"wp-block-button__link has-white-color has-shark-background-color has-text-color has-background wp-element-button\" href=\"https:\/\/info.bio-key.com\/orange-bank-trust-webinar\" target=\"_blank\" rel=\"noreferrer noopener\">M\u00e1s informaci\u00f3n sobre el caso<\/a><\/div>\n<\/div>\n<\/div>\n<\/div>\n<\/div><\/div>\n<\/div><\/div>\n\n\n\n<hr class=\"wp-block-separator has-css-opacity is-style-default\">\n\n\n\n<figure class=\"wp-block-pullquote has-text-align-center has-alizarincrimson-color has-text-color\"><blockquote><p><em><em>\u00abNuestro equipo en Orange Bank se est\u00e1 asociando con BIO-key para proporcionar a nuestra instituci\u00f3n financiera una soluci\u00f3n IDaaS en la nube que ofrece autenticaci\u00f3n biom\u00e9trica avanzada. BIO-key ofrece tanto autenticaci\u00f3n biom\u00e9trica como un conjunto probado de soluciones de Administraci\u00f3n de Accesos e Identidad (IAM) que proporcionan flexibilidad de seguridad y valor sobre los enfoques ofrecidos por otros proveedores.\u00bb<\/em><\/em><\/p><cite>Orange Bank y Trust Company<\/cite><\/blockquote><\/figure>\n\n\n\n<hr class=\"wp-block-separator has-css-opacity is-style-default\">\n\n\n\n<h3 class=\"wp-block-heading\">Recomendaciones de productos<\/h3>\n\n\n\n<div class=\"wp-block-columns is-layout-flex wp-container-core-columns-is-layout-9d6595d7 wp-block-columns-is-layout-flex\">\n<div class=\"wp-block-column is-layout-flow wp-block-column-is-layout-flow\"><div class=\"wp-block-image is-resized is-style-default\">\n<figure class=\"aligncenter size-large\"><img decoding=\"async\" src=\"https:\/\/biokeystg.wpengine.com\/wp-content\/uploads\/2020\/10\/double-tap.svg\" alt=\"\" class=\"wp-image-12168\" style=\"width:auto;height:30px\"><\/figure>\n<\/div>\n\n\n<div style=\"height:30px\" aria-hidden=\"true\" class=\"wp-block-spacer\"><\/div>\n\n\n\n<p class=\"has-text-align-center\"><strong><a href=\"https:\/\/www.bio-key.com\/biometrics\/\" target=\"_blank\" rel=\"noopener\" title=\"Biometr\u00eda\">Biometr\u00eda<\/a><\/strong><\/p>\n\n\n\n<p class=\"has-text-align-left\">Mira c\u00f3mo la biometr\u00eda vinculada a la identidad (IBB) ofrece los m\u00e1s altos niveles de responsabilidad y versatilidad mediante el establecimiento de una confianza arraigada en la identidad biom\u00e9trica de una persona.<\/p>\n<\/div>\n\n\n\n<div class=\"wp-block-column is-layout-flow wp-block-column-is-layout-flow\"><div class=\"wp-block-image is-resized is-style-default\">\n<figure class=\"aligncenter size-large\"><img decoding=\"async\" src=\"https:\/\/biokeystg.wpengine.com\/wp-content\/uploads\/2020\/10\/benefits-3.svg\" alt=\"\" class=\"wp-image-12111\" style=\"width:auto;height:30px\"><\/figure>\n<\/div>\n\n\n<div style=\"height:30px\" aria-hidden=\"true\" class=\"wp-block-spacer\"><\/div>\n\n\n\n<p class=\"has-text-align-center\"><strong><a href=\"https:\/\/www.bio-key.com\/multi-factor-authentication\/\" target=\"_blank\" rel=\"noopener\" title=\"Autenticaci\u00f3n Multifactor (MFA)\">Autenticaci\u00f3n Multifactor (MFA)<\/a><\/strong><\/p>\n\n\n\n<p>Implementar enfoques de autenticaci\u00f3n como la autenticaci\u00f3n adaptativa, escalonada y sin contrase\u00f1a.<\/p>\n<\/div>\n\n\n\n<div class=\"wp-block-column is-layout-flow wp-block-column-is-layout-flow\"><div class=\"wp-block-image is-resized is-style-default mb-0\">\n<figure class=\"aligncenter size-large\"><img decoding=\"async\" src=\"https:\/\/biokeystg.wpengine.com\/wp-content\/uploads\/2020\/10\/mobile-contact.svg\" alt=\"\" class=\"wp-image-12161\" style=\"width:auto;height:30px\"><\/figure>\n<\/div>\n\n\n<div style=\"height:30px\" aria-hidden=\"true\" class=\"wp-block-spacer\"><\/div>\n\n\n\n<p class=\"has-text-align-center\"><strong><a href=\"https:\/\/www.bio-key.com\/single-sign-on\/\" target=\"_blank\" rel=\"noopener\" title=\"Inicio de sesi\u00f3n \u00fanico\">Inicio de sesi\u00f3n \u00fanico<\/a><\/strong><\/p>\n\n\n\n<p>Protege y accede a todas sus aplicaciones a trav\u00e9s de un \u00fanico punto de autenticaci\u00f3n fuerte con un \u00fanico IdP.<\/p>\n<\/div>\n<\/div>\n","protected":false},"excerpt":{"rendered":"<p>Como banco o instituci\u00f3n financiera, te enfrentas a crecientes ciberamenazas, nuevas tecnolog\u00edas y requisitos de cumplimiento cambiantes. Es crucial garantizar la protecci\u00f3n de tu instituci\u00f3n, empleados y clientes. Casos de \u00e9xito de clientes Superar sus retos con nuestra experiencia Nuestras soluciones en acci\u00f3n Reconocemos que las instituciones financieras tienen necesidades de seguridad \u00fanicas, por lo [&hellip;]<\/p>\n","protected":false},"author":14,"featured_media":15624,"parent":0,"menu_order":0,"comment_status":"closed","ping_status":"closed","template":"tpl-industry.php","meta":{"_acf_changed":false,"content-type":"","inline_featured_image":false,"footnotes":""},"class_list":["post-16179","page","type-page","status-publish","has-post-thumbnail","hentry"],"acf":[],"aioseo_notices":[],"featured_image_src":"https:\/\/www.bio-key.com\/wp-content\/uploads\/2020\/10\/sharon-mccutcheon-8lnbXtxFGZw-unsplash-scaled-e1604008527103.jpg?wsr","_links":{"self":[{"href":"https:\/\/www.bio-key.com\/es\/wp-json\/wp\/v2\/pages\/16179","targetHints":{"allow":["GET"]}}],"collection":[{"href":"https:\/\/www.bio-key.com\/es\/wp-json\/wp\/v2\/pages"}],"about":[{"href":"https:\/\/www.bio-key.com\/es\/wp-json\/wp\/v2\/types\/page"}],"author":[{"embeddable":true,"href":"https:\/\/www.bio-key.com\/es\/wp-json\/wp\/v2\/users\/14"}],"replies":[{"embeddable":true,"href":"https:\/\/www.bio-key.com\/es\/wp-json\/wp\/v2\/comments?post=16179"}],"version-history":[{"count":0,"href":"https:\/\/www.bio-key.com\/es\/wp-json\/wp\/v2\/pages\/16179\/revisions"}],"wp:featuredmedia":[{"embeddable":true,"href":"https:\/\/www.bio-key.com\/es\/wp-json\/wp\/v2\/media\/15624"}],"wp:attachment":[{"href":"https:\/\/www.bio-key.com\/es\/wp-json\/wp\/v2\/media?parent=16179"}],"curies":[{"name":"wp","href":"https:\/\/api.w.org\/{rel}","templated":true}]}}