{"id":16180,"date":"2020-10-23T02:36:18","date_gmt":"2020-10-23T02:36:18","guid":{"rendered":"https:\/\/www.bio-key.com\/proveedor-mundial\/"},"modified":"2025-08-22T14:48:18","modified_gmt":"2025-08-22T14:48:18","slug":"proveedor-mundial","status":"publish","type":"page","link":"https:\/\/www.bio-key.com\/es\/proveedor-mundial\/","title":{"rendered":"Proveedor mundial"},"content":{"rendered":"\n<h2 class=\"wp-block-heading\">Resolver los retos de la Administraci\u00f3n de Accesos e Identidad (IAM) a nivel mundial. <\/h2>\n\n\n\n<figure class=\"wp-block-image size-full\"><img loading=\"lazy\" decoding=\"async\" width=\"560\" height=\"297\" src=\"https:\/\/www.bio-key.com\/wp-content\/uploads\/2022\/12\/img-global-footprint-2-updated.png\" alt=\"\" class=\"wp-image-14701\" srcset=\"https:\/\/www.bio-key.com\/wp-content\/uploads\/2022\/12\/img-global-footprint-2-updated.png 560w, https:\/\/www.bio-key.com\/wp-content\/uploads\/2022\/12\/img-global-footprint-2-updated-300x159.png 300w\" sizes=\"auto, (max-width: 560px) 100vw, 560px\" \/><\/figure>\n\n\n\n<h3 class=\"wp-block-heading\">Nuestras oficinas en todo el mundo<\/h3>\n\n\n\n<div class=\"wp-block-columns is-layout-flex wp-container-core-columns-is-layout-9d6595d7 wp-block-columns-is-layout-flex\">\n<div class=\"wp-block-column is-layout-flow wp-block-column-is-layout-flow\">\n<p><strong>Sede corporativa<\/strong><br>Holmdel NJ, EE.UU.<\/p>\n\n\n\n<div class=\"wp-block-buttons is-layout-flex wp-block-buttons-is-layout-flex\">\n<div class=\"wp-block-button is-style-outline is-style-outline--1\"><a class=\"wp-block-button__link has-white-color has-alizarincrimson-background-color has-text-color has-background wp-element-button\" href=\"https:\/\/www.bio-key.com\/contact-us\/\">Cont\u00e1ctanos<\/a><\/div>\n<\/div>\n\n\n\n<div style=\"height:20px\" aria-hidden=\"true\" class=\"wp-block-spacer\"><\/div>\n\n\n\n<p><strong>Otras oficinas<\/strong><\/p>\n\n\n\n<ul class=\"wp-block-list\">\n<li>Eagan, MN, EE.UU.<\/li>\n\n\n\n<li>Austin, TX, EE.UU.<\/li>\n\n\n\n<li>Madrid, Espa\u00f1a<\/li>\n\n\n\n<li>Nigeria<\/li>\n\n\n\n<li>China<\/li>\n\n\n\n<li>Singapur<\/li>\n<\/ul>\n\n\n\n<p><\/p>\n<\/div>\n\n\n\n<div class=\"wp-block-column is-layout-flow wp-block-column-is-layout-flow\">\n<div class=\"wp-block-group has-t-3-shark-background-color has-background\"><div class=\"wp-block-group__inner-container is-layout-flow wp-block-group-is-layout-flow\"><div class=\"wp-block-image is-style-default\">\n<figure class=\"aligncenter size-large is-resized\"><img decoding=\"async\" src=\"https:\/\/www.bio-key.com\/wp-content\/uploads\/2020\/10\/ic_place_48px@4x-e1603421419508.png\" alt=\"\" style=\"width:99px;height:138px\"><\/figure>\n<\/div>\n\n\n<p>BIO-key tiene sedes en todo el mundo para ofrecer soluciones globales de Administraci\u00f3n de Accesos e Identidades (IAM).<\/p>\n<\/div><\/div>\n<\/div>\n<\/div>\n\n\n\n<hr class=\"wp-block-separator has-text-color has-t-3-shark-color has-css-opacity has-t-3-shark-background-color has-background\">\n\n\n\n<div class=\"wp-block-columns is-layout-flex wp-container-core-columns-is-layout-9d6595d7 wp-block-columns-is-layout-flex\">\n<div class=\"wp-block-column is-layout-flow wp-block-column-is-layout-flow\" style=\"flex-basis:25%\">\n<h4 class=\"wp-block-heading\">BIO-key \u00c1frica<\/h4>\n\n\n\n<p><strong>Oficina<\/strong><br>Nigeria  <\/p>\n<\/div>\n\n\n\n<div class=\"wp-block-column is-layout-flow wp-block-column-is-layout-flow\" style=\"flex-basis:50%\">\n<p>Centrado en aplicaciones de identidad civil y a gran escala, BIO-key Africa es un equipo de personas dedicadas que buscan ayudar a asegurar la identidad tanto a nivel nacional como empresarial.<\/p>\n<\/div>\n\n\n\n<div class=\"wp-block-column is-layout-flow wp-block-column-is-layout-flow\" style=\"flex-basis:25%\">\n<figure class=\"wp-block-image size-large\"><img loading=\"lazy\" decoding=\"async\" width=\"600\" height=\"662\" src=\"https:\/\/www.bio-key.com\/wp-content\/uploads\/2020\/10\/africa_Map.png\" alt=\"\" class=\"wp-image-12345\" srcset=\"https:\/\/www.bio-key.com\/wp-content\/uploads\/2020\/10\/africa_Map.png 600w, https:\/\/www.bio-key.com\/wp-content\/uploads\/2020\/10\/africa_Map-272x300.png 272w\" sizes=\"auto, (max-width: 600px) 100vw, 600px\" \/><\/figure>\n<\/div>\n<\/div>\n\n\n\n<hr class=\"wp-block-separator has-css-opacity\">\n\n\n\n<div class=\"wp-block-columns is-layout-flex wp-container-core-columns-is-layout-9d6595d7 wp-block-columns-is-layout-flex\">\n<div class=\"wp-block-column is-layout-flow wp-block-column-is-layout-flow\" style=\"flex-basis:25%\">\n<h4 class=\"wp-block-heading\">BIO-key APAC<\/h4>\n\n\n\n<p><\/p>\n\n\n\n<p><strong>Oficina<\/strong><br>Tsuen Wan, Hong Kong<\/p>\n<\/div>\n\n\n\n<div class=\"wp-block-column is-layout-flow wp-block-column-is-layout-flow\" style=\"flex-basis:50%\">\n<p>Trabajando a trav\u00e9s de una incre\u00edble red de socios y distribuidores, BIO-key APAC se centra en mantener nuestro n\u00facleo central de fabricaci\u00f3n de hardware y en localizar oportunidades de expansi\u00f3n en la regi\u00f3n de Asia-Pac\u00edfico.<\/p>\n<\/div>\n\n\n\n<div class=\"wp-block-column is-layout-flow wp-block-column-is-layout-flow\" style=\"flex-basis:25%\">\n<figure class=\"wp-block-image size-large\"><img loading=\"lazy\" decoding=\"async\" width=\"254\" height=\"198\" src=\"https:\/\/www.bio-key.com\/wp-content\/uploads\/2020\/10\/APAC_map.png\" alt=\"\" class=\"wp-image-12344\"><\/figure>\n<\/div>\n<\/div>\n\n\n\n<hr class=\"wp-block-separator has-css-opacity\">\n\n\n\n<div class=\"wp-block-columns is-layout-flex wp-container-core-columns-is-layout-9d6595d7 wp-block-columns-is-layout-flex\">\n<div class=\"wp-block-column is-layout-flow wp-block-column-is-layout-flow\" style=\"flex-basis:25%\">\n<h4 class=\"wp-block-heading\">BIO-key EMEA<\/h4>\n\n\n\n<p><\/p>\n\n\n\n<p><strong>Oficina<\/strong><br>Madrid, Espa\u00f1a<\/p>\n<\/div>\n\n\n\n<div class=\"wp-block-column is-layout-flow wp-block-column-is-layout-flow\" style=\"flex-basis:50%\">\n<p>BIO-key EMEA se centra en impulsar partnerships de canal en toda la regi\u00f3n para ampliar nuestra oferta de soluciones de Administraci\u00f3n de Accesos e Identidades (IAM), incluida la biometr\u00eda vinculada a la identidad (IBB).<\/p>\n<\/div>\n\n\n\n<div class=\"wp-block-column is-layout-flow wp-block-column-is-layout-flow\" style=\"flex-basis:25%\">\n<figure class=\"wp-block-image size-thumbnail is-resized\"><img loading=\"lazy\" decoding=\"async\" width=\"150\" height=\"150\" src=\"https:\/\/www.bio-key.com\/wp-content\/uploads\/2022\/12\/BIO-key-EMEA-150x150.png\" alt=\"\" class=\"wp-image-14700\" style=\"width:200px;height:200px\" srcset=\"https:\/\/www.bio-key.com\/wp-content\/uploads\/2022\/12\/BIO-key-EMEA-150x150.png 150w, https:\/\/www.bio-key.com\/wp-content\/uploads\/2022\/12\/BIO-key-EMEA-300x300.png 300w, https:\/\/www.bio-key.com\/wp-content\/uploads\/2022\/12\/BIO-key-EMEA.png 400w\" sizes=\"auto, (max-width: 150px) 100vw, 150px\" \/><\/figure>\n<\/div>\n<\/div>\n\n\n\n<div style=\"height:40px\" aria-hidden=\"true\" class=\"wp-block-spacer\"><\/div>\n","protected":false},"excerpt":{"rendered":"<p>Resolver los retos de la Administraci\u00f3n de Accesos e Identidad (IAM) a nivel mundial. Nuestras oficinas en todo el mundo Sede corporativaHolmdel NJ, EE.UU. Otras oficinas BIO-key tiene sedes en todo el mundo para ofrecer soluciones globales de Administraci\u00f3n de Accesos e Identidades (IAM). BIO-key \u00c1frica OficinaNigeria Centrado en aplicaciones de identidad civil y a [&hellip;]<\/p>\n","protected":false},"author":14,"featured_media":15519,"parent":0,"menu_order":0,"comment_status":"closed","ping_status":"closed","template":"tpl-about.php","meta":{"_acf_changed":false,"content-type":"","inline_featured_image":false,"footnotes":""},"class_list":["post-16180","page","type-page","status-publish","has-post-thumbnail","hentry"],"acf":[],"aioseo_notices":[],"featured_image_src":"https:\/\/www.bio-key.com\/wp-content\/uploads\/2020\/10\/fernando-cferdo-tNDYN8jWyfM-unsplash-scaled-e1603420767244.jpg?wsr","_links":{"self":[{"href":"https:\/\/www.bio-key.com\/es\/wp-json\/wp\/v2\/pages\/16180","targetHints":{"allow":["GET"]}}],"collection":[{"href":"https:\/\/www.bio-key.com\/es\/wp-json\/wp\/v2\/pages"}],"about":[{"href":"https:\/\/www.bio-key.com\/es\/wp-json\/wp\/v2\/types\/page"}],"author":[{"embeddable":true,"href":"https:\/\/www.bio-key.com\/es\/wp-json\/wp\/v2\/users\/14"}],"replies":[{"embeddable":true,"href":"https:\/\/www.bio-key.com\/es\/wp-json\/wp\/v2\/comments?post=16180"}],"version-history":[{"count":0,"href":"https:\/\/www.bio-key.com\/es\/wp-json\/wp\/v2\/pages\/16180\/revisions"}],"wp:featuredmedia":[{"embeddable":true,"href":"https:\/\/www.bio-key.com\/es\/wp-json\/wp\/v2\/media\/15519"}],"wp:attachment":[{"href":"https:\/\/www.bio-key.com\/es\/wp-json\/wp\/v2\/media?parent=16180"}],"curies":[{"name":"wp","href":"https:\/\/api.w.org\/{rel}","templated":true}]}}