{"id":16182,"date":"2020-10-21T19:47:06","date_gmt":"2020-10-21T19:47:06","guid":{"rendered":"https:\/\/www.bio-key.com\/autoservicio-de-restablecimiento-de-contrasena\/"},"modified":"2025-09-10T09:37:32","modified_gmt":"2025-09-10T09:37:32","slug":"restablecimiento-de-contrasena-autoservicio","status":"publish","type":"page","link":"https:\/\/www.bio-key.com\/es\/restablecimiento-de-contrasena-autoservicio\/","title":{"rendered":"F\u00e1cil autoservicio de restablecimiento de contrase\u00f1a para capacitar a tus usuarios"},"content":{"rendered":"\n<hr class=\"wp-block-separator has-alpha-channel-opacity\">\n\n\n\n<div class=\"wp-block-columns are-vertically-aligned-center is-not-stacked-on-mobile is-layout-flex wp-container-core-columns-is-layout-9d6595d7 wp-block-columns-is-layout-flex\">\n<div class=\"wp-block-column is-vertically-aligned-center is-layout-flow wp-block-column-is-layout-flow\"><div class=\"wp-block-image\">\n<figure class=\"aligncenter size-full\"><img loading=\"lazy\" decoding=\"async\" width=\"1042\" height=\"1043\" src=\"https:\/\/www.bio-key.com\/wp-content\/uploads\/2025\/09\/G2_Fall-2025-High-Performer.png\" alt=\"\" class=\"wp-image-21269\" style=\"object-fit:cover\" srcset=\"https:\/\/www.bio-key.com\/wp-content\/uploads\/2025\/09\/G2_Fall-2025-High-Performer.png 1042w, https:\/\/www.bio-key.com\/wp-content\/uploads\/2025\/09\/G2_Fall-2025-High-Performer-300x300.png 300w, https:\/\/www.bio-key.com\/wp-content\/uploads\/2025\/09\/G2_Fall-2025-High-Performer-1024x1024.png 1024w, https:\/\/www.bio-key.com\/wp-content\/uploads\/2025\/09\/G2_Fall-2025-High-Performer-150x150.png 150w, https:\/\/www.bio-key.com\/wp-content\/uploads\/2025\/09\/G2_Fall-2025-High-Performer-768x769.png 768w\" sizes=\"auto, (max-width: 1042px) 100vw, 1042px\" \/><\/figure>\n<\/div><\/div>\n\n\n\n<div class=\"wp-block-column is-vertically-aligned-center is-layout-flow wp-block-column-is-layout-flow\"><div class=\"wp-block-image\">\n<figure class=\"aligncenter size-full\"><img loading=\"lazy\" decoding=\"async\" width=\"1042\" height=\"1043\" src=\"https:\/\/www.bio-key.com\/wp-content\/uploads\/2025\/09\/G2_Fall-2025-Best-Meets-Requirements.png\" alt=\"\" class=\"wp-image-21261\" style=\"object-fit:cover\" srcset=\"https:\/\/www.bio-key.com\/wp-content\/uploads\/2025\/09\/G2_Fall-2025-Best-Meets-Requirements.png 1042w, https:\/\/www.bio-key.com\/wp-content\/uploads\/2025\/09\/G2_Fall-2025-Best-Meets-Requirements-300x300.png 300w, https:\/\/www.bio-key.com\/wp-content\/uploads\/2025\/09\/G2_Fall-2025-Best-Meets-Requirements-1024x1024.png 1024w, https:\/\/www.bio-key.com\/wp-content\/uploads\/2025\/09\/G2_Fall-2025-Best-Meets-Requirements-150x150.png 150w, https:\/\/www.bio-key.com\/wp-content\/uploads\/2025\/09\/G2_Fall-2025-Best-Meets-Requirements-768x769.png 768w\" sizes=\"auto, (max-width: 1042px) 100vw, 1042px\" \/><\/figure>\n<\/div><\/div>\n\n\n\n<div class=\"wp-block-column is-vertically-aligned-center is-layout-flow wp-block-column-is-layout-flow\"><div class=\"wp-block-image\">\n<figure class=\"aligncenter size-full\"><img loading=\"lazy\" decoding=\"async\" width=\"1042\" height=\"1043\" src=\"https:\/\/www.bio-key.com\/wp-content\/uploads\/2025\/09\/G2_Fall-2025-Easiest-Admin.png\" alt=\"\" class=\"wp-image-21263\" style=\"object-fit:cover\" srcset=\"https:\/\/www.bio-key.com\/wp-content\/uploads\/2025\/09\/G2_Fall-2025-Easiest-Admin.png 1042w, https:\/\/www.bio-key.com\/wp-content\/uploads\/2025\/09\/G2_Fall-2025-Easiest-Admin-300x300.png 300w, https:\/\/www.bio-key.com\/wp-content\/uploads\/2025\/09\/G2_Fall-2025-Easiest-Admin-1024x1024.png 1024w, https:\/\/www.bio-key.com\/wp-content\/uploads\/2025\/09\/G2_Fall-2025-Easiest-Admin-150x150.png 150w, https:\/\/www.bio-key.com\/wp-content\/uploads\/2025\/09\/G2_Fall-2025-Easiest-Admin-768x769.png 768w\" sizes=\"auto, (max-width: 1042px) 100vw, 1042px\" \/><\/figure>\n<\/div><\/div>\n\n\n\n<div class=\"wp-block-column is-vertically-aligned-center is-layout-flow wp-block-column-is-layout-flow\"><div class=\"wp-block-image\">\n<figure class=\"aligncenter size-full\"><img loading=\"lazy\" decoding=\"async\" width=\"1042\" height=\"1042\" src=\"https:\/\/www.bio-key.com\/wp-content\/uploads\/2025\/09\/G2_Fall-2025-Easiest-To-Use.png\" alt=\"\" class=\"wp-image-21267\" style=\"object-fit:cover\" srcset=\"https:\/\/www.bio-key.com\/wp-content\/uploads\/2025\/09\/G2_Fall-2025-Easiest-To-Use.png 1042w, https:\/\/www.bio-key.com\/wp-content\/uploads\/2025\/09\/G2_Fall-2025-Easiest-To-Use-300x300.png 300w, https:\/\/www.bio-key.com\/wp-content\/uploads\/2025\/09\/G2_Fall-2025-Easiest-To-Use-1024x1024.png 1024w, https:\/\/www.bio-key.com\/wp-content\/uploads\/2025\/09\/G2_Fall-2025-Easiest-To-Use-150x150.png 150w, https:\/\/www.bio-key.com\/wp-content\/uploads\/2025\/09\/G2_Fall-2025-Easiest-To-Use-768x768.png 768w\" sizes=\"auto, (max-width: 1042px) 100vw, 1042px\" \/><\/figure>\n<\/div><\/div>\n\n\n\n<div class=\"wp-block-column is-vertically-aligned-center is-layout-flow wp-block-column-is-layout-flow\"><div class=\"wp-block-image\">\n<figure class=\"aligncenter size-full\"><img loading=\"lazy\" decoding=\"async\" width=\"1042\" height=\"1043\" src=\"https:\/\/www.bio-key.com\/wp-content\/uploads\/2025\/09\/G2_Fall-2025-Highest-User-Adoption.png\" alt=\"\" class=\"wp-image-21271\" style=\"object-fit:cover\" srcset=\"https:\/\/www.bio-key.com\/wp-content\/uploads\/2025\/09\/G2_Fall-2025-Highest-User-Adoption.png 1042w, https:\/\/www.bio-key.com\/wp-content\/uploads\/2025\/09\/G2_Fall-2025-Highest-User-Adoption-300x300.png 300w, https:\/\/www.bio-key.com\/wp-content\/uploads\/2025\/09\/G2_Fall-2025-Highest-User-Adoption-1024x1024.png 1024w, https:\/\/www.bio-key.com\/wp-content\/uploads\/2025\/09\/G2_Fall-2025-Highest-User-Adoption-150x150.png 150w, https:\/\/www.bio-key.com\/wp-content\/uploads\/2025\/09\/G2_Fall-2025-Highest-User-Adoption-768x769.png 768w\" sizes=\"auto, (max-width: 1042px) 100vw, 1042px\" \/><\/figure>\n<\/div><\/div>\n<\/div>\n\n\n\n<hr class=\"wp-block-separator has-text-color has-t-3-shark-color has-css-opacity has-t-3-shark-background-color has-background is-style-wide\">\n\n\n\n<div class=\"wp-block-columns are-vertically-aligned-center is-layout-flex wp-container-core-columns-is-layout-9d6595d7 wp-block-columns-is-layout-flex\">\n<div class=\"wp-block-column is-vertically-aligned-center is-layout-flow wp-block-column-is-layout-flow\" style=\"flex-basis:66.66%\">\n<h3 class=\"wp-block-heading has-alizarincrimson-color has-text-color has-link-color wp-elements-074e4e40b08bf22e71f9c93417518dc3\">Agiliza la recuperaci\u00f3n de contrase\u00f1as y mejora la seguridad con soluciones de autoservicio<\/h3>\n\n\n\n<p>Todos olvidamos nuestras contrase\u00f1as, y dar soporte a toda una base de usuarios que necesitan ayuda para recordarlas puede ser agotador para los departamentos de IT de todos los tama\u00f1os, especialmente en el aspecto administrativo. La mayor\u00eda de los estudios muestran que el coste del restablecimiento de contrase\u00f1as puede oscilar entre 25 y 75 d\u00f3lares por incidente y suponer alrededor del 30 por ciento o m\u00e1s de las llamadas al servicio de asistencia t\u00e9cnica y al servicio de atenci\u00f3n al cliente.<\/p>\n\n\n\n<p>Para ofrecer la m\u00e1xima flexibilidad y facilidad de uso, la soluci\u00f3n de restablecimiento de contrase\u00f1as de autoservicio (SSPR) de PortalGuard funciona a la perfecci\u00f3n en todos los puntos de acceso, tanto para el acceso basado en navegador como a trav\u00e9s del escritorio con PortalGuard Desktop. Tanto si un empleado est\u00e1 en la oficina, en casa o en movimiento, PortalGuard SSPR tiene la respuesta para agilizar su proceso de help desk de TI, eliminar el estr\u00e9s de sus usuarios, reducir costes y reforzar la seguridad de las contrase\u00f1as.<\/p>\n<\/div>\n\n\n\n<div class=\"wp-block-column is-vertically-aligned-center is-layout-flow wp-block-column-is-layout-flow\" style=\"flex-basis:33.33%\">\n<figure class=\"wp-block-image size-large\"><img decoding=\"async\" src=\"https:\/\/www.bio-key.com\/wp-content\/uploads\/2020\/10\/self-service-password.svg\" alt=\"\" class=\"wp-image-12162\"><\/figure>\n<\/div>\n<\/div>\n\n\n\n<div class=\"wp-block-cover\"><span aria-hidden=\"true\" class=\"wp-block-cover__background has-shark-background-color has-background-dim-100 has-background-dim\"><\/span><div class=\"wp-block-cover__inner-container is-layout-constrained wp-block-cover-is-layout-constrained\">\n<div style=\"height:10px\" aria-hidden=\"true\" class=\"wp-block-spacer\"><\/div>\n\n\n\n<div class=\"wp-block-columns is-layout-flex wp-container-core-columns-is-layout-9d6595d7 wp-block-columns-is-layout-flex\">\n<div class=\"wp-block-column is-layout-flow wp-block-column-is-layout-flow\" style=\"flex-basis:5%\"><\/div>\n\n\n\n<div class=\"wp-block-column is-layout-flow wp-block-column-is-layout-flow\" style=\"flex-basis:90%\">\n<h2 class=\"wp-block-heading has-text-align-center has-white-color has-text-color has-link-color wp-elements-b340a4f57386476ddb6bd90fc991083e\">Demostraci\u00f3n de restablecimiento de contrase\u00f1a de autoservicio de PortalGuard<\/h2>\n\n\n\n<figure class=\"wp-block-video\"><video height=\"1080\" style=\"aspect-ratio: 1920 \/ 1080;\" width=\"1920\" controls=\"\" poster=\"https:\/\/www.bio-key.com\/wp-content\/uploads\/2023\/12\/SSPR-Demo-video-thumbnail-2.png\" src=\"https:\/\/www.bio-key.com\/wp-content\/uploads\/2023\/11\/Virtual-Product-Demo-SSPR.mp4\"><\/video><\/figure>\n\n\n\n<div style=\"height:20px\" aria-hidden=\"true\" class=\"wp-block-spacer\"><\/div>\n\n\n\n<div class=\"wp-block-buttons is-content-justification-center is-layout-flex wp-container-core-buttons-is-layout-16018d1d wp-block-buttons-is-layout-flex\">\n<div class=\"wp-block-button\"><a class=\"wp-block-button__link has-white-color has-cornflowerblue-background-color has-text-color has-background has-link-color has-medium-font-size has-custom-font-size wp-element-button\" href=\"https:\/\/www.bio-key.com\/contact-us\/#ContactForm\" target=\"_blank\" rel=\"noreferrer noopener\">Reserva una demostraci\u00f3n personalizada<\/a><\/div>\n<\/div>\n<\/div>\n\n\n\n<div class=\"wp-block-column is-content-justification-center is-layout-flex wp-container-core-column-is-layout-16018d1d wp-block-column-is-layout-flex\" style=\"flex-basis:5%\"><\/div>\n<\/div>\n<\/div><\/div>\n\n\n\n<h2 class=\"wp-block-heading h3\">Caracter\u00edsticas principales<\/h2>\n\n\n\n<div class=\"wp-block-columns list-item is-layout-flex wp-container-core-columns-is-layout-9d6595d7 wp-block-columns-is-layout-flex\">\n<div class=\"wp-block-column is-layout-flow wp-block-column-is-layout-flow\" style=\"flex-basis:5%\">\n<figure class=\"wp-block-image size-large\"><img loading=\"lazy\" decoding=\"async\" width=\"48\" height=\"48\" src=\"https:\/\/www.bio-key.com\/wp-content\/uploads\/\/2020\/10\/touch-id.svg\" alt=\"\" class=\"wp-image-12550\"><\/figure>\n<\/div>\n\n\n\n<div class=\"wp-block-column is-layout-flow wp-block-column-is-layout-flow\" style=\"flex-basis:95%\">\n<h4 class=\"wp-block-heading\"><a href=\"https:\/\/www.bio-key.com\/multi-factor-authentication\/\" target=\"_blank\" rel=\"noopener\" title=\"Autenticaci\u00f3n Multifactor (MFA)\">Autenticaci\u00f3n Multifactor (MFA)<\/a><\/h4>\n\n\n\n<p>Refuerza la seguridad del restablecimiento de contrase\u00f1as de autoservicio (SSPR) con la Autenticaci\u00f3n Multifactor (MFA). El usuario, y s\u00f3lo el usuario, puede restablecer la contrase\u00f1a en cualquier momento con el m\u00e9todo de verificaci\u00f3n que elija, incluidos los m\u00e9todos de autenticaci\u00f3n biom\u00e9trica.<\/p>\n<\/div>\n<\/div>\n\n\n\n<div class=\"wp-block-columns list-item is-layout-flex wp-container-core-columns-is-layout-9d6595d7 wp-block-columns-is-layout-flex\">\n<div class=\"wp-block-column is-layout-flow wp-block-column-is-layout-flow\" style=\"flex-basis:5%\">\n<figure class=\"wp-block-image size-large\"><img decoding=\"async\" src=\"https:\/\/www.bio-key.com\/wp-content\/uploads\/2020\/10\/authentication-factors-icon-1.svg\" alt=\"\" class=\"wp-image-12071\"><\/figure>\n<\/div>\n\n\n\n<div class=\"wp-block-column is-layout-flow wp-block-column-is-layout-flow\" style=\"flex-basis:95%\">\n<h4 class=\"wp-block-heading\">Preguntas y respuestas<\/h4>\n\n\n\n<p>Las preguntas de desaf\u00edo o de seguridad pueden personalizarse y configurarse en funci\u00f3n de tus necesidades, incluida la posibilidad de evitar respuestas repetidas o duplicadas.<\/p>\n<\/div>\n<\/div>\n\n\n\n<div class=\"wp-block-columns list-item is-layout-flex wp-container-core-columns-is-layout-9d6595d7 wp-block-columns-is-layout-flex\">\n<div class=\"wp-block-column is-layout-flow wp-block-column-is-layout-flow\" style=\"flex-basis:5%\">\n<figure class=\"wp-block-image size-large\"><img decoding=\"async\" src=\"https:\/\/www.bio-key.com\/wp-content\/uploads\/2020\/10\/authentication-factors-icon-6.svg\" alt=\"\" class=\"wp-image-12066\"><\/figure>\n<\/div>\n\n\n\n<div class=\"wp-block-column is-layout-flow wp-block-column-is-layout-flow\" style=\"flex-basis:95%\">\n<h4 class=\"wp-block-heading\">Importar datos de usuario por lotes<\/h4>\n\n\n\n<p>Los datos pueden importarse por lotes en PortalGuard para eliminar la necesidad de que los usuarios inscriban la informaci\u00f3n por s\u00ed mismos. Por ejemplo, muchos de nuestros clientes importan respuestas que los nuevos usuarios deben contestar para establecer de forma segura su contrase\u00f1a inicial. Esto es mucho m\u00e1s seguro que confiar en contrase\u00f1as por defecto \u00abformulistas\u00bb.<\/p>\n<\/div>\n<\/div>\n\n\n\n<div class=\"wp-block-columns list-item is-layout-flex wp-container-core-columns-is-layout-9d6595d7 wp-block-columns-is-layout-flex\">\n<div class=\"wp-block-column is-layout-flow wp-block-column-is-layout-flow\" style=\"flex-basis:5%\">\n<figure class=\"wp-block-image size-large\"><img decoding=\"async\" src=\"https:\/\/www.bio-key.com\/wp-content\/uploads\/2020\/10\/authentication-factors-icon-3.svg\" alt=\"\" class=\"wp-image-12069\"><\/figure>\n<\/div>\n\n\n\n<div class=\"wp-block-column is-layout-flow wp-block-column-is-layout-flow\" style=\"flex-basis:95%\">\n<h4 class=\"wp-block-heading\">Arquitectura centralizada<\/h4>\n\n\n\n<p>PortalGuard dispone de una infraestructura de autoservicio integrada en la que la informaci\u00f3n del usuario, como las respuestas criptogr\u00e1ficamente cifradas y la informaci\u00f3n del token OTP, se almacena en un servidor central. No es necesario inscribirse en varios equipos: basta con inscribirse una vez y la cuenta de usuario estar\u00e1 lista.<\/p>\n<\/div>\n<\/div>\n\n\n\n<div class=\"wp-block-columns list-item is-layout-flex wp-container-core-columns-is-layout-9d6595d7 wp-block-columns-is-layout-flex\">\n<div class=\"wp-block-column is-layout-flow wp-block-column-is-layout-flow\" style=\"flex-basis:5%\">\n<figure class=\"wp-block-image size-large\"><img decoding=\"async\" src=\"https:\/\/www.bio-key.com\/wp-content\/uploads\/2020\/10\/authentication-factors-icon-4.svg\" alt=\"\" class=\"wp-image-12068\"><\/figure>\n<\/div>\n\n\n\n<div class=\"wp-block-column is-layout-flow wp-block-column-is-layout-flow\" style=\"flex-basis:95%\">\n<h4 class=\"wp-block-heading\"><a href=\"https:\/\/www.bio-key.com\/single-sign-on\/\" target=\"_blank\" rel=\"noopener\" title=\"Federaci\u00f3n de identidades y SSO\">Federaci\u00f3n de identidades y SSO<\/a><\/h4>\n\n\n\n<p>Integra PortalGuard para la federaci\u00f3n de identidades y las funciones de inicio de sesi\u00f3n \u00fanico (SSO). A trav\u00e9s de la federaci\u00f3n de identidades, PortalGuard proporciona a los usuarios la capacidad de gestionar y restablecer una \u00fanica contrase\u00f1a que es utilizable, fuerte y segura, y utilizar esa contrase\u00f1a para obtener acceso a varias aplicaciones.<\/p>\n<\/div>\n<\/div>\n\n\n\n<div class=\"wp-block-columns list-item is-layout-flex wp-container-core-columns-is-layout-9d6595d7 wp-block-columns-is-layout-flex\">\n<div class=\"wp-block-column is-layout-flow wp-block-column-is-layout-flow\" style=\"flex-basis:5%\">\n<figure class=\"wp-block-image size-large\"><img decoding=\"async\" src=\"https:\/\/www.bio-key.com\/wp-content\/uploads\/2020\/10\/authentication-factors-icon-5.svg\" alt=\"\" class=\"wp-image-12067\"><\/figure>\n<\/div>\n\n\n\n<div class=\"wp-block-column is-layout-flow wp-block-column-is-layout-flow\" style=\"flex-basis:95%\">\n<h4 class=\"wp-block-heading\">Gesti\u00f3n de contrase\u00f1as de Active Directory (Azure AD)<\/h4>\n\n\n\n<p>Los usuarios pueden restablecer de forma segura su contrase\u00f1a actual para Active Directory o aplicaciones habilitadas para SAML directamente desde el escritorio. Las pol\u00edticas de contrase\u00f1as, la gesti\u00f3n de accesos privilegiados, la caducidad de las contrase\u00f1as y la calidad de las contrase\u00f1as pueden personalizarse y aplicarse para adaptarse a las necesidades de tu empresa.<\/p>\n<\/div>\n<\/div>\n\n\n\n<hr class=\"wp-block-separator has-css-opacity is-style-wide\">\n\n\n\n<h2 class=\"wp-block-heading h3\">Beneficios<\/h2>\n\n\n\n<div class=\"wp-block-columns is-layout-flex wp-container-core-columns-is-layout-9d6595d7 wp-block-columns-is-layout-flex\">\n<div class=\"wp-block-column is-layout-flow wp-block-column-is-layout-flow\"><div class=\"wp-block-image\">\n<figure class=\"aligncenter size-full is-resized\"><img loading=\"lazy\" decoding=\"async\" width=\"226\" height=\"300\" src=\"https:\/\/www.bio-key.com\/wp-content\/uploads\/2024\/01\/password-management.png\" alt=\"\" class=\"wp-image-17982\" style=\"aspect-ratio:1;object-fit:contain;height:50px\"><\/figure>\n<\/div>\n\n\n<p><\/p>\n\n\n\n<p class=\"has-text-align-center\"><strong>Gesti\u00f3n de contrase\u00f1as<\/strong><\/p>\n\n\n\n<p>TI puede configurar reglas de gesti\u00f3n de contrase\u00f1as, como la complejidad, la caducidad y los requisitos, utilizando un conjunto de pol\u00edticas de seguridad centralizadas.<\/p>\n<\/div>\n\n\n\n<div class=\"wp-block-column is-layout-flow wp-block-column-is-layout-flow\"><div class=\"wp-block-image\">\n<figure class=\"aligncenter size-full is-resized\"><img loading=\"lazy\" decoding=\"async\" width=\"300\" height=\"300\" src=\"https:\/\/www.bio-key.com\/wp-content\/uploads\/2024\/01\/remote-reset-requests.png\" alt=\"\" class=\"wp-image-17984\" style=\"aspect-ratio:1;object-fit:contain;height:50px\" srcset=\"https:\/\/www.bio-key.com\/wp-content\/uploads\/2024\/01\/remote-reset-requests.png 300w, https:\/\/www.bio-key.com\/wp-content\/uploads\/2024\/01\/remote-reset-requests-150x150.png 150w\" sizes=\"auto, (max-width: 300px) 100vw, 300px\" \/><\/figure>\n<\/div>\n\n\n<p><\/p>\n\n\n\n<p class=\"has-text-align-center\"><strong>Solicitudes de reinicio remoto<\/strong><\/p>\n\n\n\n<p>Tu equipo de IT puede proteger los inicios de sesi\u00f3n remotos y ayudar a defenderse de los ataques basados en credenciales verificando la identidad del usuario que restablece una contrase\u00f1a.<\/p>\n<\/div>\n\n\n\n<div class=\"wp-block-column is-layout-flow wp-block-column-is-layout-flow\"><div class=\"wp-block-image\">\n<figure class=\"aligncenter size-full is-resized\"><img loading=\"lazy\" decoding=\"async\" width=\"396\" height=\"300\" src=\"https:\/\/www.bio-key.com\/wp-content\/uploads\/2024\/01\/SSPR-flexibility.png\" alt=\"\" class=\"wp-image-17986\" style=\"aspect-ratio:1;object-fit:contain;width:50px;height:auto\" srcset=\"https:\/\/www.bio-key.com\/wp-content\/uploads\/2024\/01\/SSPR-flexibility.png 396w, https:\/\/www.bio-key.com\/wp-content\/uploads\/2024\/01\/SSPR-flexibility-300x227.png 300w\" sizes=\"auto, (max-width: 396px) 100vw, 396px\" \/><\/figure>\n<\/div>\n\n\n<p><\/p>\n\n\n\n<p class=\"has-text-align-center\"><strong>Flexibilidad del SSPR<\/strong><\/p>\n\n\n\n<p>Todas las acciones de SSPR pueden completarse desde cualquier navegador o desde el escritorio mientras los usuarios est\u00e1n tanto conectados como desconectados.<\/p>\n<\/div>\n<\/div>\n\n\n\n<div class=\"wp-block-group has-t-3-shark-background-color has-background\"><div class=\"wp-block-group__inner-container is-layout-flow wp-block-group-is-layout-flow\">\n<h3 class=\"wp-block-heading\">Opciones flexibles de autoservicio<\/h3>\n\n\n\n<p>La soluci\u00f3n PortalGuard Self-Service Password Reset es una soluci\u00f3n completa y flexible que proporciona a los usuarios acceso a una amplia gama de funcionalidades de autoservicio que, en \u00faltima instancia, reducen costes, ahorran tiempo y refuerzan la seguridad de los usuarios finales que pasan por el proceso de restablecimiento de contrase\u00f1as:<\/p>\n\n\n\n<ul class=\"wp-block-list\">\n<li><strong>Restablecimiento de contrase\u00f1a \/ Nueva contrase\u00f1a \/ Cambiar contrase\u00f1a&nbsp;<\/strong><\/li>\n\n\n\n<li><strong>Recuperaci\u00f3n de contrase\u00f1as &nbsp;<\/strong><\/li>\n\n\n\n<li><strong>Desbloqueo de la cuenta &nbsp;<\/strong><\/li>\n\n\n\n<li><strong>Recuperaci\u00f3n de contrase\u00f1as sin conexi\u00f3n &nbsp;<\/strong><\/li>\n\n\n\n<li><strong>Registro de usuarios finales &nbsp;<\/strong><\/li>\n\n\n\n<li><strong>Buscar nombre de usuario olvidado <\/strong>&nbsp;<\/li>\n<\/ul>\n<\/div><\/div>\n\n\n\n<h3 class=\"wp-block-heading\">Administraci\u00f3n sencilla<\/h3>\n\n\n\n<div class=\"wp-block-columns is-layout-flex wp-container-core-columns-is-layout-9d6595d7 wp-block-columns-is-layout-flex\">\n<div class=\"wp-block-column is-layout-flow wp-block-column-is-layout-flow\">\n<h4 class=\"wp-block-heading\">Cuadro de mandos de auditor\u00eda<\/h4>\n\n\n\n<p>Los informes de actividad en tiempo real proporcionan una instant\u00e1nea de la actividad m\u00e1s reciente de PortalGuard con informes listos para usar que incluyen: <\/p>\n\n\n\n<ul class=\"wp-block-list\">\n<li>Uso del autoservicio<\/li>\n\n\n\n<li>Actividad de inicio de sesi\u00f3n<\/li>\n\n\n\n<li>Bloqueo de cuentas<\/li>\n\n\n\n<li>Actividad Web SSO<\/li>\n<\/ul>\n\n\n\n<p><\/p>\n<\/div>\n\n\n\n<div class=\"wp-block-column is-layout-flow wp-block-column-is-layout-flow\">\n<figure class=\"wp-block-image size-large is-style-rounded\"><img loading=\"lazy\" decoding=\"async\" width=\"1024\" height=\"678\" src=\"https:\/\/www.bio-key.com\/wp-content\/uploads\/2020\/10\/adeolu-eletu-unRkg2jH1j0-unsplash-1024x678.jpg\" alt=\"cuadro de mandos de auditor\u00eda de restablecimiento de contrase\u00f1as de autoservicio (SSPR)\" class=\"wp-image-12214\" srcset=\"https:\/\/www.bio-key.com\/wp-content\/uploads\/2020\/10\/adeolu-eletu-unRkg2jH1j0-unsplash-1024x678.jpg 1024w, https:\/\/www.bio-key.com\/wp-content\/uploads\/2020\/10\/adeolu-eletu-unRkg2jH1j0-unsplash-300x199.jpg 300w, https:\/\/www.bio-key.com\/wp-content\/uploads\/2020\/10\/adeolu-eletu-unRkg2jH1j0-unsplash-768x509.jpg 768w, https:\/\/www.bio-key.com\/wp-content\/uploads\/2020\/10\/adeolu-eletu-unRkg2jH1j0-unsplash-1536x1017.jpg 1536w, https:\/\/www.bio-key.com\/wp-content\/uploads\/2020\/10\/adeolu-eletu-unRkg2jH1j0-unsplash-2048x1356.jpg 2048w\" sizes=\"auto, (max-width: 1024px) 100vw, 1024px\" \/><\/figure>\n<\/div>\n<\/div>\n\n\n\n<div class=\"wp-block-columns is-layout-flex wp-container-core-columns-is-layout-9d6595d7 wp-block-columns-is-layout-flex\">\n<div class=\"wp-block-column is-layout-flow wp-block-column-is-layout-flow\">\n<h4 class=\"wp-block-heading\">Consola del servicio de asistencia<\/h4>\n\n\n\n<p>Interfaz f\u00e1cil de usar para que el personal del servicio de asistencia pueda ayudar a los usuarios y realizar acciones en las cuentas.<\/p>\n<\/div>\n\n\n\n<div class=\"wp-block-column is-layout-flow wp-block-column-is-layout-flow\">\n<h4 class=\"wp-block-heading\">Autenticaci\u00f3n verbal<\/h4>\n\n\n\n<p>Permite al servicio de asistencia autenticar a un usuario que llama para solicitar ayuda.<\/p>\n<\/div>\n<\/div>\n\n\n\n<hr class=\"wp-block-separator has-css-opacity is-style-wide\">\n\n\n\n<h2 class=\"wp-block-heading h3\">Experiencia de usuario coherente<\/h2>\n\n\n\n<p>PortalGuard ofrece la misma interfaz y funcionalidad en los ordenadores de sobremesa Windows y Mac, as\u00ed como en un portal basado en web, lo que minimiza la curva de aprendizaje inicial y fomenta la adopci\u00f3n por parte de los usuarios.<\/p>\n\n\n\n<div class=\"wp-block-columns is-layout-flex wp-container-core-columns-is-layout-9d6595d7 wp-block-columns-is-layout-flex\">\n<div class=\"wp-block-column is-layout-flow wp-block-column-is-layout-flow\">\n<h4 class=\"wp-block-heading has-text-align-left has-alizarincrimson-color has-text-color\">Para Windows<\/h4>\n\n\n\n<p>Los usuarios pueden acceder al autoservicio directamente desde la pantalla de inicio de sesi\u00f3n, o utilizando el atajo Ctrl+Alt+Supr cuando ya est\u00e1n conectados. Esta funcionalidad elimina la necesidad de acceder a una m\u00e1quina\/quiosco alternativo o iniciar sesi\u00f3n con una cuenta de invitado para restablecer o cambiar una contrase\u00f1a.<\/p>\n<\/div>\n\n\n\n<div class=\"wp-block-column is-layout-flow wp-block-column-is-layout-flow\">\n<h4 class=\"wp-block-heading has-text-align-left has-alizarincrimson-color has-text-color\">Para Mac OS X<\/h4>\n\n\n\n<p>PortalGuard ofrece al usuario una forma segura de restablecer su contrase\u00f1a para Active Directory o aplicaciones habilitadas para SAML directamente desde el escritorio del Mac. Permite restablecer la contrase\u00f1a en varios puntos de acceso e incluso recuperar la contrase\u00f1a del llavero del Mac.<\/p>\n<\/div>\n<\/div>\n","protected":false},"excerpt":{"rendered":"<p>Agiliza la recuperaci\u00f3n de contrase\u00f1as y mejora la seguridad con soluciones de autoservicio Todos olvidamos nuestras contrase\u00f1as, y dar soporte a toda una base de usuarios que necesitan ayuda para recordarlas puede ser agotador para los departamentos de IT de todos los tama\u00f1os, especialmente en el aspecto administrativo. La mayor\u00eda de los estudios muestran que [&hellip;]<\/p>\n","protected":false},"author":14,"featured_media":15462,"parent":0,"menu_order":0,"comment_status":"closed","ping_status":"closed","template":"tpl-products.php","meta":{"_acf_changed":false,"content-type":"","inline_featured_image":false,"footnotes":""},"class_list":["post-16182","page","type-page","status-publish","has-post-thumbnail","hentry"],"acf":[],"aioseo_notices":[],"featured_image_src":"https:\/\/www.bio-key.com\/wp-content\/uploads\/2020\/10\/bruce-mars-FWVMhUa_wbY-unsplash-1-scaled-e1603236326320.jpg?wsr","_links":{"self":[{"href":"https:\/\/www.bio-key.com\/es\/wp-json\/wp\/v2\/pages\/16182","targetHints":{"allow":["GET"]}}],"collection":[{"href":"https:\/\/www.bio-key.com\/es\/wp-json\/wp\/v2\/pages"}],"about":[{"href":"https:\/\/www.bio-key.com\/es\/wp-json\/wp\/v2\/types\/page"}],"author":[{"embeddable":true,"href":"https:\/\/www.bio-key.com\/es\/wp-json\/wp\/v2\/users\/14"}],"replies":[{"embeddable":true,"href":"https:\/\/www.bio-key.com\/es\/wp-json\/wp\/v2\/comments?post=16182"}],"version-history":[{"count":0,"href":"https:\/\/www.bio-key.com\/es\/wp-json\/wp\/v2\/pages\/16182\/revisions"}],"wp:featuredmedia":[{"embeddable":true,"href":"https:\/\/www.bio-key.com\/es\/wp-json\/wp\/v2\/media\/15462"}],"wp:attachment":[{"href":"https:\/\/www.bio-key.com\/es\/wp-json\/wp\/v2\/media?parent=16182"}],"curies":[{"name":"wp","href":"https:\/\/api.w.org\/{rel}","templated":true}]}}