{"id":16183,"date":"2020-10-23T13:36:57","date_gmt":"2020-10-23T13:36:57","guid":{"rendered":"https:\/\/www.bio-key.com\/identificacion-civil-y-a-gran-escala\/"},"modified":"2025-08-22T14:48:50","modified_gmt":"2025-08-22T14:48:50","slug":"identificacion-civil-y-a-gran-escala","status":"publish","type":"page","link":"https:\/\/www.bio-key.com\/es\/identificacion-civil-y-a-gran-escala\/","title":{"rendered":"Innovadora soluci\u00f3n biom\u00e9trica a gran escala para gobiernos y empresas"},"content":{"rendered":"\n<div class=\"wp-block-columns are-vertically-aligned-center is-layout-flex wp-container-core-columns-is-layout-9d6595d7 wp-block-columns-is-layout-flex\">\n<div class=\"wp-block-column is-vertically-aligned-center is-layout-flow wp-block-column-is-layout-flow\" style=\"flex-basis:70%\">\n<h3 class=\"wp-block-heading has-alizarincrimson-color has-text-color has-link-color wp-elements-f68d1c47319d824c61272fd21af38893\">Presentaci\u00f3n de WEB-key: una soluci\u00f3n escalable para la identificaci\u00f3n biom\u00e9trica<\/h3>\n\n\n\n<p>Muchas aplicaciones civiles y a gran escala necesitan sistemas de reconocimiento biom\u00e9trico. Sin embargo, a medida que la identificaci\u00f3n biom\u00e9trica se hace m\u00e1s com\u00fan en las aplicaciones en tiempo real, surgen retos, especialmente para mejorar la precisi\u00f3n y el tiempo de respuesta con los SDK y las soluciones disponibles. <\/p>\n\n\n\n<p>BIO-key WEB-key ofrece una plataforma de identidad biom\u00e9trica eficaz, precisa y altamente escalable, dise\u00f1ada para soportar la identificaci\u00f3n civil y a gran escala en diversos sistemas operativos y aplicaciones.<\/p>\n<\/div>\n\n\n\n<div class=\"wp-block-column is-vertically-aligned-center is-layout-flow wp-block-column-is-layout-flow\" style=\"flex-basis:30%\"><div class=\"wp-block-image is-style-default\">\n<figure class=\"aligncenter size-large\"><img loading=\"lazy\" decoding=\"async\" width=\"834\" height=\"619\" src=\"https:\/\/www.bio-key.com\/wp-content\/uploads\/2020\/10\/Civil-ID-Drawing.png\" alt=\"biokey webkey\" class=\"wp-image-12741\" style=\"object-fit:cover\" srcset=\"https:\/\/www.bio-key.com\/wp-content\/uploads\/2020\/10\/Civil-ID-Drawing.png 834w, https:\/\/www.bio-key.com\/wp-content\/uploads\/2020\/10\/Civil-ID-Drawing-300x223.png 300w, https:\/\/www.bio-key.com\/wp-content\/uploads\/2020\/10\/Civil-ID-Drawing-768x570.png 768w\" sizes=\"auto, (max-width: 834px) 100vw, 834px\" \/><\/figure>\n<\/div><\/div>\n<\/div>\n\n\n\n<hr class=\"wp-block-separator has-text-color has-t-3-shark-color has-css-opacity has-t-3-shark-background-color has-background\">\n\n\n\n<h3 class=\"wp-block-heading\">Por qu\u00e9 BIO-key<\/h3>\n\n\n\n<p>Entre nuestros clientes se encuentran importantes organizaciones gubernamentales y comerciales que conf\u00edan en los algoritmos de BIO-key probados por el NIST, los esc\u00e1neres de huellas dactilares certificados por el FBI y las fiables plataformas de reconocimiento biom\u00e9trico para proporcionar identidades seguras a sus ciudadanos y clientes.<\/p>\n\n\n\n<div class=\"wp-block-columns is-layout-flex wp-container-core-columns-is-layout-9d6595d7 wp-block-columns-is-layout-flex\">\n<div class=\"wp-block-column is-vertically-aligned-top is-layout-flow wp-block-column-is-layout-flow\" style=\"flex-basis:32%\"><div class=\"wp-block-image is-style-default mb-16\">\n<figure class=\"aligncenter size-large is-resized\"><img decoding=\"async\" src=\"https:\/\/www.bio-key.com\/wp-content\/uploads\/2020\/10\/scale.svg\" alt=\"preciso\" class=\"wp-image-12160\" style=\"width:36px;height:36px\"><\/figure>\n<\/div>\n\n\n<p class=\"has-text-align-center\"><strong>Preciso<\/strong><\/p>\n\n\n\n<p class=\"has-text-align-center\">Dise\u00f1o l\u00edder en la industria para altos niveles de precisi\u00f3n y tasas de falsa aceptaci\u00f3n bajas o nulas.<\/p>\n<\/div>\n\n\n\n<div class=\"wp-block-column is-layout-flow wp-block-column-is-layout-flow\" style=\"flex-basis:2%\"><\/div>\n\n\n\n<div class=\"wp-block-column is-layout-flow wp-block-column-is-layout-flow\" style=\"flex-basis:32%\"><div class=\"wp-block-image mb-16\">\n<figure class=\"aligncenter size-large\"><img decoding=\"async\" src=\"https:\/\/www.bio-key.com\/wp-content\/uploads\/2020\/10\/chart-bar-33.svg\" alt=\"escala\" class=\"wp-image-12159\"><\/figure>\n<\/div>\n\n\n<p class=\"has-text-align-center\"><strong>R\u00e1pido<\/strong><\/p>\n\n\n\n<p class=\"has-text-align-center\">Creaci\u00f3n y cotejo r\u00e1pidos de identificaciones.<\/p>\n<\/div>\n\n\n\n<div class=\"wp-block-column is-layout-flow wp-block-column-is-layout-flow\" style=\"flex-basis:2%\"><\/div>\n\n\n\n<div class=\"wp-block-column is-layout-flow wp-block-column-is-layout-flow\" style=\"flex-basis:32%\"><div class=\"wp-block-image mb-16\">\n<figure class=\"aligncenter size-large\"><img decoding=\"async\" src=\"https:\/\/www.bio-key.com\/wp-content\/uploads\/2020\/10\/board-27.svg\" alt=\"presente\" class=\"wp-image-12158\"><\/figure>\n<\/div>\n\n\n<p class=\"has-text-align-center\"><strong>Escalable<\/strong><\/p>\n\n\n\n<p class=\"has-text-align-center\">Capaz de gestionar grandes bases de datos con vol\u00famenes de usuarios de cientos de millones.<\/p>\n<\/div>\n<\/div>\n\n\n\n<hr class=\"wp-block-separator has-text-color has-t-3-shark-color has-css-opacity has-t-3-shark-background-color has-background\">\n\n\n\n<figure class=\"wp-block-pullquote has-alizarincrimson-color has-text-color\"><blockquote><p>\u00abEstamos avanzando como una asociaci\u00f3n de colaboraci\u00f3n, incluyendo a BIO-key como parte nombrada y proveedor de tecnolog\u00eda en nuestros contratos actuales para ofrecer soluciones de identidad seguras al mercado nigeriano. Estamos encantados de trabajar con el innovador equipo de BIO-key y de perseguir juntos este mercado en crecimiento.\u00bb<\/p><cite>Anthea Arnasalam, Presidenta de TTI<\/cite><\/blockquote><\/figure>\n\n\n\n<hr class=\"wp-block-separator has-text-color has-t-3-shark-color has-css-opacity has-t-3-shark-background-color has-background\">\n\n\n\n<div class=\"wp-block-group has-t-3-shark-background-color has-background\"><div class=\"wp-block-group__inner-container is-layout-flow wp-block-group-is-layout-flow\">\n<h4 class=\"wp-block-heading\">Aplicaciones de identidad a gran escala<\/h4>\n\n\n\n<p>Un sistema de reconocimiento biom\u00e9trico es una forma probada y fiable de verificar identidades. Esta tecnolog\u00eda se utiliza en diversos \u00e1mbitos, como el control de fronteras con pasaportes de lectura mec\u00e1nica, la asistencia sanitaria, la identificaci\u00f3n de votantes y las zonas de acceso restringido. <\/p>\n\n\n\n<ul id=\"block-5da5300a-d6bb-4aa2-8357-af33430eb554\" class=\"wp-block-list\">\n<li>Documentaci\u00f3n de pasaporte y visado <\/li>\n\n\n\n<li>Control de fronteras <\/li>\n\n\n\n<li>Sistemas de registro de votantes y seguimiento electoral <\/li>\n\n\n\n<li>Control de las transacciones con tarjeta de cr\u00e9dito <\/li>\n\n\n\n<li>Investigaciones en el lugar del delito <\/li>\n\n\n\n<li>Inscripci\u00f3n y verificaci\u00f3n de la identidad nacional<\/li>\n\n\n\n<li>Agency Banking para la inclusi\u00f3n financiera de la poblaci\u00f3n no bancarizada y subbancarizada<\/li>\n<\/ul>\n<\/div><\/div>\n\n\n\n<h2 class=\"wp-block-heading\">Caracter\u00edsticas principales<\/h2>\n\n\n\n<p>Las soluciones de identidad civil y a gran escala de BIO-key se basan en WEB-key, nuestra galardonada plataforma central de gesti\u00f3n biom\u00e9trica basada en est\u00e1ndares. WEB-key automatiza y gestiona todo el ciclo de vida de las identidades biom\u00e9tricas, incluida la creaci\u00f3n, deduplicaci\u00f3n, identificaci\u00f3n, registro, elaboraci\u00f3n de informes, distribuci\u00f3n, copia de seguridad y gesti\u00f3n de la retenci\u00f3n. <\/p>\n\n\n\n<div class=\"wp-block-columns list-item is-layout-flex wp-container-core-columns-is-layout-9d6595d7 wp-block-columns-is-layout-flex\">\n<div class=\"wp-block-column is-layout-flow wp-block-column-is-layout-flow\" style=\"flex-basis:5%\">\n<figure class=\"wp-block-image size-large\"><img decoding=\"async\" src=\"https:\/\/www.bio-key.com\/wp-content\/uploads\/2020\/10\/authentication-factors-icon-6.svg\" alt=\"incorporaci\u00f3n de inscritos\" class=\"wp-image-12066\"><\/figure>\n<\/div>\n\n\n\n<div class=\"wp-block-column is-layout-flow wp-block-column-is-layout-flow\" style=\"flex-basis:95%\">\n<h4 class=\"wp-block-heading\">Inscripci\u00f3n\/Ingreso<\/h4>\n\n\n\n<p>BIO-key proporciona flujos de trabajo personalizables para la incorporaci\u00f3n, que incluyen captura de documentos, escaneado de DNI y captura de fotos con webcam. Nuestro sistema tambi\u00e9n cuenta con una gesti\u00f3n de consentimiento opcional integrada para obtener el consentimiento informado por escrito antes de la inscripci\u00f3n biom\u00e9trica, garantizando el cumplimiento del GDPR, la Ley de Privacidad de la Informaci\u00f3n Biom\u00e9trica de Illinois y las normativas locales de protecci\u00f3n de datos para operadores comerciales. <\/p>\n\n\n\n<p>Todas las funciones de inscripci\u00f3n, incluidos la c\u00e1mara web y los esc\u00e1neres de documentos, son compatibles con clientes web y ligeros, y admiten todos los navegadores modernos. Para mayor flexibilidad, BIO-key admite m\u00e1s de 40 esc\u00e1neres de huellas dactilares USB e integrados en dispositivos de forma intercambiable, con opciones de configuraci\u00f3n del servidor que permiten restringir qu\u00e9 lectores pueden utilizarse para las inscripciones (por ejemplo, s\u00f3lo esc\u00e1neres PIV del FBI). Adem\u00e1s, se puede realizar la detecci\u00f3n de duplicados en tiempo real durante el proceso de inscripci\u00f3n, identificando cualquier duplicado antes de que el inscrito se vaya.  <\/p>\n<\/div>\n<\/div>\n\n\n\n<div class=\"wp-block-columns list-item is-layout-flex wp-container-core-columns-is-layout-9d6595d7 wp-block-columns-is-layout-flex\">\n<div class=\"wp-block-column is-layout-flow wp-block-column-is-layout-flow\" style=\"flex-basis:5%\">\n<figure class=\"wp-block-image size-large\"><img loading=\"lazy\" decoding=\"async\" width=\"48\" height=\"48\" src=\"https:\/\/www.bio-key.com\/wp-content\/uploads\/\/2020\/11\/ic_fingerprint_48px.svg\" alt=\"acreditaci\u00f3n basada en normas\" class=\"wp-image-12882\"><\/figure>\n<\/div>\n\n\n\n<div class=\"wp-block-column is-layout-flow wp-block-column-is-layout-flow\" style=\"flex-basis:95%\">\n<h4 class=\"wp-block-heading\">Acreditaci\u00f3n basada en normas<\/h4>\n\n\n\n<p>WEB-key cuenta con la certificaci\u00f3n MINEX y PIV de nivel 1, lo que permite la creaci\u00f3n, exportaci\u00f3n, importaci\u00f3n y correspondencia de plantillas basadas en est\u00e1ndares, tanto para el intercambio como para el almacenamiento en la tarjeta. Tras inscribir a una persona, se puede acceder a sus plantillas basadas en est\u00e1ndares a trav\u00e9s de API seguras, lo que simplifica la creaci\u00f3n de credenciales. Adem\u00e1s, WEB-key admite los formatos de intercambio de plantillas ISO y ANSI MINEX.  <\/p>\n<\/div>\n<\/div>\n\n\n\n<div class=\"wp-block-columns list-item is-layout-flex wp-container-core-columns-is-layout-9d6595d7 wp-block-columns-is-layout-flex\">\n<div class=\"wp-block-column is-layout-flow wp-block-column-is-layout-flow\" style=\"flex-basis:5%\">\n<figure class=\"wp-block-image size-large\"><img loading=\"lazy\" decoding=\"async\" width=\"48\" height=\"48\" src=\"https:\/\/www.bio-key.com\/wp-content\/uploads\/\/2020\/11\/multiple-11.svg\" alt=\"duplicaci\u00f3n de identidad\" class=\"wp-image-12883\"><\/figure>\n<\/div>\n\n\n\n<div class=\"wp-block-column is-layout-flow wp-block-column-is-layout-flow\" style=\"flex-basis:95%\">\n<h4 class=\"wp-block-heading\">Deduplicaci\u00f3n de identidades<\/h4>\n\n\n\n<p>Las plataformas de BIO-key generan \u00edndices de alta velocidad de los datos de inscripci\u00f3n, lo que permite la detecci\u00f3n de duplicados en tiempo real durante la inscripci\u00f3n y la b\u00fasqueda de duplicados o alias por lotes fuera de l\u00ednea. La depuraci\u00f3n de un conjunto de datos para comprobar su unicidad es una competencia b\u00e1sica de la plataforma BIO-key, que permite a los operadores trabajar con un conjunto de datos depurado que mantiene identidades individuales \u00fanicas. <\/p>\n<\/div>\n<\/div>\n\n\n\n<hr class=\"wp-block-separator has-text-color has-t-3-shark-color has-css-opacity has-t-3-shark-background-color has-background\">\n\n\n\n<h2 class=\"wp-block-heading\">Apoyo a varios equipos<\/h2>\n\n\n\n<div class=\"wp-block-columns is-layout-flex wp-container-core-columns-is-layout-9d6595d7 wp-block-columns-is-layout-flex\">\n<div class=\"wp-block-column is-layout-flow wp-block-column-is-layout-flow\" style=\"flex-basis:66.66%\">\n<h4 class=\"wp-block-heading\">Para los equipos de seguridad y IT<\/h4>\n\n\n\n<p>Para los profesionales de la ciberseguridad y la inform\u00e1tica, WEB-key ofrece seguridad patentada para los datos en reposo y en movimiento. Admite poblaciones multiinquilino de tama\u00f1o ilimitado con gesti\u00f3n individualizada de pol\u00edticas. Adem\u00e1s, proporciona una funcionalidad de inscripci\u00f3n e identificaci\u00f3n basada en la web que es totalmente independiente del lector e interoperable.  <\/p>\n<\/div>\n\n\n\n<div class=\"wp-block-column is-layout-flow wp-block-column-is-layout-flow\" style=\"flex-basis:33.33%\">\n<figure class=\"wp-block-image size-large is-style-default\"><img loading=\"lazy\" decoding=\"async\" width=\"1024\" height=\"887\" src=\"https:\/\/www.bio-key.com\/wp-content\/uploads\/2020\/10\/image-3-1024x887.png\" alt=\"seguridad inform\u00e1tica webkey\" class=\"wp-image-12729\" srcset=\"https:\/\/www.bio-key.com\/wp-content\/uploads\/2020\/10\/image-3-1024x887.png 1024w, https:\/\/www.bio-key.com\/wp-content\/uploads\/2020\/10\/image-3-300x260.png 300w, https:\/\/www.bio-key.com\/wp-content\/uploads\/2020\/10\/image-3-768x666.png 768w, https:\/\/www.bio-key.com\/wp-content\/uploads\/2020\/10\/image-3.png 1080w\" sizes=\"auto, (max-width: 1024px) 100vw, 1024px\" \/><\/figure>\n<\/div>\n<\/div>\n\n\n\n<div class=\"wp-block-columns is-layout-flex wp-container-core-columns-is-layout-9d6595d7 wp-block-columns-is-layout-flex\">\n<div class=\"wp-block-column is-layout-flow wp-block-column-is-layout-flow\" style=\"flex-basis:33.33%\">\n<figure class=\"wp-block-image size-large is-style-default\"><img loading=\"lazy\" decoding=\"async\" width=\"781\" height=\"414\" src=\"https:\/\/www.bio-key.com\/wp-content\/uploads\/2020\/10\/codeofethics.png\" alt=\"equipo jur\u00eddico webkey\" class=\"wp-image-12602\" srcset=\"https:\/\/www.bio-key.com\/wp-content\/uploads\/2020\/10\/codeofethics.png 781w, https:\/\/www.bio-key.com\/wp-content\/uploads\/2020\/10\/codeofethics-300x159.png 300w, https:\/\/www.bio-key.com\/wp-content\/uploads\/2020\/10\/codeofethics-768x407.png 768w\" sizes=\"auto, (max-width: 781px) 100vw, 781px\" \/><\/figure>\n<\/div>\n\n\n\n<div class=\"wp-block-column is-layout-flow wp-block-column-is-layout-flow\" style=\"flex-basis:66.66%\">\n<h4 class=\"wp-block-heading\">Para el equipo jur\u00eddico<\/h4>\n\n\n\n<p>Para tu equipo legal, WEB-key cumple todas las normativas sobre privacidad de datos e incluye una garant\u00eda de integridad \u00fanica de extremo a extremo para detectar e impedir cualquier intento de manipular o alterar los datos durante o despu\u00e9s de las transacciones. La completa compatibilidad con el cumplimiento de las leyes biom\u00e9tricas y de privacidad de datos incluye gesti\u00f3n integrada del consentimiento, informes simplificados de antig\u00fcedad de los contactos y funciones de eliminaci\u00f3n masiva y desidentificaci\u00f3n. <\/p>\n\n\n\n<p>La plataforma tambi\u00e9n ofrece una personalizaci\u00f3n vanguardista de la interfaz de usuario mediante HTML5, lo que permite una experiencia cohesiva de marca y personalizaci\u00f3n. Adem\u00e1s, las configuraciones de pol\u00edticas en tiempo de ejecuci\u00f3n permiten despliegues sprint m\u00e1s r\u00e1pidos, al tiempo que proporcionan flexibilidad para los ajustes en tiempo de ejecuci\u00f3n. <\/p>\n<\/div>\n<\/div>\n\n\n\n<hr class=\"wp-block-separator has-text-color has-t-3-shark-color has-css-opacity has-t-3-shark-background-color has-background\">\n\n\n\n<h4 class=\"wp-block-heading\">Apoyo a proyectos de identificaci\u00f3n en todo el mundo<\/h4>\n\n\n\n<figure class=\"wp-block-image size-large\"><img loading=\"lazy\" decoding=\"async\" width=\"560\" height=\"297\" src=\"https:\/\/www.bio-key.com\/wp-content\/uploads\/2020\/10\/img-global-footprint-2.png\" alt=\"mapa mundial de nuestras oficinas\" class=\"wp-image-12592\" srcset=\"https:\/\/www.bio-key.com\/wp-content\/uploads\/2020\/10\/img-global-footprint-2.png 560w, https:\/\/www.bio-key.com\/wp-content\/uploads\/2020\/10\/img-global-footprint-2-300x159.png 300w\" sizes=\"auto, (max-width: 560px) 100vw, 560px\" \/><\/figure>\n\n\n\n<div class=\"wp-block-buttons is-content-justification-center is-layout-flex wp-container-core-buttons-is-layout-16018d1d wp-block-buttons-is-layout-flex\">\n<div class=\"wp-block-button is-style-outline is-style-outline--1\"><a class=\"wp-block-button__link has-alizarincrimson-color has-t-3-shark-background-color has-text-color has-background wp-element-button\" href=\"https:\/\/www.bio-key.com\/international\/\">Mira donde est\u00e1 BIO-key<\/a><\/div>\n<\/div>\n\n\n\n<div style=\"height:100px\" aria-hidden=\"true\" class=\"wp-block-spacer\"><\/div>\n","protected":false},"excerpt":{"rendered":"<p>Presentaci\u00f3n de WEB-key: una soluci\u00f3n escalable para la identificaci\u00f3n biom\u00e9trica Muchas aplicaciones civiles y a gran escala necesitan sistemas de reconocimiento biom\u00e9trico. Sin embargo, a medida que la identificaci\u00f3n biom\u00e9trica se hace m\u00e1s com\u00fan en las aplicaciones en tiempo real, surgen retos, especialmente para mejorar la precisi\u00f3n y el tiempo de respuesta con los SDK [&hellip;]<\/p>\n","protected":false},"author":14,"featured_media":15524,"parent":0,"menu_order":0,"comment_status":"closed","ping_status":"closed","template":"tpl-products.php","meta":{"_acf_changed":false,"content-type":"","inline_featured_image":false,"footnotes":""},"class_list":["post-16183","page","type-page","status-publish","has-post-thumbnail","hentry"],"acf":[],"aioseo_notices":[],"featured_image_src":"https:\/\/www.bio-key.com\/wp-content\/uploads\/2020\/10\/ovinuchi-ejiohuo-q4U9Pyfz-vQ-unsplash-scaled-e1603460330636.jpg?wsr","_links":{"self":[{"href":"https:\/\/www.bio-key.com\/es\/wp-json\/wp\/v2\/pages\/16183","targetHints":{"allow":["GET"]}}],"collection":[{"href":"https:\/\/www.bio-key.com\/es\/wp-json\/wp\/v2\/pages"}],"about":[{"href":"https:\/\/www.bio-key.com\/es\/wp-json\/wp\/v2\/types\/page"}],"author":[{"embeddable":true,"href":"https:\/\/www.bio-key.com\/es\/wp-json\/wp\/v2\/users\/14"}],"replies":[{"embeddable":true,"href":"https:\/\/www.bio-key.com\/es\/wp-json\/wp\/v2\/comments?post=16183"}],"version-history":[{"count":0,"href":"https:\/\/www.bio-key.com\/es\/wp-json\/wp\/v2\/pages\/16183\/revisions"}],"wp:featuredmedia":[{"embeddable":true,"href":"https:\/\/www.bio-key.com\/es\/wp-json\/wp\/v2\/media\/15524"}],"wp:attachment":[{"href":"https:\/\/www.bio-key.com\/es\/wp-json\/wp\/v2\/media?parent=16183"}],"curies":[{"name":"wp","href":"https:\/\/api.w.org\/{rel}","templated":true}]}}