{"id":16219,"date":"2022-05-05T13:39:31","date_gmt":"2022-05-05T13:39:31","guid":{"rendered":"https:\/\/www.bio-key.com\/liderazgo\/meet-alex-rocha\/"},"modified":"2023-04-16T14:18:56","modified_gmt":"2023-04-16T14:18:56","slug":"meet-alex-rocha","status":"publish","type":"page","link":"https:\/\/www.bio-key.com\/es\/liderazgo\/meet-alex-rocha\/","title":{"rendered":"Meet: Alex Rocha"},"content":{"rendered":"\n<figure class=\"wp-block-image size-full\"><img loading=\"lazy\" decoding=\"async\" width=\"235\" height=\"235\" src=\"https:\/\/www.bio-key.com\/wp-content\/uploads\/2022\/05\/Alex-Rocha-Leadership.png\" alt=\"\" class=\"wp-image-14295\" srcset=\"https:\/\/www.bio-key.com\/wp-content\/uploads\/2022\/05\/Alex-Rocha-Leadership.png 235w, https:\/\/www.bio-key.com\/wp-content\/uploads\/2022\/05\/Alex-Rocha-Leadership-150x150.png 150w\" sizes=\"auto, (max-width: 235px) 100vw, 235px\" \/><\/figure>\n\n\n\n<p>El l\u00edder portugu\u00e9s en ciberseguridad tiene una Licenciatura en Teor\u00eda de Juegos para Ventaja Estrat\u00e9gica del MIT, un eMBA de ESIC Business &amp; Marketing School en Madrid y una licenciatura en IT del Instituto Superior T\u00e9cnico de Lisboa. Dentro de los campos de Ciberseguridad, obtuvo CompTIA Security+, CISSP de (ISC)\u00b2 e IRAM2 de ISF. Alex ocup\u00f3 anteriormente puestos ejecutivos s\u00e9nior, liderando empresas de tecnolog\u00eda de alto crecimiento como 3M, Altran, Deloitte y Swivel Secure. Alex es un entusiasta de la tecnolog\u00eda y siempre est\u00e1 aprendiendo y mejorando sus habilidades en ciberseguridad. Ha vivido y trabajado en cuatro pa\u00edses y habla cuatro idiomas con fluidez.<\/p>\n","protected":false},"excerpt":{"rendered":"<p>El l\u00edder portugu\u00e9s en ciberseguridad tiene una Licenciatura en Teor\u00eda de Juegos para Ventaja Estrat\u00e9gica del MIT, un eMBA de ESIC Business &amp; Marketing School en Madrid y una licenciatura en IT del Instituto Superior T\u00e9cnico de Lisboa. Dentro de los campos de Ciberseguridad, obtuvo CompTIA Security+, CISSP de (ISC)\u00b2 e IRAM2 de ISF. Alex [&hellip;]<\/p>\n","protected":false},"author":14,"featured_media":0,"parent":16193,"menu_order":2,"comment_status":"closed","ping_status":"closed","template":"tpl-about.php","meta":{"_acf_changed":false,"content-type":"","inline_featured_image":false,"footnotes":""},"class_list":["post-16219","page","type-page","status-publish","hentry"],"acf":[],"aioseo_notices":[],"featured_image_src":null,"_links":{"self":[{"href":"https:\/\/www.bio-key.com\/es\/wp-json\/wp\/v2\/pages\/16219","targetHints":{"allow":["GET"]}}],"collection":[{"href":"https:\/\/www.bio-key.com\/es\/wp-json\/wp\/v2\/pages"}],"about":[{"href":"https:\/\/www.bio-key.com\/es\/wp-json\/wp\/v2\/types\/page"}],"author":[{"embeddable":true,"href":"https:\/\/www.bio-key.com\/es\/wp-json\/wp\/v2\/users\/14"}],"replies":[{"embeddable":true,"href":"https:\/\/www.bio-key.com\/es\/wp-json\/wp\/v2\/comments?post=16219"}],"version-history":[{"count":0,"href":"https:\/\/www.bio-key.com\/es\/wp-json\/wp\/v2\/pages\/16219\/revisions"}],"up":[{"embeddable":true,"href":"https:\/\/www.bio-key.com\/es\/wp-json\/wp\/v2\/pages\/16193"}],"wp:attachment":[{"href":"https:\/\/www.bio-key.com\/es\/wp-json\/wp\/v2\/media?parent=16219"}],"curies":[{"name":"wp","href":"https:\/\/api.w.org\/{rel}","templated":true}]}}