{"id":16225,"date":"2024-01-08T11:00:00","date_gmt":"2024-01-08T11:00:00","guid":{"rendered":"https:\/\/www.bio-key.com\/escaneres-de-huellas-dactilares\/bolsillo10\/"},"modified":"2025-08-22T14:48:41","modified_gmt":"2025-08-22T14:48:41","slug":"pocket10","status":"publish","type":"page","link":"https:\/\/www.bio-key.com\/es\/escaneres-de-huellas-dactilares\/pocket10\/","title":{"rendered":"Pocket10"},"content":{"rendered":"\n<h2 class=\"wp-block-heading\">Lector port\u00e1til de huellas dactilares FAP 50 y Live Scan (10 huellas), certificado por el FBI<\/h2>\n\n\n\n<p>Presentamos Pocket10, el lector de huellas dactilares port\u00e1til de vanguardia de BIO-key. Este dispositivo compacto y ligero est\u00e1 dise\u00f1ado para ofrecer un rendimiento y una fiabilidad excepcionales en el \u00e1mbito de las fuerzas de seguridad, las operaciones militares, el control de fronteras y los programas nacionales de identificaci\u00f3n. Certificado por el FBI como Mobile ID FAP 50 y Live Scan (10 huellas), Pocket10 establece el est\u00e1ndar para operaciones de gesti\u00f3n de identidad verdaderamente m\u00f3viles.  &nbsp;<\/p>\n\n\n\n<p><\/p>\n\n\n\n<figure class=\"wp-block-video\"><video controls=\"\" src=\"https:\/\/info.bio-key.com\/hubfs\/Wistia%20video%20migration\/Pocket10.mp4\"><\/video><\/figure>\n\n\n\n<p><\/p>\n\n\n\n<h3 class=\"wp-block-heading\">Tipos de captura de huellas dactilares admitidos<\/h3>\n\n\n<div class=\"wp-block-image\">\n<figure class=\"aligncenter size-large\"><img loading=\"lazy\" decoding=\"async\" width=\"1024\" height=\"93\" src=\"https:\/\/www.bio-key.com\/wp-content\/uploads\/2024\/01\/Pocket10-capture-types-1024x93.png\" alt=\"\" class=\"wp-image-17950\" srcset=\"https:\/\/www.bio-key.com\/wp-content\/uploads\/2024\/01\/Pocket10-capture-types-1024x93.png 1024w, https:\/\/www.bio-key.com\/wp-content\/uploads\/2024\/01\/Pocket10-capture-types-300x27.png 300w, https:\/\/www.bio-key.com\/wp-content\/uploads\/2024\/01\/Pocket10-capture-types-768x69.png 768w, https:\/\/www.bio-key.com\/wp-content\/uploads\/2024\/01\/Pocket10-capture-types-1536x139.png 1536w, https:\/\/www.bio-key.com\/wp-content\/uploads\/2024\/01\/Pocket10-capture-types-2048x185.png 2048w\" sizes=\"auto, (max-width: 1024px) 100vw, 1024px\" \/><\/figure><\/div>\n\n\n<hr class=\"wp-block-separator has-text-color has-t-3-shark-color has-css-opacity has-t-3-shark-background-color has-background\">\n\n\n\n<h3 class=\"wp-block-heading\">Rendimiento excepcional en cualquier entorno<\/h3>\n\n\n\n<p>El Pocket10 est\u00e1 fabricado para soportar condiciones exigentes, como suciedad, temperaturas extremas, luces brillantes y luz solar. Su dise\u00f1o robusto garantiza un funcionamiento fiable incluso en los entornos m\u00e1s duros. Este dispositivo es resistente a las huellas dactilares latentes y puede funcionar sin problemas en diversos escenarios dif\u00edciles. Gracias a su tecnolog\u00eda de bajo consumo, Pocket10 puede funcionar durante horas utilizando un smartphone o cualquier otro dispositivo m\u00f3vil como fuente de alimentaci\u00f3n.     <\/p>\n\n\n\n<hr class=\"wp-block-separator has-text-color has-t-3-shark-color has-css-opacity has-t-3-shark-background-color has-background\">\n\n\n\n<div class=\"wp-block-columns are-vertically-aligned-center is-layout-flex wp-container-core-columns-is-layout-9d6595d7 wp-block-columns-is-layout-flex\">\n<div class=\"wp-block-column is-vertically-aligned-center is-layout-flow wp-block-column-is-layout-flow\" style=\"flex-basis:66.66%\">\n<h3 class=\"wp-block-heading\">Lector de huellas dactilares compacto y port\u00e1til&nbsp;<\/h3>\n\n\n\n<p>El Pocket10 tiene un tama\u00f1o adecuado para caber en el bolsillo de una camisa, por lo que es muy port\u00e1til y f\u00e1cil de transportar. Su dise\u00f1o compacto no compromete el rendimiento, ya que ofrece una captura r\u00e1pida de la inscripci\u00f3n y la verificaci\u00f3n en el formato 4-4-2. Este dispositivo es perfecto para operaciones sobre la marcha, ya que proporciona movilidad y flexibilidad sin sacrificar la precisi\u00f3n y la fiabilidad.  &nbsp;<\/p>\n<\/div>\n\n\n\n<div class=\"wp-block-column is-vertically-aligned-center is-layout-flow wp-block-column-is-layout-flow\" style=\"flex-basis:33.33%\"><div class=\"wp-block-image is-style-rounded\">\n<figure class=\"aligncenter size-medium\"><img loading=\"lazy\" decoding=\"async\" width=\"300\" height=\"200\" src=\"https:\/\/www.bio-key.com\/wp-content\/uploads\/2024\/01\/WechatIMG4-300x200.jpeg\" alt=\"\" class=\"wp-image-17934\" srcset=\"https:\/\/www.bio-key.com\/wp-content\/uploads\/2024\/01\/WechatIMG4-300x200.jpeg 300w, https:\/\/www.bio-key.com\/wp-content\/uploads\/2024\/01\/WechatIMG4-1024x683.jpeg 1024w, https:\/\/www.bio-key.com\/wp-content\/uploads\/2024\/01\/WechatIMG4-768x512.jpeg 768w, https:\/\/www.bio-key.com\/wp-content\/uploads\/2024\/01\/WechatIMG4-1536x1024.jpeg 1536w, https:\/\/www.bio-key.com\/wp-content\/uploads\/2024\/01\/WechatIMG4.jpeg 1620w\" sizes=\"auto, (max-width: 300px) 100vw, 300px\" \/><\/figure><\/div><\/div>\n<\/div>\n\n\n\n<hr class=\"wp-block-separator has-text-color has-t-3-shark-color has-css-opacity has-t-3-shark-background-color has-background\">\n\n\n\n<h3 class=\"wp-block-heading\">Aplicaci\u00f3n y certificaci\u00f3n vers\u00e1tiles&nbsp;<\/h3>\n\n\n\n<p>Pocket10 ha sido certificada por STQC y NIMC, lo que garantiza su conformidad con las normas y reglamentos del sector. Su versatilidad se extiende a varios tipos de captura, como la plana con cuatro dedos, la plana con dos dedos, la plana con un solo dedo y la enrollada con un solo dedo. Es compatible con m\u00faltiples sistemas operativos, como Windows Desktop (32\/64 bits), Windows Server, Linux, Android 4.0+ y Java.  &nbsp;<\/p>\n\n\n\n<hr class=\"wp-block-separator has-text-color has-t-3-shark-color has-css-opacity has-t-3-shark-background-color has-background\">\n\n\n\n<div class=\"wp-block-columns are-vertically-aligned-center is-layout-flex wp-container-core-columns-is-layout-9d6595d7 wp-block-columns-is-layout-flex\">\n<div class=\"wp-block-column is-vertically-aligned-center is-layout-flow wp-block-column-is-layout-flow\" style=\"flex-basis:66.66%\">\n<h3 class=\"wp-block-heading\">Tecnolog\u00eda de sensor de emisi\u00f3n de luz (LES)&nbsp;<\/h3>\n\n\n\n<p>Con la tecnolog\u00eda LES patentada por Integrated Biometrics, Pocket10 ofrece funciones avanzadas de reconocimiento de huellas dactilares. Puede distinguir entre huellas dactilares reales y fabricadas, rechazando autom\u00e1ticamente materiales falsos como la silicona, el pegamento y la goma. La c\u00e1mara TFT LES permite a Pocket10 capturar im\u00e1genes de huellas dactilares de alta resoluci\u00f3n sin necesidad de limpiar el sensor entre escaneos. Adem\u00e1s, Pocket10 puede detectar la captura dactilar que genera la imagen de mayor calidad, eliminando la necesidad de intervenci\u00f3n del usuario.   &nbsp;<\/p>\n<\/div>\n\n\n\n<div class=\"wp-block-column is-vertically-aligned-center is-layout-flow wp-block-column-is-layout-flow\" style=\"flex-basis:33.33%\"><div class=\"wp-block-image is-style-rounded\">\n<figure class=\"aligncenter size-medium\"><img loading=\"lazy\" decoding=\"async\" width=\"300\" height=\"200\" src=\"https:\/\/www.bio-key.com\/wp-content\/uploads\/2024\/01\/WechatIMG7-300x200.jpeg\" alt=\"\" class=\"wp-image-17936\" srcset=\"https:\/\/www.bio-key.com\/wp-content\/uploads\/2024\/01\/WechatIMG7-300x200.jpeg 300w, https:\/\/www.bio-key.com\/wp-content\/uploads\/2024\/01\/WechatIMG7-1024x683.jpeg 1024w, https:\/\/www.bio-key.com\/wp-content\/uploads\/2024\/01\/WechatIMG7-768x512.jpeg 768w, https:\/\/www.bio-key.com\/wp-content\/uploads\/2024\/01\/WechatIMG7-1536x1024.jpeg 1536w, https:\/\/www.bio-key.com\/wp-content\/uploads\/2024\/01\/WechatIMG7.jpeg 1620w\" sizes=\"auto, (max-width: 300px) 100vw, 300px\" \/><\/figure><\/div><\/div>\n<\/div>\n\n\n\n<div style=\"height:20px\" aria-hidden=\"true\" class=\"wp-block-spacer\"><\/div>\n\n\n\n<div class=\"wp-block-group has-background\" style=\"background-color:#121212\"><div class=\"wp-block-group__inner-container is-layout-constrained wp-block-group-is-layout-constrained\">\n<h3 class=\"wp-block-heading has-white-color has-text-color has-background has-link-color wp-elements-0f9b2a8a7b1498d4bfdd021e5106242b\" style=\"background-color:#121212\">BIO-key Pocket10: Dise\u00f1ado para las fuerzas de seguridad, el ej\u00e9rcito, los controles fronterizos y los programas nacionales de identificaci\u00f3n.<\/h3>\n\n\n\n<div class=\"wp-block-columns is-not-stacked-on-mobile has-background is-layout-flex wp-container-core-columns-is-layout-9d6595d7 wp-block-columns-is-layout-flex\" style=\"background-color:#121212\">\n<div class=\"wp-block-column is-layout-flow wp-block-column-is-layout-flow\">\n<div class=\"wp-block-buttons is-content-justification-center is-layout-flex wp-container-core-buttons-is-layout-16018d1d wp-block-buttons-is-layout-flex\">\n<div class=\"wp-block-button has-custom-font-size has-medium-font-size\"><a class=\"wp-block-button__link has-white-color has-cornflowerblue-background-color has-text-color has-background has-link-color wp-element-button\" href=\"https:\/\/info.bio-key.com\/hubfs\/Data%20Sheets\/Pocket10%20datasheet.pdf\">Descargar la ficha t\u00e9cnica de Pocket10<\/a><\/div>\n<\/div>\n<\/div>\n\n\n\n<div class=\"wp-block-column is-layout-flow wp-block-column-is-layout-flow\">\n<div class=\"wp-block-buttons is-content-justification-center is-layout-flex wp-container-core-buttons-is-layout-16018d1d wp-block-buttons-is-layout-flex\">\n<div class=\"wp-block-button has-custom-font-size has-medium-font-size\"><a class=\"wp-block-button__link has-white-color has-alizarincrimson-background-color has-text-color has-background has-link-color wp-element-button\" href=\"https:\/\/www.bio-key.com\/contact-us\/\">Cont\u00e1ctanos<\/a><\/div>\n<\/div>\n<\/div>\n<\/div>\n<\/div><\/div>\n\n\n\n<div style=\"height:20px\" aria-hidden=\"true\" class=\"wp-block-spacer\"><\/div>\n\n\n\n<h3 class=\"wp-block-heading\">\u00bfPor qu\u00e9 elegir BIO-key Pocket10?  <\/h3>\n\n\n\n<div class=\"wp-block-columns are-vertically-aligned-center is-layout-flex wp-container-core-columns-is-layout-9d6595d7 wp-block-columns-is-layout-flex\">\n<div class=\"wp-block-column is-vertically-aligned-center is-layout-flow wp-block-column-is-layout-flow\" style=\"flex-basis:33.33%\"><div class=\"wp-block-image\">\n<figure class=\"aligncenter size-medium is-resized\"><img loading=\"lazy\" decoding=\"async\" width=\"300\" height=\"300\" src=\"https:\/\/www.bio-key.com\/wp-content\/uploads\/2024\/01\/Pocket10-portable-300x300.png\" alt=\"\" class=\"wp-image-17964\" style=\"width:50px\" srcset=\"https:\/\/www.bio-key.com\/wp-content\/uploads\/2024\/01\/Pocket10-portable-300x300.png 300w, https:\/\/www.bio-key.com\/wp-content\/uploads\/2024\/01\/Pocket10-portable-150x150.png 150w, https:\/\/www.bio-key.com\/wp-content\/uploads\/2024\/01\/Pocket10-portable.png 500w\" sizes=\"auto, (max-width: 300px) 100vw, 300px\" \/><\/figure><\/div><\/div>\n\n\n\n<div class=\"wp-block-column is-vertically-aligned-center is-layout-flow wp-block-column-is-layout-flow\" style=\"flex-basis:66.66%\">\n<p><strong>Portabilidad: <\/strong>Su tama\u00f1o compacto te permite llevarlo en el bolsillo, posibilitando las operaciones m\u00f3viles y la gesti\u00f3n de identidades all\u00e1 donde vayas.&nbsp;<\/p>\n<\/div>\n<\/div>\n\n\n\n<div class=\"wp-block-columns are-vertically-aligned-center is-layout-flex wp-container-core-columns-is-layout-9d6595d7 wp-block-columns-is-layout-flex\">\n<div class=\"wp-block-column is-vertically-aligned-center is-layout-flow wp-block-column-is-layout-flow\" style=\"flex-basis:33.33%\"><div class=\"wp-block-image\">\n<figure class=\"aligncenter size-medium is-resized\"><img loading=\"lazy\" decoding=\"async\" width=\"300\" height=\"300\" src=\"https:\/\/www.bio-key.com\/wp-content\/uploads\/2024\/01\/Pocket10-reliability-300x300.png\" alt=\"\" class=\"wp-image-17962\" style=\"width:50px\" srcset=\"https:\/\/www.bio-key.com\/wp-content\/uploads\/2024\/01\/Pocket10-reliability-300x300.png 300w, https:\/\/www.bio-key.com\/wp-content\/uploads\/2024\/01\/Pocket10-reliability-150x150.png 150w, https:\/\/www.bio-key.com\/wp-content\/uploads\/2024\/01\/Pocket10-reliability.png 500w\" sizes=\"auto, (max-width: 300px) 100vw, 300px\" \/><\/figure><\/div><\/div>\n\n\n\n<div class=\"wp-block-column is-vertically-aligned-center is-layout-flow wp-block-column-is-layout-flow\" style=\"flex-basis:66.66%\">\n<p><strong>Fiabilidad:<\/strong> El Pocket10 est\u00e1 fabricado para soportar diversas condiciones dif\u00edciles, garantizando capturas de huellas dactilares consistentes y precisas.&nbsp;<\/p>\n<\/div>\n<\/div>\n\n\n\n<div class=\"wp-block-columns are-vertically-aligned-center is-layout-flex wp-container-core-columns-is-layout-9d6595d7 wp-block-columns-is-layout-flex\">\n<div class=\"wp-block-column is-vertically-aligned-center is-layout-flow wp-block-column-is-layout-flow\" style=\"flex-basis:33.33%\"><div class=\"wp-block-image\">\n<figure class=\"aligncenter size-medium is-resized\"><img loading=\"lazy\" decoding=\"async\" width=\"300\" height=\"300\" src=\"https:\/\/www.bio-key.com\/wp-content\/uploads\/2024\/01\/Pocket10-advanced-technology-300x300.png\" alt=\"\" class=\"wp-image-17960\" style=\"width:50px\" srcset=\"https:\/\/www.bio-key.com\/wp-content\/uploads\/2024\/01\/Pocket10-advanced-technology-300x300.png 300w, https:\/\/www.bio-key.com\/wp-content\/uploads\/2024\/01\/Pocket10-advanced-technology-150x150.png 150w, https:\/\/www.bio-key.com\/wp-content\/uploads\/2024\/01\/Pocket10-advanced-technology.png 500w\" sizes=\"auto, (max-width: 300px) 100vw, 300px\" \/><\/figure><\/div><\/div>\n\n\n\n<div class=\"wp-block-column is-vertically-aligned-center is-layout-flow wp-block-column-is-layout-flow\" style=\"flex-basis:66.66%\">\n<p><strong>Tecnolog\u00eda avanzada: <\/strong>Con la tecnolog\u00eda LES de Integrated Biometrics, Pocket10 proporciona funciones avanzadas antifalsificaci\u00f3n e im\u00e1genes de huellas dactilares de alta resoluci\u00f3n.&nbsp;<\/p>\n<\/div>\n<\/div>\n\n\n\n<div class=\"wp-block-columns are-vertically-aligned-center is-layout-flex wp-container-core-columns-is-layout-9d6595d7 wp-block-columns-is-layout-flex\">\n<div class=\"wp-block-column is-vertically-aligned-center is-layout-flow wp-block-column-is-layout-flow\" style=\"flex-basis:33.33%\"><div class=\"wp-block-image\">\n<figure class=\"aligncenter size-medium is-resized\"><img loading=\"lazy\" decoding=\"async\" width=\"300\" height=\"300\" src=\"https:\/\/www.bio-key.com\/wp-content\/uploads\/2024\/01\/Pocket10-versatility-300x300.png\" alt=\"\" class=\"wp-image-17958\" style=\"width:50px\" srcset=\"https:\/\/www.bio-key.com\/wp-content\/uploads\/2024\/01\/Pocket10-versatility-300x300.png 300w, https:\/\/www.bio-key.com\/wp-content\/uploads\/2024\/01\/Pocket10-versatility-150x150.png 150w, https:\/\/www.bio-key.com\/wp-content\/uploads\/2024\/01\/Pocket10-versatility.png 500w\" sizes=\"auto, (max-width: 300px) 100vw, 300px\" \/><\/figure><\/div><\/div>\n\n\n\n<div class=\"wp-block-column is-vertically-aligned-center is-layout-flow wp-block-column-is-layout-flow\" style=\"flex-basis:66.66%\">\n<p><strong>Versatilidad: <\/strong>Admite m\u00faltiples tipos de captura y sistemas operativos, por lo que es compatible con una amplia gama de aplicaciones.&nbsp;<\/p>\n<\/div>\n<\/div>\n\n\n\n<div class=\"wp-block-columns are-vertically-aligned-center is-layout-flex wp-container-core-columns-is-layout-9d6595d7 wp-block-columns-is-layout-flex\">\n<div class=\"wp-block-column is-vertically-aligned-center is-layout-flow wp-block-column-is-layout-flow\" style=\"flex-basis:33.33%\"><div class=\"wp-block-image\">\n<figure class=\"aligncenter size-medium is-resized\"><img loading=\"lazy\" decoding=\"async\" width=\"300\" height=\"300\" src=\"https:\/\/www.bio-key.com\/wp-content\/uploads\/2024\/01\/Pocket10-certification-1-300x300.png\" alt=\"\" class=\"wp-image-17956\" style=\"width:50px\" srcset=\"https:\/\/www.bio-key.com\/wp-content\/uploads\/2024\/01\/Pocket10-certification-1-300x300.png 300w, https:\/\/www.bio-key.com\/wp-content\/uploads\/2024\/01\/Pocket10-certification-1-150x150.png 150w, https:\/\/www.bio-key.com\/wp-content\/uploads\/2024\/01\/Pocket10-certification-1.png 500w\" sizes=\"auto, (max-width: 300px) 100vw, 300px\" \/><\/figure><\/div><\/div>\n\n\n\n<div class=\"wp-block-column is-vertically-aligned-center is-layout-flow wp-block-column-is-layout-flow\" style=\"flex-basis:66.66%\">\n<p><strong>Certificaci\u00f3n: <\/strong>Pocket10 est\u00e1 certificado por el FBI, STQC y NIMC, lo que garantiza su fiabilidad y el cumplimiento de las normas del sector.&nbsp;<\/p>\n<\/div>\n<\/div>\n\n\n\n<div class=\"wp-block-columns are-vertically-aligned-center is-layout-flex wp-container-core-columns-is-layout-9d6595d7 wp-block-columns-is-layout-flex\">\n<div class=\"wp-block-column is-vertically-aligned-center is-layout-flow wp-block-column-is-layout-flow\" style=\"flex-basis:33.33%\"><div class=\"wp-block-image\">\n<figure class=\"aligncenter size-medium is-resized\"><img loading=\"lazy\" decoding=\"async\" width=\"300\" height=\"300\" src=\"https:\/\/www.bio-key.com\/wp-content\/uploads\/2024\/01\/Pocket10-energy-efficiency-300x300.png\" alt=\"\" class=\"wp-image-17952\" style=\"width:50px\" srcset=\"https:\/\/www.bio-key.com\/wp-content\/uploads\/2024\/01\/Pocket10-energy-efficiency-300x300.png 300w, https:\/\/www.bio-key.com\/wp-content\/uploads\/2024\/01\/Pocket10-energy-efficiency-150x150.png 150w, https:\/\/www.bio-key.com\/wp-content\/uploads\/2024\/01\/Pocket10-energy-efficiency.png 502w\" sizes=\"auto, (max-width: 300px) 100vw, 300px\" \/><\/figure><\/div><\/div>\n\n\n\n<div class=\"wp-block-column is-vertically-aligned-center is-layout-flow wp-block-column-is-layout-flow\" style=\"flex-basis:66.66%\">\n<p><strong>Eficiencia energ\u00e9tica:<\/strong> El dispositivo funciona durante horas utilizando un smartphone u otros dispositivos m\u00f3viles como fuente de energ\u00eda, lo que ofrece comodidad y ahorro de costes.&nbsp;<\/p>\n<\/div>\n<\/div>\n\n\n\n<p><\/p>\n\n\n\n<div class=\"wp-block-group has-t-3-shark-background-color has-background\"><div class=\"wp-block-group__inner-container is-layout-flow wp-block-group-is-layout-flow\">\n<h3 class=\"wp-block-heading\">Caracter\u00edsticas y beneficios<\/h3>\n\n\n\n<ul class=\"wp-block-list\">\n<li>Identificaci\u00f3n m\u00f3vil compacta FAP 50 certificada por el FBI y formato Live Scan (10 impresiones)&nbsp;<\/li>\n\n\n\n<li>Permite la inscripci\u00f3n y verificaci\u00f3n m\u00f3viles&nbsp;<\/li>\n\n\n\n<li>No es necesario limpiar impresiones latentes en situaciones de gran volumen&nbsp;<\/li>\n\n\n\n<li>Insensible a factores ambientales&nbsp;<\/li>\n\n\n\n<li>Tecnolog\u00eda anti-spoofing que rechaza los ataques spoofing habituales&nbsp;<\/li>\n\n\n\n<li>No emite luces brillantes durante los escaneos&nbsp;<\/li>\n\n\n\n<li>Cumple las especificaciones militares de durabilidad&nbsp;<\/li>\n\n\n\n<li>Consumo de energ\u00eda extremadamente bajo&nbsp;<\/li>\n\n\n\n<li>Con 1 a\u00f1o de garant\u00eda&nbsp;<\/li>\n<\/ul>\n\n\n\n<hr class=\"wp-block-separator has-alpha-channel-opacity\">\n\n\n\n<h3 class=\"wp-block-heading\">Especificaciones del producto<\/h3>\n\n\n\n<ul class=\"wp-block-list\">\n<li><strong>\u00c1rea de captura del sensor<\/strong>:&nbsp;81.28 mm x 50.80 mm&nbsp;<\/li>\n\n\n\n<li><strong>Resoluci\u00f3n de imagen<\/strong>:&nbsp;1600 W x 1000 H pixels\/500 PPI&nbsp;<\/li>\n\n\n\n<li><strong>Consumo de energ\u00eda durante la generaci\u00f3n de im\u00e1genes<\/strong>:&nbsp;&lt;300mA at 4.40V to 5.25V&nbsp;<\/li>\n\n\n\n<li><strong>Opciones de conexi\u00f3n<\/strong>: USB 2.0&nbsp;<\/li>\n\n\n\n<li><strong>Tipos de captura<\/strong>: Four-finger flat, two-finger flat, single-finger flat, single-finger rolled<\/li>\n\n\n\n<li><strong>OS Support:&nbsp;<\/strong>Windows Desktop 32\/64 bit (7, 8, 10), Windows Server, Linux, Android 4.0+, Java&nbsp;&nbsp;<\/li>\n<\/ul>\n\n\n\n<p><em>*Ten en cuenta que este producto no es compatible con los productos de Apple.<\/em><\/p>\n<\/div><\/div>\n\n\n\n<p><\/p>\n\n\n\n<hr class=\"wp-block-separator has-text-color has-t-3-shark-color has-css-opacity has-t-3-shark-background-color has-background\">\n\n\n\n<figure class=\"wp-block-pullquote has-alizarincrimson-color has-text-color\"><blockquote><p>IDENTIFICACI\u00d3N M\u00d3VIL CERTIFICADA POR EL FBI FAP 50 Y ESCANEO EN VIVO (10 IMPRESIONES) HUELLA DACTILAR&nbsp;ESC\u00c1NER.&nbsp;INSCRIPCI\u00d3N Y VERIFICACI\u00d3N M\u00d3VIL&nbsp;QUE&nbsp;FUNCIONA EN CUALQUIER LUGAR, BAJO CASI CUALQUIER CONDICI\u00d3N ALTA&nbsp;CAPTURAS DE DEDOS. RECHAZO AUTOM\u00c1TICO DE FALSO.&nbsp;ALTA EFICIENCIA ENERG\u00c9TICA.<\/p><\/blockquote><\/figure>\n","protected":false},"excerpt":{"rendered":"<p>Lector port\u00e1til de huellas dactilares FAP 50 y Live Scan (10 huellas), certificado por el FBI Presentamos Pocket10, el lector de huellas dactilares port\u00e1til de vanguardia de BIO-key. Este dispositivo compacto y ligero est\u00e1 dise\u00f1ado para ofrecer un rendimiento y una fiabilidad excepcionales en el \u00e1mbito de las fuerzas de seguridad, las operaciones militares, el [&hellip;]<\/p>\n","protected":false},"author":14,"featured_media":0,"parent":16166,"menu_order":0,"comment_status":"closed","ping_status":"closed","template":"tpl-products.php","meta":{"_acf_changed":false,"content-type":"","inline_featured_image":false,"footnotes":""},"class_list":["post-16225","page","type-page","status-publish","hentry"],"acf":[],"aioseo_notices":[],"featured_image_src":null,"_links":{"self":[{"href":"https:\/\/www.bio-key.com\/es\/wp-json\/wp\/v2\/pages\/16225","targetHints":{"allow":["GET"]}}],"collection":[{"href":"https:\/\/www.bio-key.com\/es\/wp-json\/wp\/v2\/pages"}],"about":[{"href":"https:\/\/www.bio-key.com\/es\/wp-json\/wp\/v2\/types\/page"}],"author":[{"embeddable":true,"href":"https:\/\/www.bio-key.com\/es\/wp-json\/wp\/v2\/users\/14"}],"replies":[{"embeddable":true,"href":"https:\/\/www.bio-key.com\/es\/wp-json\/wp\/v2\/comments?post=16225"}],"version-history":[{"count":0,"href":"https:\/\/www.bio-key.com\/es\/wp-json\/wp\/v2\/pages\/16225\/revisions"}],"up":[{"embeddable":true,"href":"https:\/\/www.bio-key.com\/es\/wp-json\/wp\/v2\/pages\/16166"}],"wp:attachment":[{"href":"https:\/\/www.bio-key.com\/es\/wp-json\/wp\/v2\/media?parent=16225"}],"curies":[{"name":"wp","href":"https:\/\/api.w.org\/{rel}","templated":true}]}}