{"id":16226,"date":"2021-12-15T05:00:00","date_gmt":"2021-12-15T05:00:00","guid":{"rendered":"https:\/\/www.bio-key.com\/portalguard\/panel-de-administrador\/"},"modified":"2026-04-16T12:03:32","modified_gmt":"2026-04-16T12:03:32","slug":"panel-de-administrador","status":"publish","type":"page","link":"https:\/\/www.bio-key.com\/es\/portalguard\/panel-de-administrador\/","title":{"rendered":"Panel de administraci\u00f3n IAM para una gesti\u00f3n sencilla de identidades y accesos"},"content":{"rendered":"\n<h3 class=\"wp-block-heading has-alizarincrimson-color has-text-color has-link-color wp-elements-174172de49553d17b811d6bb76289128\">La administraci\u00f3n IAM no tiene por qu\u00e9 ser complicada<\/h3>\n\n\n\n<p>Desarrollar e implementar una estrategia de Administraci\u00f3n de Accesos e Identidades (IAM) ya es bastante desafiante.<\/p>\n\n\n\n<p>Si integrar, configurar, gestionar y utilizar tus soluciones IAM es una carga para ti y tus usuarios de TI, es hora de cambiar. Cuando las tareas sencillas se vuelven dif\u00edciles de completar, pierdes un tiempo valioso, aumentas los costes generales de tu empresa y reduces la productividad. <\/p>\n\n\n\n<div class=\"wp-block-columns are-vertically-aligned-center is-layout-flex wp-container-core-columns-is-layout-9d6595d7 wp-block-columns-is-layout-flex\">\n<div class=\"wp-block-column is-vertically-aligned-center is-layout-flow wp-block-column-is-layout-flow\" style=\"flex-basis:60%\">\n<h3 class=\"wp-block-heading\">Maximiza tu eficacia con el panel de administraci\u00f3n IAM de PortalGuard<\/h3>\n\n\n\n<p>El panel de administraci\u00f3n IAM de PortalGuard proporciona una experiencia de administrador sencilla que permite a los administradores de TI gestionar de forma eficiente los usuarios, controlar las integraciones SSO, configurar las pol\u00edticas de seguridad y mucho m\u00e1s.<\/p>\n<\/div>\n\n\n\n<div class=\"wp-block-column is-layout-flow wp-block-column-is-layout-flow\" style=\"flex-basis:5%\"><\/div>\n\n\n\n<div class=\"wp-block-column is-vertically-aligned-center is-layout-flow wp-block-column-is-layout-flow\" style=\"flex-basis:35%\">\n<figure class=\"wp-block-image size-full\"><img loading=\"lazy\" decoding=\"async\" width=\"590\" height=\"421\" src=\"https:\/\/www.bio-key.com\/wp-content\/uploads\/2021\/11\/pg-admin.png\" alt=\"\" class=\"wp-image-13977\" srcset=\"https:\/\/www.bio-key.com\/wp-content\/uploads\/2021\/11\/pg-admin.png 590w, https:\/\/www.bio-key.com\/wp-content\/uploads\/2021\/11\/pg-admin-300x214.png 300w\" sizes=\"auto, (max-width: 590px) 100vw, 590px\" \/><\/figure>\n<\/div>\n<\/div>\n\n\n\n<div style=\"height:2px\" aria-hidden=\"true\" class=\"wp-block-spacer\"><\/div>\n\n\n\n<div class=\"wp-block-cover\"><span aria-hidden=\"true\" class=\"wp-block-cover__background has-shark-background-color has-background-dim-100 has-background-dim\"><\/span><div class=\"wp-block-cover__inner-container is-layout-constrained wp-block-cover-is-layout-constrained\">\n<div style=\"height:20px\" aria-hidden=\"true\" class=\"wp-block-spacer\"><\/div>\n\n\n\n<h2 class=\"wp-block-heading has-text-align-center has-white-color has-text-color has-link-color wp-elements-9f5e8b1eec79a82577c35eb5411cd6a4\">Demo del Panel de Administraci\u00f3n IAM de PortalGuard<\/h2>\n\n\n\n<div style=\"height:10px\" aria-hidden=\"true\" class=\"wp-block-spacer\"><\/div>\n\n\n\n<div style=\"height:0px\" aria-hidden=\"true\" class=\"wp-block-spacer\"><\/div>\n\n\n\n<div class=\"wp-block-columns is-layout-flex wp-container-core-columns-is-layout-9d6595d7 wp-block-columns-is-layout-flex\">\n<div class=\"wp-block-column is-layout-flow wp-block-column-is-layout-flow\" style=\"flex-basis:10%\"><\/div>\n\n\n\n<div class=\"wp-block-column is-layout-flow wp-block-column-is-layout-flow\" style=\"flex-basis:80%\">\n<figure class=\"wp-block-video\"><video height=\"720\" style=\"aspect-ratio: 1330 \/ 720;\" width=\"1330\" controls=\"\" src=\"https:\/\/www.bio-key.com\/wp-content\/uploads\/2023\/11\/BIO-key-Admin-Panel-2-Demo.mp4\"><\/video><\/figure>\n\n\n\n<div style=\"height:20px\" aria-hidden=\"true\" class=\"wp-block-spacer\"><\/div>\n\n\n\n<div class=\"wp-block-buttons is-content-justification-center is-layout-flex wp-container-core-buttons-is-layout-16018d1d wp-block-buttons-is-layout-flex\">\n<div class=\"wp-block-button\"><a class=\"wp-block-button__link has-white-color has-cornflowerblue-background-color has-text-color has-background has-link-color has-medium-font-size has-custom-font-size wp-element-button\" href=\"https:\/\/www.bio-key.com\/contact-us\/#ContactForm\" target=\"_blank\" rel=\"noreferrer noopener\">Reserva una demostraci\u00f3n personalizada<\/a><\/div>\n<\/div>\n\n\n\n<div style=\"height:20px\" aria-hidden=\"true\" class=\"wp-block-spacer\"><\/div>\n<\/div>\n\n\n\n<div class=\"wp-block-column is-layout-flow wp-block-column-is-layout-flow\" style=\"flex-basis:10%\"><\/div>\n<\/div>\n<\/div><\/div>\n\n\n\n<h3 class=\"wp-block-heading has-text-align-center\">Beneficios<\/h3>\n\n\n\n<div class=\"wp-block-columns is-layout-flex wp-container-core-columns-is-layout-9d6595d7 wp-block-columns-is-layout-flex\">\n<div class=\"wp-block-column is-layout-flow wp-block-column-is-layout-flow\"><div class=\"wp-block-image\">\n<figure class=\"aligncenter size-full is-resized\"><img loading=\"lazy\" decoding=\"async\" width=\"500\" height=\"500\" src=\"https:\/\/www.bio-key.com\/wp-content\/uploads\/2024\/12\/IAM-Admin-Panel-save-time.png\" alt=\"\" class=\"wp-image-19924\" style=\"width:auto;height:70px\" srcset=\"https:\/\/www.bio-key.com\/wp-content\/uploads\/2024\/12\/IAM-Admin-Panel-save-time.png 500w, https:\/\/www.bio-key.com\/wp-content\/uploads\/2024\/12\/IAM-Admin-Panel-save-time-300x300.png 300w, https:\/\/www.bio-key.com\/wp-content\/uploads\/2024\/12\/IAM-Admin-Panel-save-time-150x150.png 150w\" sizes=\"auto, (max-width: 500px) 100vw, 500px\" \/><\/figure>\n<\/div>\n\n\n<div style=\"height:20px\" aria-hidden=\"true\" class=\"wp-block-spacer\"><\/div>\n\n\n\n<p class=\"has-text-align-center\"><strong>Ahorra tiempo<\/strong><\/p>\n\n\n\n<p>Agiliza los flujos de trabajo y ahorra tiempo tanto a los administradores como a los usuarios finales, desde restablecimientos de contrase\u00f1a m\u00e1s r\u00e1pidos hasta la eliminaci\u00f3n de contrase\u00f1as con biometr\u00eda.<\/p>\n<\/div>\n\n\n\n<div class=\"wp-block-column is-layout-flow wp-block-column-is-layout-flow\"><div class=\"wp-block-image\">\n<figure class=\"aligncenter size-full is-resized\"><img loading=\"lazy\" decoding=\"async\" width=\"500\" height=\"500\" src=\"https:\/\/www.bio-key.com\/wp-content\/uploads\/2024\/12\/IAM-Admin-Panel-audits.png\" alt=\"\" class=\"wp-image-19926\" style=\"width:auto;height:70px\" srcset=\"https:\/\/www.bio-key.com\/wp-content\/uploads\/2024\/12\/IAM-Admin-Panel-audits.png 500w, https:\/\/www.bio-key.com\/wp-content\/uploads\/2024\/12\/IAM-Admin-Panel-audits-300x300.png 300w, https:\/\/www.bio-key.com\/wp-content\/uploads\/2024\/12\/IAM-Admin-Panel-audits-150x150.png 150w\" sizes=\"auto, (max-width: 500px) 100vw, 500px\" \/><\/figure>\n<\/div>\n\n\n<div style=\"height:20px\" aria-hidden=\"true\" class=\"wp-block-spacer\"><\/div>\n\n\n\n<p class=\"has-text-align-center\"><strong>Prep\u00e1rate para las auditor\u00edas<\/strong><\/p>\n\n\n\n<p>Cumple los requisitos de autenticaci\u00f3n multifactor y demuestra f\u00e1cilmente que se aplican los controles y pol\u00edticas adecuados.<\/p>\n<\/div>\n\n\n\n<div class=\"wp-block-column is-layout-flow wp-block-column-is-layout-flow\"><div class=\"wp-block-image\">\n<figure class=\"aligncenter size-full is-resized\"><img loading=\"lazy\" decoding=\"async\" width=\"500\" height=\"500\" src=\"https:\/\/www.bio-key.com\/wp-content\/uploads\/2024\/12\/IAM-Admin-Panel-expert.png\" alt=\"\" class=\"wp-image-19928\" style=\"width:auto;height:70px\" srcset=\"https:\/\/www.bio-key.com\/wp-content\/uploads\/2024\/12\/IAM-Admin-Panel-expert.png 500w, https:\/\/www.bio-key.com\/wp-content\/uploads\/2024\/12\/IAM-Admin-Panel-expert-300x300.png 300w, https:\/\/www.bio-key.com\/wp-content\/uploads\/2024\/12\/IAM-Admin-Panel-expert-150x150.png 150w\" sizes=\"auto, (max-width: 500px) 100vw, 500px\" \/><\/figure>\n<\/div>\n\n\n<div style=\"height:20px\" aria-hidden=\"true\" class=\"wp-block-spacer\"><\/div>\n\n\n\n<p class=\"has-text-align-center\"><strong>Ampl\u00eda tu equipo<\/strong><\/p>\n\n\n\n<p>Nuestro experto equipo de asistencia te guiar\u00e1 en la planificaci\u00f3n e implantaci\u00f3n de tu estrategia IAM, asegur\u00e1ndose de que te beneficias r\u00e1pidamente de tu inversi\u00f3n.<\/p>\n<\/div>\n<\/div>\n\n\n\n<div class=\"wp-block-cover\" style=\"min-height:240px;aspect-ratio:unset;\"><span aria-hidden=\"true\" class=\"wp-block-cover__background has-t-3-shark-background-color has-background-dim-100 has-background-dim\"><\/span><div class=\"wp-block-cover__inner-container is-layout-constrained wp-block-cover-is-layout-constrained\">\n<figure class=\"wp-block-gallery has-nested-images columns-5 is-cropped wp-block-gallery-1 is-layout-flex wp-block-gallery-is-layout-flex\">\n<figure class=\"wp-block-image size-medium\"><img loading=\"lazy\" decoding=\"async\" width=\"300\" height=\"300\" data-id=\"21869\" src=\"https:\/\/www.bio-key.com\/wp-content\/uploads\/2026\/04\/G2Spring2026_HighPerformer-300x300.png\" alt=\"\" class=\"wp-image-21869\" srcset=\"https:\/\/www.bio-key.com\/wp-content\/uploads\/2026\/04\/G2Spring2026_HighPerformer-300x300.png 300w, https:\/\/www.bio-key.com\/wp-content\/uploads\/2026\/04\/G2Spring2026_HighPerformer-150x150.png 150w, https:\/\/www.bio-key.com\/wp-content\/uploads\/2026\/04\/G2Spring2026_HighPerformer-768x768.png 768w, https:\/\/www.bio-key.com\/wp-content\/uploads\/2026\/04\/G2Spring2026_HighPerformer.png 1000w\" sizes=\"auto, (max-width: 300px) 100vw, 300px\" \/><\/figure>\n\n\n\n<figure class=\"wp-block-image size-medium\"><img loading=\"lazy\" decoding=\"async\" width=\"300\" height=\"300\" data-id=\"21871\" src=\"https:\/\/www.bio-key.com\/wp-content\/uploads\/2026\/04\/G2Spring2026_HighestUserAdoption-300x300.png\" alt=\"\" class=\"wp-image-21871\" srcset=\"https:\/\/www.bio-key.com\/wp-content\/uploads\/2026\/04\/G2Spring2026_HighestUserAdoption-300x300.png 300w, https:\/\/www.bio-key.com\/wp-content\/uploads\/2026\/04\/G2Spring2026_HighestUserAdoption-150x150.png 150w, https:\/\/www.bio-key.com\/wp-content\/uploads\/2026\/04\/G2Spring2026_HighestUserAdoption-768x768.png 768w, https:\/\/www.bio-key.com\/wp-content\/uploads\/2026\/04\/G2Spring2026_HighestUserAdoption.png 1000w\" sizes=\"auto, (max-width: 300px) 100vw, 300px\" \/><\/figure>\n\n\n\n<figure class=\"wp-block-image size-medium\"><img loading=\"lazy\" decoding=\"async\" width=\"300\" height=\"300\" data-id=\"21873\" src=\"https:\/\/www.bio-key.com\/wp-content\/uploads\/2026\/04\/G2Spring2026_EasiestToDoBusinessWith-300x300.png\" alt=\"\" class=\"wp-image-21873\" srcset=\"https:\/\/www.bio-key.com\/wp-content\/uploads\/2026\/04\/G2Spring2026_EasiestToDoBusinessWith-300x300.png 300w, https:\/\/www.bio-key.com\/wp-content\/uploads\/2026\/04\/G2Spring2026_EasiestToDoBusinessWith-150x150.png 150w, https:\/\/www.bio-key.com\/wp-content\/uploads\/2026\/04\/G2Spring2026_EasiestToDoBusinessWith-768x768.png 768w, https:\/\/www.bio-key.com\/wp-content\/uploads\/2026\/04\/G2Spring2026_EasiestToDoBusinessWith.png 1000w\" sizes=\"auto, (max-width: 300px) 100vw, 300px\" \/><\/figure>\n\n\n\n<figure class=\"wp-block-image size-medium\"><img loading=\"lazy\" decoding=\"async\" width=\"300\" height=\"300\" data-id=\"21865\" src=\"https:\/\/www.bio-key.com\/wp-content\/uploads\/2026\/04\/G2Spring2026_Enterprise_BestEstimatedROI-300x300.png\" alt=\"\" class=\"wp-image-21865\" srcset=\"https:\/\/www.bio-key.com\/wp-content\/uploads\/2026\/04\/G2Spring2026_Enterprise_BestEstimatedROI-300x300.png 300w, https:\/\/www.bio-key.com\/wp-content\/uploads\/2026\/04\/G2Spring2026_Enterprise_BestEstimatedROI-150x150.png 150w, https:\/\/www.bio-key.com\/wp-content\/uploads\/2026\/04\/G2Spring2026_Enterprise_BestEstimatedROI-768x768.png 768w, https:\/\/www.bio-key.com\/wp-content\/uploads\/2026\/04\/G2Spring2026_Enterprise_BestEstimatedROI.png 1000w\" sizes=\"auto, (max-width: 300px) 100vw, 300px\" \/><\/figure>\n\n\n\n<figure class=\"wp-block-image size-medium\"><img loading=\"lazy\" decoding=\"async\" width=\"300\" height=\"300\" data-id=\"21867\" src=\"https:\/\/www.bio-key.com\/wp-content\/uploads\/2026\/04\/G2Spring2026_Enterprise_BestMeetsRequirements-300x300.png\" alt=\"\" class=\"wp-image-21867\" srcset=\"https:\/\/www.bio-key.com\/wp-content\/uploads\/2026\/04\/G2Spring2026_Enterprise_BestMeetsRequirements-300x300.png 300w, https:\/\/www.bio-key.com\/wp-content\/uploads\/2026\/04\/G2Spring2026_Enterprise_BestMeetsRequirements-150x150.png 150w, https:\/\/www.bio-key.com\/wp-content\/uploads\/2026\/04\/G2Spring2026_Enterprise_BestMeetsRequirements-768x768.png 768w, https:\/\/www.bio-key.com\/wp-content\/uploads\/2026\/04\/G2Spring2026_Enterprise_BestMeetsRequirements.png 1000w\" sizes=\"auto, (max-width: 300px) 100vw, 300px\" \/><\/figure>\n<\/figure>\n\n\n\n<div style=\"height:10px\" aria-hidden=\"true\" class=\"wp-block-spacer\"><\/div>\n\n\n\n<div class=\"wp-block-buttons is-content-justification-center is-layout-flex wp-container-core-buttons-is-layout-16018d1d wp-block-buttons-is-layout-flex\">\n<div class=\"wp-block-button\"><a class=\"wp-block-button__link has-white-color has-shark-background-color has-text-color has-background has-link-color has-text-align-center wp-element-button\" href=\"https:\/\/www.g2.com\/products\/portalguard\/reviews\" target=\"_blank\" rel=\"noreferrer noopener\"><mark style=\"background-color:rgba(0, 0, 0, 0)\" class=\"has-inline-color has-white-color\">Descubre por qu\u00e9 los clientes adoran PortalGuard en G2<\/mark><\/a><\/div>\n<\/div>\n<\/div><\/div>\n\n\n\n<h2 class=\"wp-block-heading has-text-align-center\">F\u00e1cil gesti\u00f3n de PortalGuard desde una ubicaci\u00f3n centralizada<\/h2>\n\n\n\n<figure class=\"wp-block-image size-full d-hide\"><img loading=\"lazy\" decoding=\"async\" width=\"690\" height=\"886\" src=\"https:\/\/www.bio-key.com\/wp-content\/uploads\/2020\/11\/security-assurance-mobile.png\" alt=\"\" class=\"wp-image-12857\" title=\"\" srcset=\"https:\/\/www.bio-key.com\/wp-content\/uploads\/2020\/11\/security-assurance-mobile.png 690w, https:\/\/www.bio-key.com\/wp-content\/uploads\/2020\/11\/security-assurance-mobile-234x300.png 234w\" sizes=\"auto, (max-width: 690px) 100vw, 690px\" \/><\/figure>\n\n\n\n<div class=\"wp-block-columns list-item is-layout-flex wp-container-core-columns-is-layout-9d6595d7 wp-block-columns-is-layout-flex\">\n<div class=\"wp-block-column is-layout-flow wp-block-column-is-layout-flow\" style=\"flex-basis:5%\">\n<figure class=\"wp-block-image size-full\"><img loading=\"lazy\" decoding=\"async\" width=\"40\" height=\"40\" src=\"https:\/\/www.bio-key.com\/wp-content\/uploads\/2021\/11\/Roles-and-Perm.png\" alt=\"\" class=\"wp-image-13975\"><\/figure>\n<\/div>\n\n\n\n<div class=\"wp-block-column is-layout-flow wp-block-column-is-layout-flow\" style=\"flex-basis:95%\">\n<h4 class=\"wp-block-heading has-shark-color has-text-color\">Roles &amp; Permisos<\/h4>\n\n\n\n<p>Libera carga de trabajo asignando privilegios y delegando &nbsp;ptareas en funci\u00f3n de los roles que definas.<\/p>\n<\/div>\n<\/div>\n\n\n\n<div class=\"wp-block-columns list-item is-layout-flex wp-container-core-columns-is-layout-9d6595d7 wp-block-columns-is-layout-flex\">\n<div class=\"wp-block-column is-layout-flow wp-block-column-is-layout-flow\" style=\"flex-basis:5%\">\n<figure class=\"wp-block-image size-full\"><img loading=\"lazy\" decoding=\"async\" width=\"40\" height=\"40\" src=\"https:\/\/www.bio-key.com\/wp-content\/uploads\/2021\/11\/User-Management.png\" alt=\"\" class=\"wp-image-13976\"><\/figure>\n<\/div>\n\n\n\n<div class=\"wp-block-column is-layout-flow wp-block-column-is-layout-flow\" style=\"flex-basis:95%\">\n<h4 class=\"wp-block-heading\">Gesti\u00f3n de usuarios<\/h4>\n\n\n\n<p>Crea, busca, actualiza y elimina identidades y permisos de usuarios finales y usuarios de IT.<\/p>\n<\/div>\n<\/div>\n\n\n\n<div class=\"wp-block-columns list-item is-layout-flex wp-container-core-columns-is-layout-9d6595d7 wp-block-columns-is-layout-flex\">\n<div class=\"wp-block-column is-layout-flow wp-block-column-is-layout-flow\" style=\"flex-basis:5%\">\n<figure class=\"wp-block-image size-large\"><img decoding=\"async\" src=\"https:\/\/www.bio-key.com\/wp-content\/uploads\/2020\/10\/authentication-factors-icon-4.svg\" alt=\"\" class=\"wp-image-12068\"><\/figure>\n<\/div>\n\n\n\n<div class=\"wp-block-column is-layout-flow wp-block-column-is-layout-flow\" style=\"flex-basis:95%\">\n<h4 class=\"wp-block-heading\">Controla las integraciones de registro de sesi\u00f3n \u00fanico<\/h4>\n\n\n\n<p>Crea, configura, revisa y administra configuraciones para integraciones de inicio de sesi\u00f3n \u00fanico (SSO) de aplicaciones.<\/p>\n<\/div>\n<\/div>\n\n\n\n<div class=\"wp-block-columns list-item is-layout-flex wp-container-core-columns-is-layout-9d6595d7 wp-block-columns-is-layout-flex\">\n<div class=\"wp-block-column is-layout-flow wp-block-column-is-layout-flow\" style=\"flex-basis:5%\">\n<figure class=\"wp-block-image size-large\"><img decoding=\"async\" src=\"https:\/\/www.bio-key.com\/wp-content\/uploads\/2020\/10\/authentication-factors-icon-7.svg\" alt=\"\" class=\"wp-image-12065\"><\/figure>\n<\/div>\n\n\n\n<div class=\"wp-block-column is-layout-flow wp-block-column-is-layout-flow\" style=\"flex-basis:95%\">\n<h4 class=\"wp-block-heading\">Configura pol\u00edticas de seguridad<\/h4>\n\n\n\n<p>Configura pol\u00edticas para el grupo, la unidad organizativa o el usuario individual para aplicar la seguridad y configure los m\u00e9todos de autenticaci\u00f3n, las reglas de complejidad de la contrase\u00f1a y otras capacidades que afectar\u00e1n la experiencia de inicio de sesi\u00f3n del usuario.<\/p>\n<\/div>\n<\/div>\n\n\n\n<div class=\"wp-block-columns list-item is-layout-flex wp-container-core-columns-is-layout-9d6595d7 wp-block-columns-is-layout-flex\">\n<div class=\"wp-block-column is-layout-flow wp-block-column-is-layout-flow\" style=\"flex-basis:5%\">\n<figure class=\"wp-block-image size-full\"><img loading=\"lazy\" decoding=\"async\" width=\"40\" height=\"40\" src=\"https:\/\/www.bio-key.com\/wp-content\/uploads\/2021\/11\/Reporting-and-Auditing.png\" alt=\"\" class=\"wp-image-13974\"><\/figure>\n<\/div>\n\n\n\n<div class=\"wp-block-column is-layout-flow wp-block-column-is-layout-flow\" style=\"flex-basis:95%\">\n<h4 class=\"wp-block-heading\">Acceso r\u00e1pido a informes y auditor\u00eda<\/h4>\n\n\n\n<p>Para garantizar el cumplimiento continuo, prot\u00e9gete contra el acceso no autorizado al sistema y resuelve los problemas de inicio de sesi\u00f3n dentro de la empresa.<\/p>\n<\/div>\n<\/div>\n\n\n\n<div class=\"wp-block-columns list-item is-layout-flex wp-container-core-columns-is-layout-9d6595d7 wp-block-columns-is-layout-flex\">\n<div class=\"wp-block-column is-layout-flow wp-block-column-is-layout-flow\" style=\"flex-basis:5%\">\n<figure class=\"wp-block-image size-full\"><img loading=\"lazy\" decoding=\"async\" width=\"40\" height=\"40\" src=\"https:\/\/www.bio-key.com\/wp-content\/uploads\/2021\/11\/Browser.png\" alt=\"\" class=\"wp-image-13973\"><\/figure>\n<\/div>\n\n\n\n<div class=\"wp-block-column is-layout-flow wp-block-column-is-layout-flow\" style=\"flex-basis:95%\">\n<h4 class=\"wp-block-heading\">Acceso al navegador<\/h4>\n\n\n\n<p>Se puede acceder al panel de administraci\u00f3n desde cualquier navegador web en cualquier dispositivo, ordenador de escritorio o m\u00f3vil.<\/p>\n<\/div>\n<\/div>\n\n\n\n<div class=\"wp-block-columns list-item is-layout-flex wp-container-core-columns-is-layout-9d6595d7 wp-block-columns-is-layout-flex\">\n<div class=\"wp-block-column is-layout-flow wp-block-column-is-layout-flow\" style=\"flex-basis:5%\">\n<figure class=\"wp-block-image size-large\"><img decoding=\"async\" src=\"https:\/\/www.bio-key.com\/wp-content\/uploads\/2020\/10\/authentication-factors-icon-2.svg\" alt=\"\" class=\"wp-image-12070\"><\/figure>\n<\/div>\n\n\n\n<div class=\"wp-block-column is-layout-flow wp-block-column-is-layout-flow\" style=\"flex-basis:95%\">\n<h4 class=\"wp-block-heading\">Obtener apoyo<\/h4>\n\n\n\n<p>Crea tickets de soporte para interactuar r\u00e1pidamente con nuestro equipo de pymes para responder tus preguntas y asegurarse que PortalGuard est\u00e1 configurado correctamente.<\/p>\n<\/div>\n<\/div>\n","protected":false},"excerpt":{"rendered":"<p>La administraci\u00f3n IAM no tiene por qu\u00e9 ser complicada Desarrollar e implementar una estrategia de Administraci\u00f3n de Accesos e Identidades (IAM) ya es bastante desafiante. Si integrar, configurar, gestionar y utilizar tus soluciones IAM es una carga para ti y tus usuarios de TI, es hora de cambiar. Cuando las tareas sencillas se vuelven dif\u00edciles [&hellip;]<\/p>\n","protected":false},"author":14,"featured_media":15969,"parent":16173,"menu_order":0,"comment_status":"closed","ping_status":"closed","template":"tpl-products.php","meta":{"_acf_changed":false,"content-type":"","inline_featured_image":false,"footnotes":""},"class_list":["post-16226","page","type-page","status-publish","has-post-thumbnail","hentry"],"acf":[],"aioseo_notices":[],"featured_image_src":"https:\/\/www.bio-key.com\/wp-content\/uploads\/2021\/12\/admin-panel-banner-v4.jpg?wsr","_links":{"self":[{"href":"https:\/\/www.bio-key.com\/es\/wp-json\/wp\/v2\/pages\/16226","targetHints":{"allow":["GET"]}}],"collection":[{"href":"https:\/\/www.bio-key.com\/es\/wp-json\/wp\/v2\/pages"}],"about":[{"href":"https:\/\/www.bio-key.com\/es\/wp-json\/wp\/v2\/types\/page"}],"author":[{"embeddable":true,"href":"https:\/\/www.bio-key.com\/es\/wp-json\/wp\/v2\/users\/14"}],"replies":[{"embeddable":true,"href":"https:\/\/www.bio-key.com\/es\/wp-json\/wp\/v2\/comments?post=16226"}],"version-history":[{"count":0,"href":"https:\/\/www.bio-key.com\/es\/wp-json\/wp\/v2\/pages\/16226\/revisions"}],"up":[{"embeddable":true,"href":"https:\/\/www.bio-key.com\/es\/wp-json\/wp\/v2\/pages\/16173"}],"wp:featuredmedia":[{"embeddable":true,"href":"https:\/\/www.bio-key.com\/es\/wp-json\/wp\/v2\/media\/15969"}],"wp:attachment":[{"href":"https:\/\/www.bio-key.com\/es\/wp-json\/wp\/v2\/media?parent=16226"}],"curies":[{"name":"wp","href":"https:\/\/api.w.org\/{rel}","templated":true}]}}