{"id":16227,"date":"2020-11-17T18:35:46","date_gmt":"2020-11-17T18:35:46","guid":{"rendered":"https:\/\/www.bio-key.com\/liderazgo\/conoce-a-mira-lacous\/"},"modified":"2023-02-15T16:58:04","modified_gmt":"2023-02-15T16:58:04","slug":"conoce-a-mira-lacous","status":"publish","type":"page","link":"https:\/\/www.bio-key.com\/es\/liderazgo\/conoce-a-mira-lacous\/","title":{"rendered":"Conoce a: Mira LaCous"},"content":{"rendered":"\n<figure class=\"wp-block-image size-large\"><img loading=\"lazy\" decoding=\"async\" width=\"235\" height=\"235\" src=\"https:\/\/www.bio-key.com\/wp-content\/uploads\/2020\/10\/Mira-resized.jpg\" alt=\"mira lacous\" class=\"wp-image-12518\" srcset=\"https:\/\/www.bio-key.com\/wp-content\/uploads\/2020\/10\/Mira-resized.jpg 235w, https:\/\/www.bio-key.com\/wp-content\/uploads\/2020\/10\/Mira-resized-150x150.jpg 150w\" sizes=\"auto, (max-width: 235px) 100vw, 235px\" \/><\/figure>\n\n\n\n<p>La directora de tecnolog\u00eda de BIO-key International, Mira LaCous, tiene casi 30 a\u00f1os de experiencia en desarrollo de soluciones, gesti\u00f3n de proyectos\/productos y liderazgo empresarial, incluidos m\u00e1s de 20 a\u00f1os en su cargo actual. La Sra. LaCous ha dirigido y gestionado equipos de desarrollo de software y gesti\u00f3n de productos durante su carrera. Mira ha introducido con \u00e9xito en el mercado una serie de tecnolog\u00edas emergentes innovadoras que incluyen sistemas de respuesta de voz automatizados, sistemas de control de edificios, protecci\u00f3n contra pirater\u00eda de software, materiales de capacitaci\u00f3n de intranet y pruebas de seguridad, software de dise\u00f1o y dise\u00f1o de p\u00e1ginas gr\u00e1ficas, software y sistemas de escaneo, seguridad de autenticaci\u00f3n, algoritmos biom\u00e9tricos, soluciones de seguridad escalables y m\u00e1s. La Sra. LaCous tambi\u00e9n es autora de seis tecnolog\u00edas patentadas en EE. UU., y la mayor\u00eda tiene muchas contrapartes internacionales. Tambi\u00e9n se ha desempe\u00f1ado como funcionaria o directora de tres empresas: National Computer Systems (NCS), TEL-Line Systems y BIO-key International. La Sra. LaCous tiene una Licenciatura en Ciencias de la Computaci\u00f3n y Matem\u00e1ticas de la Universidad Estatal de Dakota del Norte.<\/p>\n","protected":false},"excerpt":{"rendered":"<p>La directora de tecnolog\u00eda de BIO-key International, Mira LaCous, tiene casi 30 a\u00f1os de experiencia en desarrollo de soluciones, gesti\u00f3n de proyectos\/productos y liderazgo empresarial, incluidos m\u00e1s de 20 a\u00f1os en su cargo actual. La Sra. LaCous ha dirigido y gestionado equipos de desarrollo de software y gesti\u00f3n de productos durante su carrera. Mira ha [&hellip;]<\/p>\n","protected":false},"author":14,"featured_media":0,"parent":16193,"menu_order":7,"comment_status":"closed","ping_status":"closed","template":"tpl-about.php","meta":{"_acf_changed":false,"content-type":"","inline_featured_image":false,"footnotes":""},"class_list":["post-16227","page","type-page","status-publish","hentry"],"acf":[],"aioseo_notices":[],"featured_image_src":null,"_links":{"self":[{"href":"https:\/\/www.bio-key.com\/es\/wp-json\/wp\/v2\/pages\/16227","targetHints":{"allow":["GET"]}}],"collection":[{"href":"https:\/\/www.bio-key.com\/es\/wp-json\/wp\/v2\/pages"}],"about":[{"href":"https:\/\/www.bio-key.com\/es\/wp-json\/wp\/v2\/types\/page"}],"author":[{"embeddable":true,"href":"https:\/\/www.bio-key.com\/es\/wp-json\/wp\/v2\/users\/14"}],"replies":[{"embeddable":true,"href":"https:\/\/www.bio-key.com\/es\/wp-json\/wp\/v2\/comments?post=16227"}],"version-history":[{"count":0,"href":"https:\/\/www.bio-key.com\/es\/wp-json\/wp\/v2\/pages\/16227\/revisions"}],"up":[{"embeddable":true,"href":"https:\/\/www.bio-key.com\/es\/wp-json\/wp\/v2\/pages\/16193"}],"wp:attachment":[{"href":"https:\/\/www.bio-key.com\/es\/wp-json\/wp\/v2\/media?parent=16227"}],"curies":[{"name":"wp","href":"https:\/\/api.w.org\/{rel}","templated":true}]}}