{"id":16229,"date":"2020-11-17T18:33:41","date_gmt":"2020-11-17T18:33:41","guid":{"rendered":"https:\/\/www.bio-key.com\/liderazgo\/conoce-a-jim-sullivan\/"},"modified":"2023-02-15T16:55:54","modified_gmt":"2023-02-15T16:55:54","slug":"conoce-a-jim-sullivan","status":"publish","type":"page","link":"https:\/\/www.bio-key.com\/es\/liderazgo\/conoce-a-jim-sullivan\/","title":{"rendered":"Conoce a: Jim Sullivan"},"content":{"rendered":"\n<figure class=\"wp-block-image size-large\"><img loading=\"lazy\" decoding=\"async\" width=\"235\" height=\"235\" src=\"https:\/\/www.bio-key.com\/wp-content\/uploads\/2020\/11\/jim235-2.jpg\" alt=\"\" class=\"wp-image-12830\" srcset=\"https:\/\/www.bio-key.com\/wp-content\/uploads\/2020\/11\/jim235-2.jpg 235w, https:\/\/www.bio-key.com\/wp-content\/uploads\/2020\/11\/jim235-2-150x150.jpg 150w\" sizes=\"auto, (max-width: 235px) 100vw, 235px\" \/><\/figure>\n\n\n\n<p>Jim Sullivan es VP s\u00e9nior de estrategia y cumplimiento y director jur\u00eddico de BIO-key. Jim es un experto reconocido y orador frecuente sobre identidad biom\u00e9trica, leyes de privacidad y seguridad para aplicaciones empresariales y de consumo. En m\u00e1s de 18 a\u00f1os en BIO-key, Jim ha trabajado directamente con docenas de clientes conocidos de BIO-key en proyectos de gesti\u00f3n de identidad centrados en la biometr\u00eda a gran escala que interact\u00faan diariamente con millones de usuarios corporativos y de consumo. Jim recibi\u00f3 su Doctorado en Jurisprudencia con honores de la Facultad de Derecho de la Universidad Estatal de Georgia, un t\u00edtulo en Ciencias de la Computaci\u00f3n de la Universidad de Brown y es miembro del Colegio de Abogados de Georgia. Jim tiene 30 a\u00f1os de experiencia en proyectos e implementaci\u00f3n de IT, 20 de ellos trabajando directamente con soluciones de gesti\u00f3n de identidad en BIO-key, Computer Associates, Platinum Technology y Memco Software.<br>\u200b<\/p>\n","protected":false},"excerpt":{"rendered":"<p>Jim Sullivan es VP s\u00e9nior de estrategia y cumplimiento y director jur\u00eddico de BIO-key. Jim es un experto reconocido y orador frecuente sobre identidad biom\u00e9trica, leyes de privacidad y seguridad para aplicaciones empresariales y de consumo. En m\u00e1s de 18 a\u00f1os en BIO-key, Jim ha trabajado directamente con docenas de clientes conocidos de BIO-key en [&hellip;]<\/p>\n","protected":false},"author":14,"featured_media":0,"parent":16193,"menu_order":6,"comment_status":"closed","ping_status":"closed","template":"tpl-about.php","meta":{"_acf_changed":false,"content-type":"","inline_featured_image":false,"footnotes":""},"class_list":["post-16229","page","type-page","status-publish","hentry"],"acf":[],"aioseo_notices":[],"featured_image_src":null,"_links":{"self":[{"href":"https:\/\/www.bio-key.com\/es\/wp-json\/wp\/v2\/pages\/16229","targetHints":{"allow":["GET"]}}],"collection":[{"href":"https:\/\/www.bio-key.com\/es\/wp-json\/wp\/v2\/pages"}],"about":[{"href":"https:\/\/www.bio-key.com\/es\/wp-json\/wp\/v2\/types\/page"}],"author":[{"embeddable":true,"href":"https:\/\/www.bio-key.com\/es\/wp-json\/wp\/v2\/users\/14"}],"replies":[{"embeddable":true,"href":"https:\/\/www.bio-key.com\/es\/wp-json\/wp\/v2\/comments?post=16229"}],"version-history":[{"count":0,"href":"https:\/\/www.bio-key.com\/es\/wp-json\/wp\/v2\/pages\/16229\/revisions"}],"up":[{"embeddable":true,"href":"https:\/\/www.bio-key.com\/es\/wp-json\/wp\/v2\/pages\/16193"}],"wp:attachment":[{"href":"https:\/\/www.bio-key.com\/es\/wp-json\/wp\/v2\/media?parent=16229"}],"curies":[{"name":"wp","href":"https:\/\/api.w.org\/{rel}","templated":true}]}}