{"id":16247,"date":"2020-11-17T18:34:27","date_gmt":"2020-11-17T18:34:27","guid":{"rendered":"https:\/\/www.bio-key.com\/liderazgo\/conoce-a-michael-w-depasquale\/"},"modified":"2023-02-15T16:57:12","modified_gmt":"2023-02-15T16:57:12","slug":"conoce-a-michael-w-depasquale","status":"publish","type":"page","link":"https:\/\/www.bio-key.com\/es\/liderazgo\/conoce-a-michael-w-depasquale\/","title":{"rendered":"Conoce a: Michael W. DePasquale"},"content":{"rendered":"\n<figure class=\"wp-block-image size-large\"><img loading=\"lazy\" decoding=\"async\" width=\"235\" height=\"235\" src=\"https:\/\/www.bio-key.com\/wp-content\/uploads\/2020\/11\/Mike235-3.jpg\" alt=\"\" class=\"wp-image-12893\" srcset=\"https:\/\/www.bio-key.com\/wp-content\/uploads\/2020\/11\/Mike235-3.jpg 235w, https:\/\/www.bio-key.com\/wp-content\/uploads\/2020\/11\/Mike235-3-150x150.jpg 150w\" sizes=\"auto, (max-width: 235px) 100vw, 235px\" \/><\/figure>\n\n\n\n<p>Michael W. DePasquale se desempe\u00f1a como presidente y director ejecutivo de BIO-key International, empresa desarrolladora de soluciones de seguridad biom\u00e9trica avanzada con sede en Nueva Jersey. Mike fue nombrado Presidente de la compa\u00f1\u00eda en febrero de 2014 y se ha desempe\u00f1ado como director ejecutivo desde enero de 2003.<\/p>\n\n\n\n<p>Mike aporta a la empresa m\u00e1s de 25 a\u00f1os de amplia experiencia en gesti\u00f3n ejecutiva, ventas y marketing. Antes de unirse a BIO-key, se desempe\u00f1\u00f3 como presidente y director ejecutivo de Prism eSolutions, Inc., un proveedor con sede en Pensilvania de servicios de consultor\u00eda profesional y soluciones en l\u00ednea para la certificaci\u00f3n ISO-9001\/14000 que atiende a clientes en manufactura, atenci\u00f3n m\u00e9dica y gobierno. Desde diciembre de 1999 hasta diciembre de 2000, Mike se desempe\u00f1\u00f3 como vicepresidente de grupo de WRC Media, un distribuidor de software y productos educativos complementarios con sede en Nueva York. Desde enero de 1996 hasta diciembre de 1999, fue vicepresidente s\u00e9nior de Jostens Learning Corporation, un proveedor de curr\u00edculo multimedia con sede en California que fue adquirido por WRC Media.<\/p>\n\n\n\n<p>Antes de Jostens, Mike ocup\u00f3 puestos de gesti\u00f3n de ventas y marketing en McGraw-Hill y Digital Equipment Corporation. Mike obtuvo una licenciatura en Ciencias del Instituto de Tecnolog\u00eda de Nueva Jersey y se ha desempe\u00f1ado en varias organizaciones sin fines de lucro, as\u00ed como en la Junta Directiva de varias empresas privadas. Actualmente, Mike es VP y miembro de la junta directiva de una de las organizaciones l\u00edderes en defensa de la biometr\u00eda, la Asociaci\u00f3n Internacional de la Industria de Identificaci\u00f3n y Biometr\u00eda.<\/p>\n","protected":false},"excerpt":{"rendered":"<p>Michael W. DePasquale se desempe\u00f1a como presidente y director ejecutivo de BIO-key International, empresa desarrolladora de soluciones de seguridad biom\u00e9trica avanzada con sede en Nueva Jersey. Mike fue nombrado Presidente de la compa\u00f1\u00eda en febrero de 2014 y se ha desempe\u00f1ado como director ejecutivo desde enero de 2003. Mike aporta a la empresa m\u00e1s de [&hellip;]<\/p>\n","protected":false},"author":14,"featured_media":0,"parent":16193,"menu_order":1,"comment_status":"closed","ping_status":"closed","template":"tpl-about.php","meta":{"_acf_changed":false,"content-type":"","inline_featured_image":false,"footnotes":""},"class_list":["post-16247","page","type-page","status-publish","hentry"],"acf":[],"aioseo_notices":[],"featured_image_src":null,"_links":{"self":[{"href":"https:\/\/www.bio-key.com\/es\/wp-json\/wp\/v2\/pages\/16247","targetHints":{"allow":["GET"]}}],"collection":[{"href":"https:\/\/www.bio-key.com\/es\/wp-json\/wp\/v2\/pages"}],"about":[{"href":"https:\/\/www.bio-key.com\/es\/wp-json\/wp\/v2\/types\/page"}],"author":[{"embeddable":true,"href":"https:\/\/www.bio-key.com\/es\/wp-json\/wp\/v2\/users\/14"}],"replies":[{"embeddable":true,"href":"https:\/\/www.bio-key.com\/es\/wp-json\/wp\/v2\/comments?post=16247"}],"version-history":[{"count":0,"href":"https:\/\/www.bio-key.com\/es\/wp-json\/wp\/v2\/pages\/16247\/revisions"}],"up":[{"embeddable":true,"href":"https:\/\/www.bio-key.com\/es\/wp-json\/wp\/v2\/pages\/16193"}],"wp:attachment":[{"href":"https:\/\/www.bio-key.com\/es\/wp-json\/wp\/v2\/media?parent=16247"}],"curies":[{"name":"wp","href":"https:\/\/api.w.org\/{rel}","templated":true}]}}