{"id":16250,"date":"2020-11-17T18:34:31","date_gmt":"2020-11-17T18:34:31","guid":{"rendered":"https:\/\/www.bio-key.com\/liderazgo\/conoce-a-fred-corsentino\/"},"modified":"2023-02-15T16:54:21","modified_gmt":"2023-02-15T16:54:21","slug":"conoce-a-fred-corsentino","status":"publish","type":"page","link":"https:\/\/www.bio-key.com\/es\/liderazgo\/conoce-a-fred-corsentino\/","title":{"rendered":"Conoce a: Fred Corsentino"},"content":{"rendered":"\n<figure class=\"wp-block-image size-large\"><img loading=\"lazy\" decoding=\"async\" width=\"235\" height=\"235\" src=\"https:\/\/www.bio-key.com\/wp-content\/uploads\/2020\/10\/Fred-235.jpg\" alt=\"\" class=\"wp-image-12762\" srcset=\"https:\/\/www.bio-key.com\/wp-content\/uploads\/2020\/10\/Fred-235.jpg 235w, https:\/\/www.bio-key.com\/wp-content\/uploads\/2020\/10\/Fred-235-150x150.jpg 150w\" sizes=\"auto, (max-width: 235px) 100vw, 235px\" \/><\/figure>\n\n\n\n<p>Fred Corsentino es responsable de refinar y enfocar las funciones de desarrollo comercial, ventas y marketing integrado de BIO-key para optimizar el crecimiento de los ingresos a partir de su s\u00f3lida base de soluciones biom\u00e9tricas de software y hardware. Tiene d\u00e9cadas de experiencia en liderazgo de ventas y un s\u00f3lido historial de crecimiento de los ingresos, con un \u00e9nfasis particular en las tecnolog\u00edas emergentes, incluida la seguridad.<\/p>\n\n\n\n<p>El Sr. Corsentino lanz\u00f3 una pr\u00e1ctica de consultor\u00eda que asesora a empresas de investigaci\u00f3n y tecnolog\u00eda de seguridad e informaci\u00f3n sobre estrategias de mercado para aumentar las perspectivas de ventas e impulsar el crecimiento de los ingresos. Tambi\u00e9n se desempe\u00f1\u00f3 recientemente como director de ingresos en Comodo, un proveedor de seguridad cibern\u00e9tica, donde dirigi\u00f3 el equipo de ventas y lanz\u00f3 con \u00e9xito una nueva l\u00ednea de productos de seguridad inform\u00e1tica en la nube y protecci\u00f3n de punto final.<\/p>\n\n\n\n<p>De 2005 a 2007 lider\u00f3 las ventas en Meru Networks, una empresa de redes Wi-Fi, aumentando los ingresos mundiales de $1 mill\u00f3n a $40 millones en dos a\u00f1os. Esta trayectoria de ventas ayud\u00f3 a allanar el camino para la salida a bolsa de la empresa y la empresa fue adquirida por Fortinet en 2015.<\/p>\n\n\n\n<p>Anteriormente, el Sr. Corsentino dirigi\u00f3 la estrategia de ventas mundial de Proxim wireless, un proveedor de telecomunicaciones de banda ancha Western Multiplex. Bajo su liderazgo, los ingresos de Western Multiplex crecieron de $35 millones a $105 millones durante su primer a\u00f1o y la empresa se hizo p\u00fablica en 2000. Tambi\u00e9n lider\u00f3 el cambio de rumbo de una empresa de productos de redes de comunicaciones, aumentando las ventas en un 250 % a $32 millones en tres a\u00f1os.<\/p>\n\n\n\n<p>El Sr. Corsentino obtuvo su B.S. Licenciado en Econom\u00eda \u2013 cum laude del Instituto de Tecnolog\u00eda de Nueva York y un MBA de la Universidad de Columbia, donde fue miembro de la Sociedad de Honor Beta Gamma Sigma para graduados de la Escuela de Negocios.<\/p>\n","protected":false},"excerpt":{"rendered":"<p>Fred Corsentino es responsable de refinar y enfocar las funciones de desarrollo comercial, ventas y marketing integrado de BIO-key para optimizar el crecimiento de los ingresos a partir de su s\u00f3lida base de soluciones biom\u00e9tricas de software y hardware. Tiene d\u00e9cadas de experiencia en liderazgo de ventas y un s\u00f3lido historial de crecimiento de los [&hellip;]<\/p>\n","protected":false},"author":14,"featured_media":0,"parent":16193,"menu_order":2,"comment_status":"closed","ping_status":"closed","template":"tpl-about.php","meta":{"_acf_changed":false,"content-type":"","inline_featured_image":false,"footnotes":""},"class_list":["post-16250","page","type-page","status-publish","hentry"],"acf":[],"aioseo_notices":[],"featured_image_src":null,"_links":{"self":[{"href":"https:\/\/www.bio-key.com\/es\/wp-json\/wp\/v2\/pages\/16250","targetHints":{"allow":["GET"]}}],"collection":[{"href":"https:\/\/www.bio-key.com\/es\/wp-json\/wp\/v2\/pages"}],"about":[{"href":"https:\/\/www.bio-key.com\/es\/wp-json\/wp\/v2\/types\/page"}],"author":[{"embeddable":true,"href":"https:\/\/www.bio-key.com\/es\/wp-json\/wp\/v2\/users\/14"}],"replies":[{"embeddable":true,"href":"https:\/\/www.bio-key.com\/es\/wp-json\/wp\/v2\/comments?post=16250"}],"version-history":[{"count":0,"href":"https:\/\/www.bio-key.com\/es\/wp-json\/wp\/v2\/pages\/16250\/revisions"}],"up":[{"embeddable":true,"href":"https:\/\/www.bio-key.com\/es\/wp-json\/wp\/v2\/pages\/16193"}],"wp:attachment":[{"href":"https:\/\/www.bio-key.com\/es\/wp-json\/wp\/v2\/media?parent=16250"}],"curies":[{"name":"wp","href":"https:\/\/api.w.org\/{rel}","templated":true}]}}