{"id":16270,"date":"2020-10-27T21:22:01","date_gmt":"2020-10-27T21:22:01","guid":{"rendered":"https:\/\/www.bio-key.com\/escaneres-de-huellas-dactilares\/sidepass\/"},"modified":"2025-08-22T14:48:54","modified_gmt":"2025-08-22T14:48:54","slug":"sidepass","status":"publish","type":"page","link":"https:\/\/www.bio-key.com\/es\/escaneres-de-huellas-dactilares\/sidepass\/","title":{"rendered":"SidePass"},"content":{"rendered":"\n<h2 class=\"wp-block-heading\">Un lector de huellas dactilares USB compacto y asequible para mejorar la seguridad y el flujo de trabajo<\/h2>\n\n\n\n<figure class=\"wp-block-image size-large is-style-rounded\"><img loading=\"lazy\" decoding=\"async\" width=\"744\" height=\"55\" src=\"https:\/\/www.bio-key.com\/wp-content\/uploads\/2021\/03\/blue-banner-3-cropped.jpg\" alt=\"\" class=\"wp-image-13112\" srcset=\"https:\/\/www.bio-key.com\/wp-content\/uploads\/2021\/03\/blue-banner-3-cropped.jpg 744w, https:\/\/www.bio-key.com\/wp-content\/uploads\/2021\/03\/blue-banner-3-cropped-300x22.jpg 300w\" sizes=\"auto, (max-width: 744px) 100vw, 744px\" \/><\/figure>\n\n\n\n<div class=\"wp-block-columns is-layout-flex wp-container-core-columns-is-layout-9d6595d7 wp-block-columns-is-layout-flex\">\n<div class=\"wp-block-column is-layout-flow wp-block-column-is-layout-flow\">\n<figure class=\"wp-block-image size-medium is-style-rounded\"><img loading=\"lazy\" decoding=\"async\" width=\"300\" height=\"184\" src=\"https:\/\/www.bio-key.com\/wp-content\/uploads\/2020\/10\/sidepass_bannerimg-e1603417482660-edited-300x184.png\" alt=\"BIO-llave SidePass\" class=\"wp-image-12465\" srcset=\"https:\/\/www.bio-key.com\/wp-content\/uploads\/2020\/10\/sidepass_bannerimg-e1603417482660-edited-300x184.png 300w, https:\/\/www.bio-key.com\/wp-content\/uploads\/2020\/10\/sidepass_bannerimg-e1603417482660-edited.png 518w\" sizes=\"auto, (max-width: 300px) 100vw, 300px\" \/><\/figure>\n<\/div>\n\n\n\n<div class=\"wp-block-column is-layout-flow wp-block-column-is-layout-flow\">\n<p>SidePass es un lector de huellas dactilares USB externo dise\u00f1ado para satisfacer los requisitos de hardware de las organizaciones que desean integrar la autenticaci\u00f3n biom\u00e9trica de huellas dactilares en sus procesos de inicio de sesi\u00f3n. Su construcci\u00f3n de alta calidad y su tama\u00f1o compacto lo convierten en una soluci\u00f3n fiable y pr\u00e1ctica para aumentar la seguridad y mejorar al mismo tiempo la eficacia del flujo de trabajo, superando a los m\u00e9todos de inicio de sesi\u00f3n m\u00e1s lentos y menos seguros.   <\/p>\n<\/div>\n<\/div>\n\n\n\n<p>Una de las caracter\u00edsticas destacadas de SidePass es su compatibilidad sin fisuras con el sistema operativo Windows 10 de Microsoft. Al aprovechar las plataformas de inicio de sesi\u00f3n biom\u00e9trico integradas de Microsoft, Windows Hello y Passport, los clientes pueden incorporar f\u00e1cilmente SidePass a sus sistemas actuales sin necesidad de costosas actualizaciones de hardware ni complejas instalaciones. SidePass es uno de los pocos dispositivos lectores de huellas dactilares USB externos disponibles en la actualidad que ha superado con \u00e9xito el riguroso proceso de calificaci\u00f3n de pruebas de precisi\u00f3n y seguridad de Microsoft, y lleva con orgullo la marca Microsoft Hello-Ready.    <\/p>\n\n\n\n<p>M\u00e1s all\u00e1 de su compatibilidad con Windows 10, SidePass ofrece capacidades de integraci\u00f3n adicionales a trav\u00e9s de <a href=\"https:\/\/www.bio-key.com\/portalguard\/\" target=\"_blank\" rel=\"noreferrer noopener\">la soluci\u00f3n PortalGuard de BIO-key<\/a>. Puede integrarse perfectamente con Active Directory y los servicios en la nube de Azure, permitiendo la creaci\u00f3n de un potente ecosistema de identidad federada. Al ofrecer una autenticaci\u00f3n r\u00e1pida y c\u00f3moda, SidePass elimina la necesidad de engorrosas contrase\u00f1as, aprovechando la sencillez y el significado de un toque.  &nbsp;<\/p>\n\n\n\n<p><em>*Ten en cuenta que este producto no es compatible con los productos Apple.  <\/em><\/p>\n\n\n\n<p><\/p>\n\n\n\n<div class=\"wp-block-group has-t-3-shark-background-color has-background\"><div class=\"wp-block-group__inner-container is-layout-flow wp-block-group-is-layout-flow\">\n<h3 class=\"wp-block-heading\">Caracter\u00edsticas y ventajas principales<\/h3>\n\n\n\n<ul class=\"wp-block-list\">\n<li><strong>Compatibilidad con Windows 10:<\/strong> SidePass se integra perfectamente con tabletas y port\u00e1tiles con Windows 10, garantizando una experiencia de usuario sin problemas.  <\/li>\n\n\n\n<li><strong>Inicio de sesi\u00f3n biom\u00e9trico por huella dactilar<\/strong>: SidePass permite a los usuarios aprovechar la potencia de Windows Hello y Windows Hello for Business, proporcionando un m\u00e9todo de autenticaci\u00f3n seguro y c\u00f3modo basado en la huella dactilar.  <\/li>\n\n\n\n<li><strong>Calificado por Microsoft:<\/strong> SidePass ha sido sometido a rigurosas pruebas y ha sido cualificado por Microsoft para Windows Hello, lo que garantiza a los usuarios su fiabilidad, precisi\u00f3n y seguridad.  <\/li>\n\n\n\n<li><strong>Autenticador FIDO2: <\/strong>Al utilizar SidePass, los usuarios pueden habilitar Windows Hello como Autenticador FIDO2, mejorando la seguridad general de su proceso de autenticaci\u00f3n.  <\/li>\n\n\n\n<li><strong>Dise\u00f1o inal\u00e1mbrico y compacto:<\/strong> Con su dise\u00f1o inal\u00e1mbrico y compacto, SidePass ofrece portabilidad y facilidad de uso, lo que lo hace adecuado para las necesidades cotidianas de autenticaci\u00f3n.  <\/li>\n\n\n\n<li><strong>Alternativa rentable: <\/strong>SidePass proporciona una alternativa rentable a los caros dispositivos lectores de huellas dactilares, lo que lo hace accesible a una amplia gama de clientes y organizaciones.  <\/li>\n\n\n\n<li><strong>Integraci\u00f3n con BIO-key PortalGuard:<\/strong> SidePass funciona con <a href=\"https:\/\/www.bio-key.com\/portalguard\/\" target=\"_blank\" rel=\"noreferrer noopener\">BIO-key PortalGuard<\/a>, una soluci\u00f3n integral de gesti\u00f3n de identidades y accesos, que mejora a\u00fan m\u00e1s las opciones de seguridad y autenticaci\u00f3n.<\/li>\n<\/ul>\n<\/div><\/div>\n\n\n\n<h3 class=\"wp-block-heading\">Especificaciones del producto<\/h3>\n\n\n\n<ul class=\"wp-block-list\">\n<li><strong>\u00c1rea de captura del sensor<\/strong>: 7.8mm X 7.8mm&nbsp;<\/li>\n\n\n\n<li><strong>Resoluci\u00f3n de imagen<\/strong>: 113 x 115 pixels\/373 DPI&nbsp;<\/li>\n\n\n\n<li><strong>Consumo de energ\u00eda durante la generaci\u00f3n de im\u00e1genes<\/strong>: &lt;25 mA at 5 to 5.5 volts&nbsp;<\/li>\n\n\n\n<li><strong>Opciones de conexi\u00f3n<\/strong>: USB 2.0 &#8211; Type A and C<\/li>\n<\/ul>\n\n\n\n<hr class=\"wp-block-separator has-text-color has-t-3-shark-color has-css-opacity has-t-3-shark-background-color has-background\">\n\n\n\n<div class=\"wp-block-columns is-layout-flex wp-container-core-columns-is-layout-9d6595d7 wp-block-columns-is-layout-flex\">\n<div class=\"wp-block-column is-layout-flow wp-block-column-is-layout-flow\">\n<div class=\"wp-block-buttons is-horizontal is-content-justification-center is-layout-flex wp-container-core-buttons-is-layout-499968f5 wp-block-buttons-is-layout-flex\">\n<div class=\"wp-block-button is-style-outline is-style-outline--1\"><a class=\"wp-block-button__link has-alizarincrimson-color has-text-color wp-element-button\" href=\"https:\/\/www.bio-key.com\/support\/\">\u00bfNecesitas ayuda?<\/a><\/div>\n<\/div>\n<\/div>\n\n\n\n<div class=\"wp-block-column is-layout-flow wp-block-column-is-layout-flow\"><\/div>\n<\/div>\n\n\n\n<hr class=\"wp-block-separator has-text-color has-t-3-shark-color has-css-opacity has-t-3-shark-background-color has-background\">\n\n\n\n<figure class=\"wp-block-pullquote has-alizarincrimson-color has-text-color\"><blockquote><p>ESC\u00c1NER MUY PRECISO Y R\u00c1PIDO. FUNCIONA MUY BIEN CON WINDOWS 10 HELLO. CONFIGURACI\u00d3N F\u00c1CIL, TOMA UN PAR DE MINUTOS ESCANEAR EL DEDO EN LA BASE DE DATOS, PERO UNA VEZ QUE EST\u00c1 INICIADO, PUEDE DESBLOQUEAR TU ORDENADOR EN SEGUNDOS DESDE LA PANTALLA DE BLOQUEO. COMPR\u00c9 ESTE PARA VIAJES Y UNO CON CORD\u00d3N PARA CASA.<\/p><\/blockquote><\/figure>\n","protected":false},"excerpt":{"rendered":"<p>Un lector de huellas dactilares USB compacto y asequible para mejorar la seguridad y el flujo de trabajo SidePass es un lector de huellas dactilares USB externo dise\u00f1ado para satisfacer los requisitos de hardware de las organizaciones que desean integrar la autenticaci\u00f3n biom\u00e9trica de huellas dactilares en sus procesos de inicio de sesi\u00f3n. Su construcci\u00f3n [&hellip;]<\/p>\n","protected":false},"author":14,"featured_media":15517,"parent":16166,"menu_order":0,"comment_status":"closed","ping_status":"closed","template":"tpl-products.php","meta":{"_acf_changed":false,"content-type":"","inline_featured_image":false,"footnotes":""},"class_list":["post-16270","page","type-page","status-publish","has-post-thumbnail","hentry"],"acf":[],"aioseo_notices":[],"featured_image_src":"https:\/\/www.bio-key.com\/wp-content\/uploads\/2020\/10\/fingerprint-scanners-to_EDIT-e1603418470337.jpg?wsr","_links":{"self":[{"href":"https:\/\/www.bio-key.com\/es\/wp-json\/wp\/v2\/pages\/16270","targetHints":{"allow":["GET"]}}],"collection":[{"href":"https:\/\/www.bio-key.com\/es\/wp-json\/wp\/v2\/pages"}],"about":[{"href":"https:\/\/www.bio-key.com\/es\/wp-json\/wp\/v2\/types\/page"}],"author":[{"embeddable":true,"href":"https:\/\/www.bio-key.com\/es\/wp-json\/wp\/v2\/users\/14"}],"replies":[{"embeddable":true,"href":"https:\/\/www.bio-key.com\/es\/wp-json\/wp\/v2\/comments?post=16270"}],"version-history":[{"count":0,"href":"https:\/\/www.bio-key.com\/es\/wp-json\/wp\/v2\/pages\/16270\/revisions"}],"up":[{"embeddable":true,"href":"https:\/\/www.bio-key.com\/es\/wp-json\/wp\/v2\/pages\/16166"}],"wp:featuredmedia":[{"embeddable":true,"href":"https:\/\/www.bio-key.com\/es\/wp-json\/wp\/v2\/media\/15517"}],"wp:attachment":[{"href":"https:\/\/www.bio-key.com\/es\/wp-json\/wp\/v2\/media?parent=16270"}],"curies":[{"name":"wp","href":"https:\/\/api.w.org\/{rel}","templated":true}]}}