{"id":16275,"date":"2020-10-28T16:29:48","date_gmt":"2020-10-28T16:29:48","guid":{"rendered":"https:\/\/www.bio-key.com\/escaneres-de-huellas-dactilares\/sidetouch\/"},"modified":"2025-08-22T14:48:31","modified_gmt":"2025-08-22T14:48:31","slug":"sidetouch","status":"publish","type":"page","link":"https:\/\/www.bio-key.com\/es\/escaneres-de-huellas-dactilares\/sidetouch\/","title":{"rendered":"SideTouch"},"content":{"rendered":"\n<div class=\"wp-block-columns is-layout-flex wp-container-core-columns-is-layout-9d6595d7 wp-block-columns-is-layout-flex\">\n<div class=\"wp-block-column is-layout-flow wp-block-column-is-layout-flow\"><div class=\"wp-block-image is-style-rounded\">\n<figure class=\"aligncenter size-large is-resized\"><img loading=\"lazy\" decoding=\"async\" width=\"443\" height=\"427\" src=\"https:\/\/www.bio-key.com\/wp-content\/uploads\/2020\/10\/sidetouch_finger.jpg\" alt=\"\" class=\"wp-image-12329\" style=\"width:264px;height:254px\" srcset=\"https:\/\/www.bio-key.com\/wp-content\/uploads\/2020\/10\/sidetouch_finger.jpg 443w, https:\/\/www.bio-key.com\/wp-content\/uploads\/2020\/10\/sidetouch_finger-300x289.jpg 300w\" sizes=\"auto, (max-width: 443px) 100vw, 443px\" \/><\/figure>\n<\/div><\/div>\n\n\n\n<div class=\"wp-block-column is-layout-flow wp-block-column-is-layout-flow\">\n<p><strong>BIO-key&#8217;s SideTouch<\/strong> es un esc\u00e1ner de huellas dactilares USB compacto y de alta calidad que se desarroll\u00f3 para proporcionar a los clientes y empresas una opci\u00f3n asequible para abordar los requisitos de hardware al integrar la autenticaci\u00f3n biom\u00e9trica de huellas dactilares en los procesos de inicio de sesi\u00f3n para mejorar la seguridad y mejorar el flujo de trabajo al reemplazar las se\u00f1ales m\u00e1s lentas y menos seguras.<\/p>\n<\/div>\n<\/div>\n\n\n\n<p>El lector de huellas dactilares USB SideTouch de BIO-key funciona perfectamente con Windows 10 de Microsoft, lo que permite a los clientes utilizar las plataformas de inicio de sesi\u00f3n biom\u00e9trico integradas Windows Hello y Passport de Microsoft. Adem\u00e1s, SideTouch de BIO-key es uno de los \u00fanicos dispositivos de esc\u00e1ner en el mercado actual que ha superado el riguroso proceso de calificaci\u00f3n de pruebas de precisi\u00f3n y seguridad de Microsoft, lo que te permite llevar con orgullo la marca Microsoft Hello-Ready.<\/p>\n\n\n\n<p>SideTouch tambi\u00e9n tiene la capacidad de integrarse con el software BIO-key en Active Directory y los servicios en la nube de Azure para ofrecer un poderoso ecosistema de identidad federada. Al brindar una autenticaci\u00f3n r\u00e1pida y conveniente, este lector de huellas dactilares USB es el reemplazo perfecto para las contrase\u00f1as usando el simple pero significativo \u00abpoder de un toque\u00bb.<\/p>\n\n\n\n<div class=\"wp-block-group has-t-3-shark-background-color has-background\"><div class=\"wp-block-group__inner-container is-layout-flow wp-block-group-is-layout-flow\">\n<h3 class=\"wp-block-heading\">Caracter\u00edsticas y beneficios<\/h3>\n\n\n\n<ul class=\"wp-block-list\">\n<li>Perfecto para tablets y port\u00e1tiles con Windows 10<\/li>\n\n\n\n<li>Probado por Microsoft y calificado para Windows Hello<\/li>\n\n\n\n<li>Inicio de sesi\u00f3n biom\u00e9trico de huellas dactilares para Windows Hello<\/li>\n\n\n\n<li>Dise\u00f1o duradero para uso comercial.<\/li>\n\n\n\n<li>Alternativa rentable frente a lectores caros<\/li>\n\n\n\n<li>Autenticarse en un dispositivo o servidor<\/li>\n\n\n\n<li>Mejora la seguridad y la comodidad en uno<\/li>\n\n\n\n<li>Funciona con autenticaci\u00f3n de clave BIO para Active Directory<\/li>\n<\/ul>\n<\/div><\/div>\n\n\n\n<h3 class=\"wp-block-heading\">Especificaciones del producto<\/h3>\n\n\n\n<p><strong>Embalaje del sensor: <\/strong>Sensor IDEX Eagle II<br><strong>Sensor recomendado: <\/strong>7,8 mm<br><strong>Resoluci\u00f3n de apertura\/\u00e1rea: <\/strong> 113 x 115 p\u00edxeles\/373 PPP<br><strong>Consumo de energ\u00eda de imagen:<\/strong> &lt;25 ma a 5 a 5,5 voltios<br><strong>Comunicaci\u00f3n: <\/strong>USB 2.0 o superior<br><strong>Interfaz: <\/strong>Conforme<\/p>\n\n\n\n<hr class=\"wp-block-separator has-text-color has-t-3-shark-color has-css-opacity has-t-3-shark-background-color has-background\">\n\n\n\n<div class=\"wp-block-columns is-layout-flex wp-container-core-columns-is-layout-9d6595d7 wp-block-columns-is-layout-flex\">\n<div class=\"wp-block-column is-layout-flow wp-block-column-is-layout-flow\">\n<div class=\"wp-block-buttons is-horizontal is-content-justification-center is-layout-flex wp-container-core-buttons-is-layout-499968f5 wp-block-buttons-is-layout-flex\">\n<div class=\"wp-block-button is-style-outline is-style-outline--1\"><a class=\"wp-block-button__link has-alizarincrimson-color has-text-color wp-element-button\" href=\"https:\/\/www.bio-key.com\/support\/\">\u00bfNecesitas ayuda?<\/a><\/div>\n<\/div>\n<\/div>\n\n\n\n<div class=\"wp-block-column is-layout-flow wp-block-column-is-layout-flow\"><\/div>\n<\/div>\n\n\n\n<hr class=\"wp-block-separator has-text-color has-t-3-shark-color has-css-opacity has-t-3-shark-background-color has-background\">\n\n\n\n<figure class=\"wp-block-pullquote has-alizarincrimson-color has-text-color\"><blockquote><p>ESC\u00c1NER MUY PRECISO Y R\u00c1PIDO. FUNCIONA MUY BIEN CON WINDOWS 10 HELLO. CONFIGURACI\u00d3N F\u00c1CIL, TOMA UN PAR DE MINUTOS ESCANEAR EL DEDO EN LA BASE DE DATOS, PERO UNA VEZ QUE EST\u00c1 INICIADO, PUEDE DESBLOQUEAR TU ORDENADOR EN SEGUNDOS DESDE LA PANTALLA DE BLOQUEO. COMPR\u00c9 ESTE PARA VIAJES Y UNO CON CORD\u00d3N PARA CASA.<\/p><\/blockquote><\/figure>\n\n\n\n<p><\/p>\n","protected":false},"excerpt":{"rendered":"<p>BIO-key&#8217;s SideTouch es un esc\u00e1ner de huellas dactilares USB compacto y de alta calidad que se desarroll\u00f3 para proporcionar a los clientes y empresas una opci\u00f3n asequible para abordar los requisitos de hardware al integrar la autenticaci\u00f3n biom\u00e9trica de huellas dactilares en los procesos de inicio de sesi\u00f3n para mejorar la seguridad y mejorar el [&hellip;]<\/p>\n","protected":false},"author":14,"featured_media":15517,"parent":16166,"menu_order":0,"comment_status":"closed","ping_status":"closed","template":"tpl-products.php","meta":{"_acf_changed":false,"content-type":"","inline_featured_image":false,"footnotes":""},"class_list":["post-16275","page","type-page","status-publish","has-post-thumbnail","hentry"],"acf":[],"aioseo_notices":[],"featured_image_src":"https:\/\/www.bio-key.com\/wp-content\/uploads\/2020\/10\/fingerprint-scanners-to_EDIT-e1603418470337.jpg?wsr","_links":{"self":[{"href":"https:\/\/www.bio-key.com\/es\/wp-json\/wp\/v2\/pages\/16275","targetHints":{"allow":["GET"]}}],"collection":[{"href":"https:\/\/www.bio-key.com\/es\/wp-json\/wp\/v2\/pages"}],"about":[{"href":"https:\/\/www.bio-key.com\/es\/wp-json\/wp\/v2\/types\/page"}],"author":[{"embeddable":true,"href":"https:\/\/www.bio-key.com\/es\/wp-json\/wp\/v2\/users\/14"}],"replies":[{"embeddable":true,"href":"https:\/\/www.bio-key.com\/es\/wp-json\/wp\/v2\/comments?post=16275"}],"version-history":[{"count":0,"href":"https:\/\/www.bio-key.com\/es\/wp-json\/wp\/v2\/pages\/16275\/revisions"}],"up":[{"embeddable":true,"href":"https:\/\/www.bio-key.com\/es\/wp-json\/wp\/v2\/pages\/16166"}],"wp:featuredmedia":[{"embeddable":true,"href":"https:\/\/www.bio-key.com\/es\/wp-json\/wp\/v2\/media\/15517"}],"wp:attachment":[{"href":"https:\/\/www.bio-key.com\/es\/wp-json\/wp\/v2\/media?parent=16275"}],"curies":[{"name":"wp","href":"https:\/\/api.w.org\/{rel}","templated":true}]}}