{"id":16704,"date":"2023-04-18T12:27:10","date_gmt":"2023-04-18T12:27:10","guid":{"rendered":"https:\/\/www.bio-key.com\/?page_id=16704"},"modified":"2023-06-01T10:04:46","modified_gmt":"2023-06-01T10:04:46","slug":"conoce-a-galen-rodgers","status":"publish","type":"page","link":"https:\/\/www.bio-key.com\/es\/liderazgo\/conoce-a-galen-rodgers\/","title":{"rendered":"Conoce a: Galen Rodgers"},"content":{"rendered":"\n<figure class=\"wp-block-image size-full is-resized\"><img decoding=\"async\" src=\"https:\/\/www.bio-key.com\/wp-content\/uploads\/2023\/04\/BIO-key-Galen-Rodgers.jpeg\" alt=\"BIO-key Galen Rodgers\" class=\"wp-image-16710\" width=\"235\" srcset=\"https:\/\/www.bio-key.com\/wp-content\/uploads\/2023\/04\/BIO-key-Galen-Rodgers.jpeg 781w, https:\/\/www.bio-key.com\/wp-content\/uploads\/2023\/04\/BIO-key-Galen-Rodgers-300x292.jpeg 300w, https:\/\/www.bio-key.com\/wp-content\/uploads\/2023\/04\/BIO-key-Galen-Rodgers-768x746.jpeg 768w\" sizes=\"(max-width: 781px) 100vw, 781px\" \/><\/figure>\n\n\n\n<p><\/p>\n\n\n\n<p>Un l\u00edder tecnol\u00f3gico de alto rendimiento, Galen Rodgers, m\u00e1s de 20 a\u00f1os de experiencia en desarrollo de programas de canal, estrategia de marketing, venta de valor, administraci\u00f3n, seguridad cibern\u00e9tica, automatizaci\u00f3n de procesos, capacitaci\u00f3n y formaci\u00f3n de equipos. M\u00e1s recientemente, Galen fue Director de Ventas de Canal de Am\u00e9rica para Ping Identity Corporation, donde administr\u00f3 las ventas de la Plataforma IAM de Seguridad Cibern\u00e9tica, liderando un equipo de ventas de canal responsable de agregar millones en nuevos ingresos recurrentes anuales (ARR).<\/p>\n","protected":false},"excerpt":{"rendered":"<p>Un l\u00edder tecnol\u00f3gico de alto rendimiento, Galen Rodgers, m\u00e1s de 20 a\u00f1os de experiencia en desarrollo de programas de canal, estrategia de marketing, venta de valor, administraci\u00f3n, seguridad cibern\u00e9tica, automatizaci\u00f3n de procesos, capacitaci\u00f3n y formaci\u00f3n de equipos. M\u00e1s recientemente, Galen fue Director de Ventas de Canal de Am\u00e9rica para Ping Identity Corporation, donde administr\u00f3 las [&hellip;]<\/p>\n","protected":false},"author":14,"featured_media":0,"parent":16193,"menu_order":2,"comment_status":"closed","ping_status":"closed","template":"tpl-about.php","meta":{"_acf_changed":false,"content-type":"","inline_featured_image":false,"footnotes":""},"class_list":["post-16704","page","type-page","status-publish","hentry"],"acf":[],"aioseo_notices":[],"featured_image_src":null,"_links":{"self":[{"href":"https:\/\/www.bio-key.com\/es\/wp-json\/wp\/v2\/pages\/16704","targetHints":{"allow":["GET"]}}],"collection":[{"href":"https:\/\/www.bio-key.com\/es\/wp-json\/wp\/v2\/pages"}],"about":[{"href":"https:\/\/www.bio-key.com\/es\/wp-json\/wp\/v2\/types\/page"}],"author":[{"embeddable":true,"href":"https:\/\/www.bio-key.com\/es\/wp-json\/wp\/v2\/users\/14"}],"replies":[{"embeddable":true,"href":"https:\/\/www.bio-key.com\/es\/wp-json\/wp\/v2\/comments?post=16704"}],"version-history":[{"count":0,"href":"https:\/\/www.bio-key.com\/es\/wp-json\/wp\/v2\/pages\/16704\/revisions"}],"up":[{"embeddable":true,"href":"https:\/\/www.bio-key.com\/es\/wp-json\/wp\/v2\/pages\/16193"}],"wp:attachment":[{"href":"https:\/\/www.bio-key.com\/es\/wp-json\/wp\/v2\/media?parent=16704"}],"curies":[{"name":"wp","href":"https:\/\/api.w.org\/{rel}","templated":true}]}}