{"id":19442,"date":"2024-11-20T10:32:25","date_gmt":"2024-11-20T10:32:25","guid":{"rendered":"https:\/\/www.bio-key.com\/?page_id=19442"},"modified":"2025-11-12T10:04:25","modified_gmt":"2025-11-12T10:04:25","slug":"mobileauth","status":"publish","type":"page","link":"https:\/\/www.bio-key.com\/es\/mobileauth\/","title":{"rendered":"La aplicaci\u00f3n MFA sin contrase\u00f1a definitiva para todos los usuarios"},"content":{"rendered":"\n<div class=\"wp-block-columns are-vertically-aligned-center is-layout-flex wp-container-core-columns-is-layout-9d6595d7 wp-block-columns-is-layout-flex\">\n<div class=\"wp-block-column is-vertically-aligned-center is-layout-flow wp-block-column-is-layout-flow\" style=\"flex-basis:70%\">\n<h3 class=\"wp-block-heading has-alizarincrimson-color has-text-color has-link-color wp-elements-c83258683e0e0c3199083041124c574b\">La aplicaci\u00f3n MobileAuth de BIO-key ofrece a los usuarios una MFA r\u00e1pida, segura y resistente al phishing<\/h3>\n\n\n\n<p class=\"has-medium-font-size\">Capacita a tus usuarios con nuestra aplicaci\u00f3n MFA sin contrase\u00f1a, que ofrece opciones seguras como notificaciones push, biometr\u00eda basada en el tel\u00e9fono y opciones biom\u00e9tricas avanzadas. \u00a1Comienza tu viaje sin contrase\u00f1a con nuestra aplicaci\u00f3n MobileAuth! <\/p>\n\n\n\n<div style=\"height:20px\" aria-hidden=\"true\" class=\"wp-block-spacer\"><\/div>\n\n\n\n<div class=\"wp-block-buttons has-custom-font-size has-small-font-size is-layout-flex wp-block-buttons-is-layout-flex\">\n<div class=\"wp-block-button\"><a class=\"wp-block-button__link has-white-color has-cornflowerblue-background-color has-text-color has-background has-link-color has-medium-font-size has-custom-font-size wp-element-button\" href=\"https:\/\/info.bio-key.com\/pg-free-trial\" target=\"_blank\" rel=\"noreferrer noopener\">Prueba gratuita de la aplicaci\u00f3n MobileAuth<\/a><\/div>\n<\/div>\n<\/div>\n\n\n\n<div class=\"wp-block-column is-vertically-aligned-center is-layout-flow wp-block-column-is-layout-flow\" style=\"flex-basis:30%\"><div class=\"wp-block-image\">\n<figure class=\"aligncenter size-full\"><img loading=\"lazy\" decoding=\"async\" width=\"500\" height=\"501\" src=\"https:\/\/www.bio-key.com\/wp-content\/uploads\/2024\/11\/PortalGuard-MobileAuth-1.png\" alt=\"\" class=\"wp-image-19708\" style=\"object-fit:cover\" srcset=\"https:\/\/www.bio-key.com\/wp-content\/uploads\/2024\/11\/PortalGuard-MobileAuth-1.png 500w, https:\/\/www.bio-key.com\/wp-content\/uploads\/2024\/11\/PortalGuard-MobileAuth-1-300x300.png 300w, https:\/\/www.bio-key.com\/wp-content\/uploads\/2024\/11\/PortalGuard-MobileAuth-1-150x150.png 150w\" sizes=\"auto, (max-width: 500px) 100vw, 500px\" \/><\/figure>\n<\/div><\/div>\n<\/div>\n\n\n<div class=\"wp-block-image\">\n<figure class=\"aligncenter size-full\"><img loading=\"lazy\" decoding=\"async\" width=\"2560\" height=\"248\" src=\"https:\/\/www.bio-key.com\/wp-content\/uploads\/2025\/11\/Ranking-Authentication-Methods-scaled.png?wsr\" alt=\"\" class=\"wp-image-21480\" srcset=\"https:\/\/www.bio-key.com\/wp-content\/uploads\/2025\/11\/Ranking-Authentication-Methods-scaled.png 2560w, https:\/\/www.bio-key.com\/wp-content\/uploads\/2025\/11\/Ranking-Authentication-Methods-300x29.png 300w, https:\/\/www.bio-key.com\/wp-content\/uploads\/2025\/11\/Ranking-Authentication-Methods-1024x99.png 1024w, https:\/\/www.bio-key.com\/wp-content\/uploads\/2025\/11\/Ranking-Authentication-Methods-768x74.png 768w, https:\/\/www.bio-key.com\/wp-content\/uploads\/2025\/11\/Ranking-Authentication-Methods-1536x149.png 1536w, https:\/\/www.bio-key.com\/wp-content\/uploads\/2025\/11\/Ranking-Authentication-Methods-2048x199.png 2048w\" sizes=\"auto, (max-width: 2560px) 100vw, 2560px\" \/><\/figure>\n<\/div>\n\n\n<div class=\"wp-block-cover is-light wp-duotone-unset-1\" style=\"min-height:250px;aspect-ratio:unset;\"><span aria-hidden=\"true\" class=\"wp-block-cover__background has-background-dim-100 has-background-dim\" style=\"background-color:#f0f0f0\"><\/span><div class=\"wp-block-cover__inner-container is-layout-constrained wp-block-cover-is-layout-constrained\">\n<div class=\"wp-block-columns are-vertically-aligned-center is-layout-flex wp-container-core-columns-is-layout-9d6595d7 wp-block-columns-is-layout-flex\">\n<div class=\"wp-block-column is-vertically-aligned-center is-layout-flow wp-block-column-is-layout-flow\" style=\"flex-basis:40%\"><div class=\"wp-block-image\">\n<figure class=\"aligncenter size-full is-resized\"><img loading=\"lazy\" decoding=\"async\" width=\"1000\" height=\"1000\" src=\"https:\/\/www.bio-key.com\/wp-content\/uploads\/2024\/11\/palmpositive_iphone.png\" alt=\"\" class=\"wp-image-19497\" style=\"width:auto;height:200px\" srcset=\"https:\/\/www.bio-key.com\/wp-content\/uploads\/2024\/11\/palmpositive_iphone.png 1000w, https:\/\/www.bio-key.com\/wp-content\/uploads\/2024\/11\/palmpositive_iphone-300x300.png 300w, https:\/\/www.bio-key.com\/wp-content\/uploads\/2024\/11\/palmpositive_iphone-150x150.png 150w, https:\/\/www.bio-key.com\/wp-content\/uploads\/2024\/11\/palmpositive_iphone-768x768.png 768w\" sizes=\"auto, (max-width: 1000px) 100vw, 1000px\" \/><\/figure>\n<\/div><\/div>\n\n\n\n<div class=\"wp-block-column is-vertically-aligned-center is-layout-flow wp-block-column-is-layout-flow\" style=\"flex-basis:55%\">\n<h4 class=\"wp-block-heading\" id=\"2-palmpositive-tm-%C2%A0\"><sup>PalmPositiveTM<\/sup>&nbsp;<\/h4>\n\n\n\n<p class=\"has-medium-font-size\">PalmPositive\u2122 verifica tu identidad mediante el escaneado de la palma de la mano, vincul\u00e1ndola permanentemente a tu identidad digital para protegerte contra el phishing y la falsificaci\u00f3n.<\/p>\n<\/div>\n\n\n\n<div class=\"wp-block-column is-layout-flow wp-block-column-is-layout-flow\" style=\"flex-basis:5%\"><\/div>\n<\/div>\n<\/div><\/div>\n\n\n\n<div class=\"wp-block-cover is-light wp-duotone-unset-2\" style=\"min-height:250px;aspect-ratio:unset;\"><span aria-hidden=\"true\" class=\"wp-block-cover__background has-background-dim-100 has-background-dim\" style=\"background-color:#f0f0f0\"><\/span><div class=\"wp-block-cover__inner-container is-layout-constrained wp-block-cover-is-layout-constrained\">\n<div class=\"wp-block-columns are-vertically-aligned-center is-layout-flex wp-container-core-columns-is-layout-9d6595d7 wp-block-columns-is-layout-flex\">\n<div class=\"wp-block-column is-vertically-aligned-center is-layout-flow wp-block-column-is-layout-flow\" style=\"flex-basis:40%\"><div class=\"wp-block-image\">\n<figure class=\"aligncenter size-full is-resized\"><img loading=\"lazy\" decoding=\"async\" width=\"1000\" height=\"1000\" src=\"https:\/\/www.bio-key.com\/wp-content\/uploads\/2025\/11\/FacePositive.png?wsr\" alt=\"\" class=\"wp-image-21478\" style=\"width:auto;height:200px\" srcset=\"https:\/\/www.bio-key.com\/wp-content\/uploads\/2025\/11\/FacePositive.png 1000w, https:\/\/www.bio-key.com\/wp-content\/uploads\/2025\/11\/FacePositive-300x300.png 300w, https:\/\/www.bio-key.com\/wp-content\/uploads\/2025\/11\/FacePositive-150x150.png 150w, https:\/\/www.bio-key.com\/wp-content\/uploads\/2025\/11\/FacePositive-768x768.png 768w\" sizes=\"auto, (max-width: 1000px) 100vw, 1000px\" \/><\/figure>\n<\/div><\/div>\n\n\n\n<div class=\"wp-block-column is-vertically-aligned-center is-layout-flow wp-block-column-is-layout-flow\" style=\"flex-basis:55%\">\n<h4 class=\"wp-block-heading\" id=\"2-palmpositive-tm-%C2%A0\"><sup>FacePositiveTM<\/sup>&nbsp;<\/h4>\n\n\n\n<p class=\"has-medium-font-size\">FacePositive\u2122 utiliza un r\u00e1pido escaneado selfie para identificar de forma \u00fanica a los usuarios. Crea una plantilla biom\u00e9trica segura y encriptada que se almacena en la nube. <\/p>\n<\/div>\n\n\n\n<div class=\"wp-block-column is-layout-flow wp-block-column-is-layout-flow\" style=\"flex-basis:5%\"><\/div>\n<\/div>\n<\/div><\/div>\n\n\n\n<div class=\"wp-block-cover is-light wp-duotone-unset-3\" style=\"min-height:250px;aspect-ratio:unset;\"><span aria-hidden=\"true\" class=\"wp-block-cover__background has-background-dim-100 has-background-dim\" style=\"background-color:#f0f0f0\"><\/span><div class=\"wp-block-cover__inner-container is-layout-constrained wp-block-cover-is-layout-constrained\">\n<div class=\"wp-block-columns are-vertically-aligned-center is-layout-flex wp-container-core-columns-is-layout-9d6595d7 wp-block-columns-is-layout-flex\">\n<div class=\"wp-block-column is-vertically-aligned-center is-layout-flow wp-block-column-is-layout-flow\" style=\"flex-basis:40%\"><div class=\"wp-block-image\">\n<figure class=\"aligncenter size-full is-resized\"><img loading=\"lazy\" decoding=\"async\" width=\"1000\" height=\"1000\" src=\"https:\/\/www.bio-key.com\/wp-content\/uploads\/2024\/11\/push_iphone.png\" alt=\"\" class=\"wp-image-19503\" style=\"width:auto;height:200px\" srcset=\"https:\/\/www.bio-key.com\/wp-content\/uploads\/2024\/11\/push_iphone.png 1000w, https:\/\/www.bio-key.com\/wp-content\/uploads\/2024\/11\/push_iphone-300x300.png 300w, https:\/\/www.bio-key.com\/wp-content\/uploads\/2024\/11\/push_iphone-150x150.png 150w, https:\/\/www.bio-key.com\/wp-content\/uploads\/2024\/11\/push_iphone-768x768.png 768w\" sizes=\"auto, (max-width: 1000px) 100vw, 1000px\" \/><\/figure>\n<\/div><\/div>\n\n\n\n<div class=\"wp-block-column is-vertically-aligned-center is-layout-flow wp-block-column-is-layout-flow\" style=\"flex-basis:55%\">\n<h4 class=\"wp-block-heading\" id=\"2-palmpositive-tm-%C2%A0\">Ficha Push<\/h4>\n\n\n\n<p class=\"has-medium-font-size\">Push Token es la opci\u00f3n de autenticaci\u00f3n m\u00e1s r\u00e1pida, perfecta para aplicaciones de uso frecuente en las que la velocidad es esencial. Los usuarios s\u00f3lo tienen que pulsar un bot\u00f3n en su tel\u00e9fono para confirmar el inicio de sesi\u00f3n. <\/p>\n<\/div>\n\n\n\n<div class=\"wp-block-column is-layout-flow wp-block-column-is-layout-flow\" style=\"flex-basis:5%\"><\/div>\n<\/div>\n<\/div><\/div>\n\n\n\n<div class=\"wp-block-cover is-light wp-duotone-unset-4\" style=\"min-height:250px;aspect-ratio:unset;\"><span aria-hidden=\"true\" class=\"wp-block-cover__background has-background-dim-100 has-background-dim\" style=\"background-color:#f0f0f0\"><\/span><div class=\"wp-block-cover__inner-container is-layout-constrained wp-block-cover-is-layout-constrained\">\n<div class=\"wp-block-columns are-vertically-aligned-center is-layout-flex wp-container-core-columns-is-layout-9d6595d7 wp-block-columns-is-layout-flex\">\n<div class=\"wp-block-column is-vertically-aligned-center is-layout-flow wp-block-column-is-layout-flow\" style=\"flex-basis:40%\"><div class=\"wp-block-image\">\n<figure class=\"aligncenter size-full is-resized\"><img loading=\"lazy\" decoding=\"async\" width=\"1000\" height=\"1000\" src=\"https:\/\/www.bio-key.com\/wp-content\/uploads\/2024\/11\/local_iphone.png\" alt=\"\" class=\"wp-image-19508\" style=\"width:auto;height:200px\" srcset=\"https:\/\/www.bio-key.com\/wp-content\/uploads\/2024\/11\/local_iphone.png 1000w, https:\/\/www.bio-key.com\/wp-content\/uploads\/2024\/11\/local_iphone-300x300.png 300w, https:\/\/www.bio-key.com\/wp-content\/uploads\/2024\/11\/local_iphone-150x150.png 150w, https:\/\/www.bio-key.com\/wp-content\/uploads\/2024\/11\/local_iphone-768x768.png 768w\" sizes=\"auto, (max-width: 1000px) 100vw, 1000px\" \/><\/figure>\n<\/div><\/div>\n\n\n\n<div class=\"wp-block-column is-vertically-aligned-center is-layout-flow wp-block-column-is-layout-flow\" style=\"flex-basis:55%\">\n<h4 class=\"wp-block-heading\" id=\"2-palmpositive-tm-%C2%A0\">Biometr\u00eda local<\/h4>\n\n\n\n<p class=\"has-medium-font-size\">Utiliza la biometr\u00eda integrada en tu dispositivo para flujos de trabajo fluidos. Aprovechando funciones de iOS como Face ID o Touch ID, los usuarios pueden autorizar f\u00e1cilmente los inicios de sesi\u00f3n, agilizando el acceso y mejorando la comodidad. &nbsp;<\/p>\n<\/div>\n\n\n\n<div class=\"wp-block-column is-layout-flow wp-block-column-is-layout-flow\" style=\"flex-basis:5%\"><\/div>\n<\/div>\n<\/div><\/div>\n\n\n\n<h2 class=\"wp-block-heading has-text-align-left\">Empieza hoy mismo con MobileAuth<\/h2>\n\n\n\n<div class=\"wp-block-columns are-vertically-aligned-center is-layout-flex wp-container-core-columns-is-layout-9d6595d7 wp-block-columns-is-layout-flex\">\n<div class=\"wp-block-column is-vertically-aligned-center is-layout-flow wp-block-column-is-layout-flow\" style=\"flex-basis:65%\">\n<p>Instala BIO-key MobileAuth para todos tus usuarios que necesiten flexibilidad y seguridad. Act\u00edvala inmediatamente en WEB-key o en la Gesti\u00f3n de Cuentas de PortalGuard. <\/p>\n\n\n\n<p>Nota: Para utilizar BIO-key MobileAuth, debes tener una instalaci\u00f3n activa de BIO-key WEB o una cuenta de PortalGuard IDaaS. BIO-key MobileAuth debe estar activado y vinculado a tu cuenta para funcionar correctamente. Si no tienes una cuenta BIO-key, ponte en contacto con tu equipo de soporte inform\u00e1tico.  <\/p>\n<\/div>\n\n\n\n<div class=\"wp-block-column is-layout-flow wp-block-column-is-layout-flow\" style=\"flex-basis:5%\"><\/div>\n\n\n\n<div class=\"wp-block-column is-vertically-aligned-center is-layout-flow wp-block-column-is-layout-flow\" style=\"flex-basis:30%\">\n<figure class=\"wp-block-image size-medium is-resized\"><a href=\"https:\/\/apps.apple.com\/us\/app\/bio-key-mobileauth\/id1563288118\" target=\"_blank\" rel=\"noreferrer noopener\"><img loading=\"lazy\" decoding=\"async\" width=\"300\" height=\"89\" src=\"https:\/\/www.bio-key.com\/wp-content\/uploads\/2024\/11\/App-Store-300x89.png\" alt=\"\" class=\"wp-image-19522\" style=\"width:auto;height:50px\" srcset=\"https:\/\/www.bio-key.com\/wp-content\/uploads\/2024\/11\/App-Store-300x89.png 300w, https:\/\/www.bio-key.com\/wp-content\/uploads\/2024\/11\/App-Store-1024x304.png 1024w, https:\/\/www.bio-key.com\/wp-content\/uploads\/2024\/11\/App-Store-768x228.png 768w, https:\/\/www.bio-key.com\/wp-content\/uploads\/2024\/11\/App-Store-1536x455.png 1536w, https:\/\/www.bio-key.com\/wp-content\/uploads\/2024\/11\/App-Store-2048x607.png 2048w\" sizes=\"auto, (max-width: 300px) 100vw, 300px\" \/><\/a><\/figure>\n\n\n\n<div style=\"height:40px\" aria-hidden=\"true\" class=\"wp-block-spacer\"><\/div>\n\n\n\n<figure class=\"wp-block-image size-medium is-resized\"><a href=\"https:\/\/play.google.com\/store\/apps\/details?id=com.BIO_key.mobileAuth&amp;hl=en\" target=\"_blank\" rel=\"noreferrer noopener\"><img loading=\"lazy\" decoding=\"async\" width=\"300\" height=\"89\" src=\"https:\/\/www.bio-key.com\/wp-content\/uploads\/2024\/11\/Google-Play-300x89.webp\" alt=\"\" class=\"wp-image-19524\" style=\"width:auto;height:50px\" srcset=\"https:\/\/www.bio-key.com\/wp-content\/uploads\/2024\/11\/Google-Play-300x89.webp 300w, https:\/\/www.bio-key.com\/wp-content\/uploads\/2024\/11\/Google-Play-1024x304.webp 1024w, https:\/\/www.bio-key.com\/wp-content\/uploads\/2024\/11\/Google-Play-768x228.webp 768w, https:\/\/www.bio-key.com\/wp-content\/uploads\/2024\/11\/Google-Play-1536x455.webp 1536w, https:\/\/www.bio-key.com\/wp-content\/uploads\/2024\/11\/Google-Play-2048x607.webp 2048w\" sizes=\"auto, (max-width: 300px) 100vw, 300px\" \/><\/a><\/figure>\n<\/div>\n<\/div>\n\n\n\n<div class=\"wp-block-cover\"><span aria-hidden=\"true\" class=\"wp-block-cover__background has-shark-background-color has-background-dim-100 has-background-dim\"><\/span><div class=\"wp-block-cover__inner-container is-layout-constrained wp-block-cover-is-layout-constrained\">\n<div style=\"height:20px\" aria-hidden=\"true\" class=\"wp-block-spacer\"><\/div>\n\n\n\n<h3 class=\"wp-block-heading has-text-align-center has-white-color has-text-color has-link-color has-large-font-size wp-elements-deed2c762638a9cd0c24773e1ac1a666\" id=\"6-watch-the-video-and-see-mobileauth-in-action\">Demostraci\u00f3n de la aplicaci\u00f3n MobileAuth Passwordless MFA<\/h3>\n\n\n\n<div class=\"wp-block-columns is-layout-flex wp-container-core-columns-is-layout-9d6595d7 wp-block-columns-is-layout-flex\">\n<div class=\"wp-block-column is-layout-flow wp-block-column-is-layout-flow\" style=\"flex-basis:5%\"><\/div>\n\n\n\n<div class=\"wp-block-column is-layout-flow wp-block-column-is-layout-flow\" style=\"flex-basis:90%\">\n<figure class=\"wp-block-video\"><video controls=\"\" src=\"https:\/\/info.bio-key.com\/hubfs\/Wistia%20video%20migration\/MobileAuth%20Live%20Demo.mp4\"><\/video><\/figure>\n<\/div>\n\n\n\n<div class=\"wp-block-column is-layout-flow wp-block-column-is-layout-flow\" style=\"flex-basis:5%\"><\/div>\n<\/div>\n\n\n\n<div class=\"wp-block-buttons has-custom-font-size has-small-font-size is-content-justification-center is-layout-flex wp-container-core-buttons-is-layout-16018d1d wp-block-buttons-is-layout-flex\">\n<div class=\"wp-block-button\"><a class=\"wp-block-button__link has-white-color has-cornflowerblue-background-color has-text-color has-background has-link-color has-medium-font-size has-custom-font-size wp-element-button\" href=\"https:\/\/www.bio-key.com\/contact-us\/#ContactForm\" target=\"_blank\" rel=\"noreferrer noopener\">Reserva una demostraci\u00f3n personalizada<\/a><\/div>\n<\/div>\n\n\n\n<div style=\"height:20px\" aria-hidden=\"true\" class=\"wp-block-spacer\"><\/div>\n<\/div><\/div>\n\n\n\n<hr class=\"wp-block-separator has-alpha-channel-opacity\">\n\n\n\n<div class=\"wp-block-columns is-layout-flex wp-container-core-columns-is-layout-9d6595d7 wp-block-columns-is-layout-flex\">\n<div class=\"wp-block-column is-layout-flow wp-block-column-is-layout-flow\" style=\"flex-basis:33%\">\n<figure class=\"wp-block-image size-full\"><img loading=\"lazy\" decoding=\"async\" width=\"1000\" height=\"1000\" src=\"https:\/\/www.bio-key.com\/wp-content\/uploads\/2024\/11\/Ranking-Authentication-Methods-eBook-thumbnail.png\" alt=\"\" class=\"wp-image-19538\" srcset=\"https:\/\/www.bio-key.com\/wp-content\/uploads\/2024\/11\/Ranking-Authentication-Methods-eBook-thumbnail.png 1000w, https:\/\/www.bio-key.com\/wp-content\/uploads\/2024\/11\/Ranking-Authentication-Methods-eBook-thumbnail-300x300.png 300w, https:\/\/www.bio-key.com\/wp-content\/uploads\/2024\/11\/Ranking-Authentication-Methods-eBook-thumbnail-150x150.png 150w, https:\/\/www.bio-key.com\/wp-content\/uploads\/2024\/11\/Ranking-Authentication-Methods-eBook-thumbnail-768x768.png 768w\" sizes=\"auto, (max-width: 1000px) 100vw, 1000px\" \/><\/figure>\n<\/div>\n\n\n\n<div class=\"wp-block-column is-layout-flow wp-block-column-is-layout-flow\" style=\"flex-basis:66%\">\n<h3 class=\"wp-block-heading\">Clasificaci\u00f3n de los m\u00e9todos de autenticaci\u00f3n (y elecci\u00f3n del correcto)&nbsp;<\/h3>\n\n\n\n<p>Consulta nuestra gu\u00eda que clasifica los distintos m\u00e9todos de autenticaci\u00f3n que admite <a href=\"https:\/\/www.bio-key.com\/portalguard-2\/\" target=\"_blank\" rel=\"noopener\" title=\"BIO-key PortalGuard\">BIO-key PortalGuard<\/a> comparando seguridad, comodidad y coste.&nbsp;<\/p>\n\n\n\n<p><a href=\"https:\/\/info.bio-key.com\/ranking-authentication-methods-ebook\" target=\"_blank\" rel=\"noreferrer noopener\">Ver los M\u00e9todos de autenticaci\u00f3n<\/a>&nbsp;<\/p>\n<\/div>\n<\/div>\n\n\n\n<hr class=\"wp-block-separator has-alpha-channel-opacity\">\n\n\n\n<h2 class=\"wp-block-heading\">Preguntas frecuentes&nbsp;<\/h2>\n\n\n<div class=\"wp-block-ub-content-toggle wp-block-ub-content-toggle-block\" id=\"ub-content-toggle-block-d70cacb5-408c-4a51-a2d4-f61651b4f2ec\" data-mobilecollapse=\"false\" data-desktopcollapse=\"false\" data-preventcollapse=\"false\" data-showonlyone=\"false\">\n<div class=\"wp-block-ub-content-toggle-accordion\" style=\"border-color: #f1f1f1; \" id=\"ub-content-toggle-panel-block-\">\n\t\t\t<div class=\"wp-block-ub-content-toggle-accordion-title-wrap\" style=\"background-color: #f1f1f1;\" aria-controls=\"ub-content-toggle-panel-0-d70cacb5-408c-4a51-a2d4-f61651b4f2ec\" tabindex=\"0\">\n\t\t\t<p class=\"wp-block-ub-content-toggle-accordion-title ub-content-toggle-title-d70cacb5-408c-4a51-a2d4-f61651b4f2ec\" style=\"color: #000000; \">Why use biometrics from BIO-key?<\/p>\n\t\t\t<div class=\"wp-block-ub-content-toggle-accordion-toggle-wrap left\" style=\"color: #000000;\"><span class=\"wp-block-ub-content-toggle-accordion-state-indicator wp-block-ub-chevron-down open\"><\/span><\/div>\n\t\t<\/div>\n\t\t\t<div role=\"region\" aria-expanded=\"true\" class=\"wp-block-ub-content-toggle-accordion-content-wrap\" id=\"ub-content-toggle-panel-0-d70cacb5-408c-4a51-a2d4-f61651b4f2ec\">\n\n<p>Las soluciones biom\u00e9tricas de BIO-key, incluidas PalmPositive\u2122 y FacePositive\u2122, protegen a los usuarios del fraude de identidad y del acceso no autorizado. Una vez registrados los datos biom\u00e9tricos, s\u00f3lo el usuario autorizado puede autenticarse, lo que reduce significativamente el riesgo de fraude. \u00a0<\/p>\n\n\n\n<p>A diferencia de Touch ID o Face ID, que permiten el registro de varios usuarios en un dispositivo, MobileAuth restringe el acceso a un \u00fanico usuario autorizado para las aplicaciones gestionadas por la soluci\u00f3n IDaaS de PortalGuard. Esto significa que ning\u00fan otro usuario, intercambiador de SIM o pirata inform\u00e1tico con credenciales falsificadas puede acceder: s\u00f3lo el usuario previsto puede autenticarse. \u00a0<\/p>\n\n<\/div>\n\t\t<\/div>\n\n<div class=\"wp-block-ub-content-toggle-accordion\" style=\"border-color: #f1f1f1; \" id=\"ub-content-toggle-panel-block-\">\n\t\t\t<div class=\"wp-block-ub-content-toggle-accordion-title-wrap\" style=\"background-color: #f1f1f1;\" aria-controls=\"ub-content-toggle-panel-1-d70cacb5-408c-4a51-a2d4-f61651b4f2ec\" tabindex=\"0\">\n\t\t\t<p class=\"wp-block-ub-content-toggle-accordion-title ub-content-toggle-title-d70cacb5-408c-4a51-a2d4-f61651b4f2ec\" style=\"color: #000000; \">What happens if I lose the phone with the MobileAuth app installed?<\/p>\n\t\t\t<div class=\"wp-block-ub-content-toggle-accordion-toggle-wrap left\" style=\"color: #000000;\"><span class=\"wp-block-ub-content-toggle-accordion-state-indicator wp-block-ub-chevron-down open\"><\/span><\/div>\n\t\t<\/div>\n\t\t\t<div role=\"region\" aria-expanded=\"true\" class=\"wp-block-ub-content-toggle-accordion-content-wrap\" id=\"ub-content-toggle-panel-1-d70cacb5-408c-4a51-a2d4-f61651b4f2ec\">\n\n<p>Una vez registrados, los usuarios pueden acceder a todo el ecosistema desde cualquier dispositivo sin necesidad de volver a registrar sus datos biom\u00e9tricos. Incluso si adquieren un nuevo tel\u00e9fono o pierden el actual, MobileAuth, WEB-key y PortalGuard reconocer\u00e1n sus m\u00e9todos de autenticaci\u00f3n preaprobados, permitiendo un acceso sin problemas a las aplicaciones gestionadas centralmente. \u00a0<\/p>\n\n\n\n<p>La autenticaci\u00f3n biom\u00e9trica con MobileAuth mediante PalmPositive\u2122 o FacePositive\u2122 permite a los usuarios cambiar de tel\u00e9fono sin la molestia de volver a registrarse o restablecer la seguridad.\u00a0<\/p>\n\n\n\n<p>Adem\u00e1s, una vez registrados los rasgos biom\u00e9tricos, se vinculan a un \u00fanico perfil de usuario, garantizando que el acceso a las aplicaciones gestionadas sea seguro e intransferible.\u00a0<\/p>\n\n<\/div>\n\t\t<\/div>\n<\/div>","protected":false},"excerpt":{"rendered":"<p>La aplicaci\u00f3n MobileAuth de BIO-key ofrece a los usuarios una MFA r\u00e1pida, segura y resistente al phishing Capacita a tus usuarios con nuestra aplicaci\u00f3n MFA sin contrase\u00f1a, que ofrece opciones seguras como notificaciones push, biometr\u00eda basada en el tel\u00e9fono y opciones biom\u00e9tricas avanzadas. \u00a1Comienza tu viaje sin contrase\u00f1a con nuestra aplicaci\u00f3n MobileAuth! Empieza hoy mismo [&hellip;]<\/p>\n","protected":false},"author":14,"featured_media":16028,"parent":0,"menu_order":0,"comment_status":"closed","ping_status":"closed","template":"tpl-products.php","meta":{"_acf_changed":false,"content-type":"","inline_featured_image":false,"footnotes":""},"class_list":["post-19442","page","type-page","status-publish","has-post-thumbnail","hentry"],"acf":[],"aioseo_notices":[],"featured_image_src":"https:\/\/www.bio-key.com\/wp-content\/uploads\/2022\/05\/Cover-MFA.png?wsr","_links":{"self":[{"href":"https:\/\/www.bio-key.com\/es\/wp-json\/wp\/v2\/pages\/19442","targetHints":{"allow":["GET"]}}],"collection":[{"href":"https:\/\/www.bio-key.com\/es\/wp-json\/wp\/v2\/pages"}],"about":[{"href":"https:\/\/www.bio-key.com\/es\/wp-json\/wp\/v2\/types\/page"}],"author":[{"embeddable":true,"href":"https:\/\/www.bio-key.com\/es\/wp-json\/wp\/v2\/users\/14"}],"replies":[{"embeddable":true,"href":"https:\/\/www.bio-key.com\/es\/wp-json\/wp\/v2\/comments?post=19442"}],"version-history":[{"count":0,"href":"https:\/\/www.bio-key.com\/es\/wp-json\/wp\/v2\/pages\/19442\/revisions"}],"wp:featuredmedia":[{"embeddable":true,"href":"https:\/\/www.bio-key.com\/es\/wp-json\/wp\/v2\/media\/16028"}],"wp:attachment":[{"href":"https:\/\/www.bio-key.com\/es\/wp-json\/wp\/v2\/media?parent=19442"}],"curies":[{"name":"wp","href":"https:\/\/api.w.org\/{rel}","templated":true}]}}