{"id":21178,"date":"2018-07-30T18:00:00","date_gmt":"2018-07-30T18:00:00","guid":{"rendered":"https:\/\/www.bio-key.com\/inversores\/"},"modified":"2018-07-30T18:00:00","modified_gmt":"2018-07-30T18:00:00","slug":"inversores","status":"publish","type":"page","link":"https:\/\/www.bio-key.com\/es\/inversores\/","title":{"rendered":"Inversores"},"content":{"rendered":"<h2>IMAGINA TENER LA SABIDUR\u00cdA DE UNA EMPRESA DE VEINTICINCO A\u00d1OS, PERO EL ENTUSIASMO Y EL ESP\u00cdRITU INNOVADOR DE UNA START-UP.<\/h2>\n<p>Imagina tener un conjunto de productos probados y comprobados por el gobierno federal, grupos federales de evaluaci\u00f3n tecnol\u00f3gica, Microsoft, clientes de Fortune 500 y consumidores exigentes.<\/p>\n<p>BIO-key International (Nasdaq: BKYI), pionera en tecnolog\u00edas de seguridad biom\u00e9trica desde 1993. Una empresa que cree que no hay l\u00edmites para los casos de uso de nuestras soluciones biom\u00e9tricas de huellas dactilares. Conocida por revolucionar el panorama de la autenticaci\u00f3n con su hardware y software biom\u00e9tricos, BIO-key sigue ampliando su gama de productos dise\u00f1ados para mejorar la seguridad y el flujo de trabajo de clientes empresariales y consumidores.  <\/p>\n<div id=\"video2\" class=\"my-4\"><\/div>\n<p><img loading=\"lazy\" decoding=\"async\" class=\"my-4 video-cover-image2 alignnone size-full wp-image-1271\" style=\"cursor: pointer;\" src=\"https:\/\/www.bio-key.com\/wp-content\/uploads\/2018\/09\/proactive-investor-cover.png\" alt=\"\" width=\"780\" height=\"438\" srcset=\"https:\/\/www.bio-key.com\/wp-content\/uploads\/2018\/09\/proactive-investor-cover.png 780w, https:\/\/www.bio-key.com\/wp-content\/uploads\/2018\/09\/proactive-investor-cover-300x168.png 300w, https:\/\/www.bio-key.com\/wp-content\/uploads\/2018\/09\/proactive-investor-cover-768x431.png 768w\" sizes=\"auto, (max-width: 780px) 100vw, 780px\" \/><\/p>\n<p>Con implantaciones en todo el mundo, entre los clientes de BIO-key figuran bancos, compa\u00f1\u00edas de seguros, hospitales, centros de sangre, centros de llamadas, empresas de telecomunicaciones, fabricantes, escuelas, organizaciones minoristas y organismos gubernamentales.<\/p>\n<div class=\"card-group mb-5\">\n<div class=\"card\">\n<p><img decoding=\"async\" class=\"card-img-top\" src=\"https:\/\/www.bio-key.com\/wp-content\/uploads\/2018\/08\/img-enroll.jpg\" alt=\"Hardware BIO-key\"><\/p>\n<div class=\"card-body\">\n<h3 class=\"card-title text-uppercase\">Hardware<\/h3>\n<p class=\"card-text\">BIO-key desarrolla productos que impactan en el mercado. <strong>SideSwipe\u2122<\/strong>, <strong>SideTouch\u2122<\/strong> y <strong>EcoID\u2122<\/strong> han cambiado el coste de entrada y el proceso de toma de decisiones para los clientes que quieren aprovechar las ventajas de la autenticaci\u00f3n biom\u00e9trica.<\/p>\n<\/div>\n<\/div>\n<div class=\"card\">\n<p><img decoding=\"async\" class=\"card-img-top\" src=\"https:\/\/www.bio-key.com\/wp-content\/uploads\/2018\/08\/img-authenticate.jpg\" alt=\"Tapa de la imagen de la tarjeta\"><\/p>\n<div class=\"card-body\">\n<h3 class=\"card-title text-uppercase\">Innovaci\u00f3n<\/h3>\n<p class=\"card-text\"><strong>TouchLock<\/strong>, reconocido como producto estrella en el CES, ha dado a los consumidores una nueva perspectiva sobre los candados y su funcionamiento. TouchLock representa parte del potencial inicial de la tecnolog\u00eda de sensores de BIO-key para casos de uso no tradicionales: los productos. <\/p>\n<\/div>\n<\/div>\n<\/div>\n<h3 class=\"text-uppercase\">Mercado de la tecnolog\u00eda biom\u00e9trica en EE.UU.,<br \/>\npor uso final, 2014-2025 (miles de millones de USD)<\/h3>\n<p><img loading=\"lazy\" decoding=\"async\" class=\"alignnone size-full wp-image-364 mb-5\" src=\"https:\/\/www.bio-key.com\/wp-content\/uploads\/2018\/08\/img-biometrics-market.jpg\" alt=\"\" width=\"821\" height=\"404\" srcset=\"https:\/\/www.bio-key.com\/wp-content\/uploads\/2018\/08\/img-biometrics-market.jpg 821w, https:\/\/www.bio-key.com\/wp-content\/uploads\/2018\/08\/img-biometrics-market-300x148.jpg 300w, https:\/\/www.bio-key.com\/wp-content\/uploads\/2018\/08\/img-biometrics-market-768x378.jpg 768w\" sizes=\"auto, (max-width: 821px) 100vw, 821px\" \/><br \/>\n<hr class=\"primary-divider mt-4\"><\/p>\n<h2 class=\"mb-5\">SEG\u00daN LOS EXPERTOS DEL SECTOR, LA INDUSTRIA BIOM\u00c9TRICA EST\u00c1 PREPARADA PARA UN CRECIMIENTO EXPLOSIVO EN EL FUTURO INMEDIATO.<\/h2>\n<p>Impulsada por la necesidad de una seguridad empresarial s\u00f3lida y la necesidad de los consumidores de proteger su privacidad, la autenticaci\u00f3n biom\u00e9trica es una soluci\u00f3n probada y asequible. Adem\u00e1s, la autenticaci\u00f3n por huella dactilar elimina la est\u00e1tica asociada a la mayor\u00eda de los m\u00e9todos de autenticaci\u00f3n tradicionales, a\u00f1adiendo una capa de comodidad y eficacia que mejora el flujo de trabajo y la experiencia del usuario. <\/p>\n<h4 class=\"text-uppercase text-primary\">Presentaciones y grabaciones<\/h4>\n<a  class=\"btn btn-primary btn-fingerprint text-uppercase text-left mt-3 mb-3\" href=\"https:\/\/services.choruscall.com\/links\/biokey200515.html\">Webcast de la Conferencia de Inversores<\/a>\n<ul class=\"list-primary\">\n<li><a href=\"https:\/\/www.bio-key.com\/wp-content\/uploads\/2020\/09\/BKYI-Investor-September-2020.pdf\" target=\"_blank\" rel=\"noopener noreferrer\">Presentaci\u00f3n a los inversores &#8211; Septiembre de 2020 (PDF)<\/a><\/li>\n<li><a href=\"https:\/\/www.bio-key.com\/wp-content\/uploads\/2020\/06\/BIO-key-Annual-Report-2019-Final-Wire-Version.pdf\" target=\"_blank\" rel=\"noopener noreferrer\">Informe anual de accionistas 2019 (PDF)<\/a><\/li>\n<\/ul>\n<div class=\"row no-gutters pb-5\">\n<div class=\"col-sm-4 explore-left\"><img decoding=\"async\" class=\"img-fluid\" src=\"https:\/\/www.bio-key.com\/wp-content\/uploads\/2018\/08\/tmb-latest-prs.jpg\" alt=\"banner \u00faltimos comunicados de prensa\"><br \/>\n<a class=\"btn btn-primary btn-fingerprint text-uppercase text-left mb-5\" href=\"https:\/\/www.bio-key.com\/press-releases\/\">Ver los \u00faltimos comunicados de prensa de<br \/>\n<\/a><\/div>\n<div class=\"col-sm-4 explore-left\"><img decoding=\"async\" class=\"img-fluid\" src=\"https:\/\/www.bio-key.com\/wp-content\/uploads\/2018\/08\/tmb-latest-stock.jpg\" alt=\"\u00faltimos comunicados de prensa BIO-key banner\"><br \/>\n<a class=\"btn btn-primary btn-fingerprint text-uppercase text-left mb-5\" href=\"https:\/\/www.bio-key.com\/?page_id=810\">Ver \u00faltimo gr\u00e1fico de acciones de<br \/>\n<\/a><\/div>\n<div class=\"col-sm-4 explore-left\"><img decoding=\"async\" class=\"img-fluid\" src=\"https:\/\/www.bio-key.com\/wp-content\/uploads\/2018\/08\/tmb-sec-filings.jpg\" alt=\"BIO-key sec filings banner\"><br \/>\n<a class=\"btn btn-primary btn-fingerprint text-uppercase text-left mb-5\" href=\"https:\/\/www.bio-key.com\/sec-filings\/\">Consulta los archivos de la SEC<br \/>\n<\/a><\/div>\n<p><!--\n\n\n<div class=\"col-sm-12 explore-left\"><img decoding=\"async\" class=\"img-fluid\" src=\"https:\/\/www.bio-key.com\/wp-content\/uploads\/2018\/08\/img-investor-ppt.jpg\" \/>\n<a class=\"btn btn-primary btn-fingerprint text-uppercase text-left mb-5\" href=\"https:\/\/www.bio-key.com\/investors\/\">See Investor\nPowerPoint<\/a><\/div>\n\n\n--><\/p>\n<\/div>\n","protected":false},"excerpt":{"rendered":"<p>IMAGINA TENER LA SABIDUR\u00cdA DE UNA EMPRESA DE VEINTICINCO A\u00d1OS, PERO EL ENTUSIASMO Y EL ESP\u00cdRITU INNOVADOR DE UNA START-UP. Imagina tener un conjunto de productos probados y comprobados por el gobierno federal, grupos federales de evaluaci\u00f3n tecnol\u00f3gica, Microsoft, clientes de Fortune 500 y consumidores exigentes. BIO-key International (Nasdaq: BKYI), pionera en tecnolog\u00edas de seguridad [&hellip;]<\/p>\n","protected":false},"author":14,"featured_media":14857,"parent":0,"menu_order":0,"comment_status":"closed","ping_status":"closed","template":"","meta":{"_acf_changed":false,"content-type":"","inline_featured_image":false,"footnotes":""},"class_list":["post-21178","page","type-page","status-publish","has-post-thumbnail","hentry"],"acf":[],"aioseo_notices":[],"featured_image_src":"https:\/\/www.bio-key.com\/wp-content\/uploads\/2018\/08\/banner-investors.jpg?wsr","_links":{"self":[{"href":"https:\/\/www.bio-key.com\/es\/wp-json\/wp\/v2\/pages\/21178","targetHints":{"allow":["GET"]}}],"collection":[{"href":"https:\/\/www.bio-key.com\/es\/wp-json\/wp\/v2\/pages"}],"about":[{"href":"https:\/\/www.bio-key.com\/es\/wp-json\/wp\/v2\/types\/page"}],"author":[{"embeddable":true,"href":"https:\/\/www.bio-key.com\/es\/wp-json\/wp\/v2\/users\/14"}],"replies":[{"embeddable":true,"href":"https:\/\/www.bio-key.com\/es\/wp-json\/wp\/v2\/comments?post=21178"}],"version-history":[{"count":0,"href":"https:\/\/www.bio-key.com\/es\/wp-json\/wp\/v2\/pages\/21178\/revisions"}],"wp:featuredmedia":[{"embeddable":true,"href":"https:\/\/www.bio-key.com\/es\/wp-json\/wp\/v2\/media\/14857"}],"wp:attachment":[{"href":"https:\/\/www.bio-key.com\/es\/wp-json\/wp\/v2\/media?parent=21178"}],"curies":[{"name":"wp","href":"https:\/\/api.w.org\/{rel}","templated":true}]}}